{"id":2084,"date":"2025-12-04T11:03:44","date_gmt":"2025-12-04T14:03:44","guid":{"rendered":"https:\/\/dermaklinic.cl\/?post_type=product&#038;p=2084"},"modified":"2025-12-04T11:05:05","modified_gmt":"2025-12-04T14:05:05","slug":"skin-recovery-sin-color","status":"publish","type":"product","link":"https:\/\/dermaklinic.cl\/shop\/producto\/skin-recovery-sin-color\/","title":{"rendered":"Elta MD Skin Recovery sin color"},"content":{"rendered":"<p>El protector solar facial EltaMD UV Skin Recovery FPS 50 est\u00e1 dise\u00f1ado para proteger, recuperar y fortalecer la piel, incluso la m\u00e1s sensible y propensa a la ros\u00e1cea. Su f\u00f3rmula combina ingredientes suaves y efectivos que han sido probados por dermat\u00f3logos para calmar la piel da\u00f1ada tras procedimientos dermatol\u00f3gicos.<\/p>\n<p>Ideal para quienes buscan un cuidado avanzado que ofrece protecci\u00f3n contra los rayos UV mientras ayuda a restaurar la salud cut\u00e1nea.<\/p>\n<p>Caracter\u00edsticas t\u00e9cnicas clave: &#8211; FPS 50 para alta protecci\u00f3n contra rayos UV &#8211; F\u00f3rmula dermatol\u00f3gicamente probada para piel sensible y con ros\u00e1cea &#8211; Contenido de 57 g, adecuado para uso facial diario &#8211; Ayuda a calmar y recuperar la piel despu\u00e9s de tratamientos dermatol\u00f3gicos<\/p>\n","protected":false},"excerpt":{"rendered":"<p>El protector solar facial EltaMD UV Skin Recovery FPS 50 est\u00e1 dise\u00f1ado para proteger, recuperar y fortalecer la piel, incluso la m\u00e1s sensible y propensa a la ros\u00e1cea. Su f\u00f3rmula combina ingredientes suaves y efectivos que han sido probados por dermat\u00f3logos para calmar la piel da\u00f1ada tras procedimientos dermatol\u00f3gicos. Ideal para quienes buscan un cuidado [&hellip;]<\/p>\n","protected":false},"featured_media":2085,"comment_status":"open","ping_status":"closed","template":"","meta":[],"product_brand":[95],"product_cat":[128],"product_tag":[],"class_list":{"0":"post-2084","1":"product","2":"type-product","3":"status-publish","4":"has-post-thumbnail","6":"product_brand-elta-md","7":"product_cat-protector-solar","9":"first","10":"instock","11":"taxable","12":"shipping-taxable","13":"purchasable","14":"product-type-simple"},"yoast_head":"<!-- This site is optimized with the Yoast SEO plugin v25.6 - https:\/\/yoast.com\/wordpress\/plugins\/seo\/ -->\n<title>Elta MD Skin Recovery sin color - Dermaklinic<\/title>\n<meta name=\"robots\" content=\"index, follow, max-snippet:-1, max-image-preview:large, max-video-preview:-1\" \/>\n<link rel=\"canonical\" href=\"https:\/\/dermaklinic.cl\/shop\/producto\/skin-recovery-sin-color\/\" \/>\n<meta property=\"og:locale\" content=\"es_ES\" \/>\n<meta property=\"og:type\" content=\"article\" \/>\n<meta property=\"og:title\" content=\"Elta MD Skin Recovery sin color - Dermaklinic\" \/>\n<meta property=\"og:description\" content=\"El protector solar facial EltaMD UV Skin Recovery FPS 50 est\u00e1 dise\u00f1ado para proteger, recuperar y fortalecer la piel, incluso la m\u00e1s sensible y propensa a la ros\u00e1cea. Su f\u00f3rmula combina ingredientes suaves y efectivos que han sido probados por dermat\u00f3logos para calmar la piel da\u00f1ada tras procedimientos dermatol\u00f3gicos. Ideal para quienes buscan un cuidado [&hellip;]\" \/>\n<meta property=\"og:url\" content=\"https:\/\/dermaklinic.cl\/shop\/producto\/skin-recovery-sin-color\/\" \/>\n<meta property=\"og:site_name\" content=\"Dermaklinic\" \/>\n<meta property=\"article:modified_time\" content=\"2025-12-04T14:05:05+00:00\" \/>\n<meta property=\"og:image\" content=\"https:\/\/dermaklinic.cl\/shop\/wp-content\/uploads\/2025\/12\/UV_Skin_Recovery_Untinted_211004A_with_2seal_540x.webp\" \/>\n\t<meta property=\"og:image:width\" content=\"540\" \/>\n\t<meta property=\"og:image:height\" content=\"540\" \/>\n\t<meta property=\"og:image:type\" content=\"image\/webp\" \/>\n<meta name=\"twitter:card\" content=\"summary_large_image\" \/>\n<meta name=\"twitter:label1\" content=\"Tiempo de lectura\" \/>\n\t<meta name=\"twitter:data1\" content=\"1 minuto\" \/>\n<script type=\"application\/ld+json\" class=\"yoast-schema-graph\">{\"@context\":\"https:\/\/schema.org\",\"@graph\":[{\"@type\":\"WebPage\",\"@id\":\"https:\/\/dermaklinic.cl\/shop\/producto\/skin-recovery-sin-color\/\",\"url\":\"https:\/\/dermaklinic.cl\/shop\/producto\/skin-recovery-sin-color\/\",\"name\":\"Elta MD Skin Recovery sin color - Dermaklinic\",\"isPartOf\":{\"@id\":\"https:\/\/dermaklinic.cl\/shop\/#website\"},\"primaryImageOfPage\":{\"@id\":\"https:\/\/dermaklinic.cl\/shop\/producto\/skin-recovery-sin-color\/#primaryimage\"},\"image\":{\"@id\":\"https:\/\/dermaklinic.cl\/shop\/producto\/skin-recovery-sin-color\/#primaryimage\"},\"thumbnailUrl\":\"https:\/\/dermaklinic.cl\/shop\/wp-content\/uploads\/2025\/12\/UV_Skin_Recovery_Untinted_211004A_with_2seal_540x.webp\",\"datePublished\":\"2025-12-04T14:03:44+00:00\",\"dateModified\":\"2025-12-04T14:05:05+00:00\",\"breadcrumb\":{\"@id\":\"https:\/\/dermaklinic.cl\/shop\/producto\/skin-recovery-sin-color\/#breadcrumb\"},\"inLanguage\":\"es\",\"potentialAction\":[{\"@type\":\"ReadAction\",\"target\":[\"https:\/\/dermaklinic.cl\/shop\/producto\/skin-recovery-sin-color\/\"]}]},{\"@type\":\"ImageObject\",\"inLanguage\":\"es\",\"@id\":\"https:\/\/dermaklinic.cl\/shop\/producto\/skin-recovery-sin-color\/#primaryimage\",\"url\":\"https:\/\/dermaklinic.cl\/shop\/wp-content\/uploads\/2025\/12\/UV_Skin_Recovery_Untinted_211004A_with_2seal_540x.webp\",\"contentUrl\":\"https:\/\/dermaklinic.cl\/shop\/wp-content\/uploads\/2025\/12\/UV_Skin_Recovery_Untinted_211004A_with_2seal_540x.webp\",\"width\":540,\"height\":540},{\"@type\":\"BreadcrumbList\",\"@id\":\"https:\/\/dermaklinic.cl\/shop\/producto\/skin-recovery-sin-color\/#breadcrumb\",\"itemListElement\":[{\"@type\":\"ListItem\",\"position\":1,\"name\":\"Inicio\",\"item\":\"https:\/\/dermaklinic.cl\/shop\/\"},{\"@type\":\"ListItem\",\"position\":2,\"name\":\"Tienda\",\"item\":\"https:\/\/dermaklinic.cl\/shop\/tienda\/\"},{\"@type\":\"ListItem\",\"position\":3,\"name\":\"Elta MD Skin Recovery sin color\"}]},{\"@type\":\"WebSite\",\"@id\":\"https:\/\/dermaklinic.cl\/shop\/#website\",\"url\":\"https:\/\/dermaklinic.cl\/shop\/\",\"name\":\"Dermaklinic\",\"description\":\"\",\"potentialAction\":[{\"@type\":\"SearchAction\",\"target\":{\"@type\":\"EntryPoint\",\"urlTemplate\":\"https:\/\/dermaklinic.cl\/shop\/?s={search_term_string}\"},\"query-input\":{\"@type\":\"PropertyValueSpecification\",\"valueRequired\":true,\"valueName\":\"search_term_string\"}}],\"inLanguage\":\"es\"}]}<\/script>\n<!-- \/ Yoast SEO plugin. -->","yoast_head_json":{"title":"Elta MD Skin Recovery sin color - Dermaklinic","robots":{"index":"index","follow":"follow","max-snippet":"max-snippet:-1","max-image-preview":"max-image-preview:large","max-video-preview":"max-video-preview:-1"},"canonical":"https:\/\/dermaklinic.cl\/shop\/producto\/skin-recovery-sin-color\/","og_locale":"es_ES","og_type":"article","og_title":"Elta MD Skin Recovery sin color - Dermaklinic","og_description":"El protector solar facial EltaMD UV Skin Recovery FPS 50 est\u00e1 dise\u00f1ado para proteger, recuperar y fortalecer la piel, incluso la m\u00e1s sensible y propensa a la ros\u00e1cea. Su f\u00f3rmula combina ingredientes suaves y efectivos que han sido probados por dermat\u00f3logos para calmar la piel da\u00f1ada tras procedimientos dermatol\u00f3gicos. Ideal para quienes buscan un cuidado [&hellip;]","og_url":"https:\/\/dermaklinic.cl\/shop\/producto\/skin-recovery-sin-color\/","og_site_name":"Dermaklinic","article_modified_time":"2025-12-04T14:05:05+00:00","og_image":[{"width":540,"height":540,"url":"https:\/\/dermaklinic.cl\/shop\/wp-content\/uploads\/2025\/12\/UV_Skin_Recovery_Untinted_211004A_with_2seal_540x.webp","type":"image\/webp"}],"twitter_card":"summary_large_image","twitter_misc":{"Tiempo de lectura":"1 minuto"},"schema":{"@context":"https:\/\/schema.org","@graph":[{"@type":"WebPage","@id":"https:\/\/dermaklinic.cl\/shop\/producto\/skin-recovery-sin-color\/","url":"https:\/\/dermaklinic.cl\/shop\/producto\/skin-recovery-sin-color\/","name":"Elta MD Skin Recovery sin color - Dermaklinic","isPartOf":{"@id":"https:\/\/dermaklinic.cl\/shop\/#website"},"primaryImageOfPage":{"@id":"https:\/\/dermaklinic.cl\/shop\/producto\/skin-recovery-sin-color\/#primaryimage"},"image":{"@id":"https:\/\/dermaklinic.cl\/shop\/producto\/skin-recovery-sin-color\/#primaryimage"},"thumbnailUrl":"https:\/\/dermaklinic.cl\/shop\/wp-content\/uploads\/2025\/12\/UV_Skin_Recovery_Untinted_211004A_with_2seal_540x.webp","datePublished":"2025-12-04T14:03:44+00:00","dateModified":"2025-12-04T14:05:05+00:00","breadcrumb":{"@id":"https:\/\/dermaklinic.cl\/shop\/producto\/skin-recovery-sin-color\/#breadcrumb"},"inLanguage":"es","potentialAction":[{"@type":"ReadAction","target":["https:\/\/dermaklinic.cl\/shop\/producto\/skin-recovery-sin-color\/"]}]},{"@type":"ImageObject","inLanguage":"es","@id":"https:\/\/dermaklinic.cl\/shop\/producto\/skin-recovery-sin-color\/#primaryimage","url":"https:\/\/dermaklinic.cl\/shop\/wp-content\/uploads\/2025\/12\/UV_Skin_Recovery_Untinted_211004A_with_2seal_540x.webp","contentUrl":"https:\/\/dermaklinic.cl\/shop\/wp-content\/uploads\/2025\/12\/UV_Skin_Recovery_Untinted_211004A_with_2seal_540x.webp","width":540,"height":540},{"@type":"BreadcrumbList","@id":"https:\/\/dermaklinic.cl\/shop\/producto\/skin-recovery-sin-color\/#breadcrumb","itemListElement":[{"@type":"ListItem","position":1,"name":"Inicio","item":"https:\/\/dermaklinic.cl\/shop\/"},{"@type":"ListItem","position":2,"name":"Tienda","item":"https:\/\/dermaklinic.cl\/shop\/tienda\/"},{"@type":"ListItem","position":3,"name":"Elta MD Skin Recovery sin color"}]},{"@type":"WebSite","@id":"https:\/\/dermaklinic.cl\/shop\/#website","url":"https:\/\/dermaklinic.cl\/shop\/","name":"Dermaklinic","description":"","potentialAction":[{"@type":"SearchAction","target":{"@type":"EntryPoint","urlTemplate":"https:\/\/dermaklinic.cl\/shop\/?s={search_term_string}"},"query-input":{"@type":"PropertyValueSpecification","valueRequired":true,"valueName":"search_term_string"}}],"inLanguage":"es"}]}},"_links":{"self":[{"href":"https:\/\/dermaklinic.cl\/shop\/wp-json\/wp\/v2\/product\/2084","targetHints":{"allow":["GET"]}}],"collection":[{"href":"https:\/\/dermaklinic.cl\/shop\/wp-json\/wp\/v2\/product"}],"about":[{"href":"https:\/\/dermaklinic.cl\/shop\/wp-json\/wp\/v2\/types\/product"}],"replies":[{"embeddable":true,"href":"https:\/\/dermaklinic.cl\/shop\/wp-json\/wp\/v2\/comments?post=2084"}],"version-history":[{"count":2,"href":"https:\/\/dermaklinic.cl\/shop\/wp-json\/wp\/v2\/product\/2084\/revisions"}],"predecessor-version":[{"id":2089,"href":"https:\/\/dermaklinic.cl\/shop\/wp-json\/wp\/v2\/product\/2084\/revisions\/2089"}],"wp:featuredmedia":[{"embeddable":true,"href":"https:\/\/dermaklinic.cl\/shop\/wp-json\/wp\/v2\/media\/2085"}],"wp:attachment":[{"href":"https:\/\/dermaklinic.cl\/shop\/wp-json\/wp\/v2\/media?parent=2084"}],"wp:term":[{"taxonomy":"product_brand","embeddable":true,"href":"https:\/\/dermaklinic.cl\/shop\/wp-json\/wp\/v2\/product_brand?post=2084"},{"taxonomy":"product_cat","embeddable":true,"href":"https:\/\/dermaklinic.cl\/shop\/wp-json\/wp\/v2\/product_cat?post=2084"},{"taxonomy":"product_tag","embeddable":true,"href":"https:\/\/dermaklinic.cl\/shop\/wp-json\/wp\/v2\/product_tag?post=2084"}],"curies":[{"name":"wp","href":"https:\/\/api.w.org\/{rel}","templated":true}]}}