{"id":2032,"date":"2025-10-07T09:54:06","date_gmt":"2025-10-07T12:54:06","guid":{"rendered":"https:\/\/dermaklinic.cl\/?post_type=product&#038;p=2032"},"modified":"2025-12-03T10:58:10","modified_gmt":"2025-12-03T13:58:10","slug":"skin-glow-glycolic","status":"publish","type":"product","link":"https:\/\/dermaklinic.cl\/shop\/producto\/skin-glow-glycolic\/","title":{"rendered":"Skin Glow [Glycolic]"},"content":{"rendered":"<p>Gel alisador iluminador de uso nocturno con 8% de \u00e1cido glic\u00f3lico por su acci\u00f3n renovadora devuelve la luz a la piel apagada. Ilumina de forma inmediata, hidrata en profundidad, unifica el tono y reafirma la piel.<\/p>\n<p>Es para aquellas pieles sensibles que quieran utilizar \u00c1cido Glic\u00f3lico para renovar y mejorar la luminosidad de la piel, sin temor a irritar su piel. Skin Glow [Glycolic] tiene una muy alta tolerancia para pieles sensibles.<\/p>\n<div class=\"prose order-7 mb-4 mt-4 px-2 text-xs font-light text-black md:px-0 md:text-sm\">\n<p>Apto para todo tipo de pieles incluso las m\u00e1s sensibles.<\/p>\n<\/div>\n<div class=\"prose order-12 mb-4 mt-10 px-2 text-sm font-light text-black marker:text-black md:px-0\">\n<p>Beneficios<\/p>\n<ul>\n<li>+14% Piel m\u00e1s renovada 28 d\u00edas<\/li>\n<li>+15% luminosidad inmediata<\/li>\n<li>+75% Hidrataci\u00f3n 28 d\u00edas<\/li>\n<li>43% S\u00edntesis de col\u00e1geno en 48 horas<\/li>\n<li>+16% Piel m\u00e1s unificada en 28 d\u00edas<\/li>\n<\/ul>\n<\/div>\n","protected":false},"excerpt":{"rendered":"<p>Gel alisador iluminador de uso nocturno con 8% de \u00e1cido glic\u00f3lico por su acci\u00f3n renovadora devuelve la luz a la piel apagada. Ilumina de forma inmediata, hidrata en profundidad, unifica el tono y reafirma la piel. Es para aquellas pieles sensibles que quieran utilizar \u00c1cido Glic\u00f3lico para renovar y mejorar la luminosidad de la piel, [&hellip;]<\/p>\n","protected":false},"featured_media":2033,"comment_status":"open","ping_status":"closed","template":"","meta":[],"product_brand":[98],"product_cat":[171,155],"product_tag":[],"class_list":{"0":"post-2032","1":"product","2":"type-product","3":"status-publish","4":"has-post-thumbnail","6":"product_brand-sensilis","7":"product_cat-acido-glicolico","8":"product_cat-noche","10":"first","11":"instock","12":"taxable","13":"shipping-taxable","14":"purchasable","15":"product-type-simple"},"yoast_head":"<!-- This site is optimized with the Yoast SEO plugin v25.6 - https:\/\/yoast.com\/wordpress\/plugins\/seo\/ -->\n<title>Skin Glow [Glycolic] - Dermaklinic<\/title>\n<meta name=\"robots\" content=\"index, follow, max-snippet:-1, max-image-preview:large, max-video-preview:-1\" \/>\n<link rel=\"canonical\" href=\"https:\/\/dermaklinic.cl\/shop\/producto\/skin-glow-glycolic\/\" \/>\n<meta property=\"og:locale\" content=\"es_ES\" \/>\n<meta property=\"og:type\" content=\"article\" \/>\n<meta property=\"og:title\" content=\"Skin Glow [Glycolic] - Dermaklinic\" \/>\n<meta property=\"og:description\" content=\"Gel alisador iluminador de uso nocturno con 8% de \u00e1cido glic\u00f3lico por su acci\u00f3n renovadora devuelve la luz a la piel apagada. Ilumina de forma inmediata, hidrata en profundidad, unifica el tono y reafirma la piel. Es para aquellas pieles sensibles que quieran utilizar \u00c1cido Glic\u00f3lico para renovar y mejorar la luminosidad de la piel, [&hellip;]\" \/>\n<meta property=\"og:url\" content=\"https:\/\/dermaklinic.cl\/shop\/producto\/skin-glow-glycolic\/\" \/>\n<meta property=\"og:site_name\" content=\"Dermaklinic\" \/>\n<meta property=\"article:modified_time\" content=\"2025-12-03T13:58:10+00:00\" \/>\n<meta property=\"og:image\" content=\"https:\/\/dermaklinic.cl\/shop\/wp-content\/uploads\/2025\/10\/GLOWGLYCOLIC_PDR.webp\" \/>\n\t<meta property=\"og:image:width\" content=\"1124\" \/>\n\t<meta property=\"og:image:height\" content=\"1416\" \/>\n\t<meta property=\"og:image:type\" content=\"image\/webp\" \/>\n<meta name=\"twitter:card\" content=\"summary_large_image\" \/>\n<meta name=\"twitter:label1\" content=\"Tiempo de lectura\" \/>\n\t<meta name=\"twitter:data1\" content=\"1 minuto\" \/>\n<script type=\"application\/ld+json\" class=\"yoast-schema-graph\">{\"@context\":\"https:\/\/schema.org\",\"@graph\":[{\"@type\":\"WebPage\",\"@id\":\"https:\/\/dermaklinic.cl\/shop\/producto\/skin-glow-glycolic\/\",\"url\":\"https:\/\/dermaklinic.cl\/shop\/producto\/skin-glow-glycolic\/\",\"name\":\"Skin Glow [Glycolic] - Dermaklinic\",\"isPartOf\":{\"@id\":\"https:\/\/dermaklinic.cl\/shop\/#website\"},\"primaryImageOfPage\":{\"@id\":\"https:\/\/dermaklinic.cl\/shop\/producto\/skin-glow-glycolic\/#primaryimage\"},\"image\":{\"@id\":\"https:\/\/dermaklinic.cl\/shop\/producto\/skin-glow-glycolic\/#primaryimage\"},\"thumbnailUrl\":\"https:\/\/dermaklinic.cl\/shop\/wp-content\/uploads\/2025\/10\/GLOWGLYCOLIC_PDR.webp\",\"datePublished\":\"2025-10-07T12:54:06+00:00\",\"dateModified\":\"2025-12-03T13:58:10+00:00\",\"breadcrumb\":{\"@id\":\"https:\/\/dermaklinic.cl\/shop\/producto\/skin-glow-glycolic\/#breadcrumb\"},\"inLanguage\":\"es\",\"potentialAction\":[{\"@type\":\"ReadAction\",\"target\":[\"https:\/\/dermaklinic.cl\/shop\/producto\/skin-glow-glycolic\/\"]}]},{\"@type\":\"ImageObject\",\"inLanguage\":\"es\",\"@id\":\"https:\/\/dermaklinic.cl\/shop\/producto\/skin-glow-glycolic\/#primaryimage\",\"url\":\"https:\/\/dermaklinic.cl\/shop\/wp-content\/uploads\/2025\/10\/GLOWGLYCOLIC_PDR.webp\",\"contentUrl\":\"https:\/\/dermaklinic.cl\/shop\/wp-content\/uploads\/2025\/10\/GLOWGLYCOLIC_PDR.webp\",\"width\":1124,\"height\":1416},{\"@type\":\"BreadcrumbList\",\"@id\":\"https:\/\/dermaklinic.cl\/shop\/producto\/skin-glow-glycolic\/#breadcrumb\",\"itemListElement\":[{\"@type\":\"ListItem\",\"position\":1,\"name\":\"Inicio\",\"item\":\"https:\/\/dermaklinic.cl\/shop\/\"},{\"@type\":\"ListItem\",\"position\":2,\"name\":\"Tienda\",\"item\":\"https:\/\/dermaklinic.cl\/shop\/tienda\/\"},{\"@type\":\"ListItem\",\"position\":3,\"name\":\"Skin Glow [Glycolic]\"}]},{\"@type\":\"WebSite\",\"@id\":\"https:\/\/dermaklinic.cl\/shop\/#website\",\"url\":\"https:\/\/dermaklinic.cl\/shop\/\",\"name\":\"Dermaklinic\",\"description\":\"\",\"potentialAction\":[{\"@type\":\"SearchAction\",\"target\":{\"@type\":\"EntryPoint\",\"urlTemplate\":\"https:\/\/dermaklinic.cl\/shop\/?s={search_term_string}\"},\"query-input\":{\"@type\":\"PropertyValueSpecification\",\"valueRequired\":true,\"valueName\":\"search_term_string\"}}],\"inLanguage\":\"es\"}]}<\/script>\n<!-- \/ Yoast SEO plugin. -->","yoast_head_json":{"title":"Skin Glow [Glycolic] - Dermaklinic","robots":{"index":"index","follow":"follow","max-snippet":"max-snippet:-1","max-image-preview":"max-image-preview:large","max-video-preview":"max-video-preview:-1"},"canonical":"https:\/\/dermaklinic.cl\/shop\/producto\/skin-glow-glycolic\/","og_locale":"es_ES","og_type":"article","og_title":"Skin Glow [Glycolic] - Dermaklinic","og_description":"Gel alisador iluminador de uso nocturno con 8% de \u00e1cido glic\u00f3lico por su acci\u00f3n renovadora devuelve la luz a la piel apagada. Ilumina de forma inmediata, hidrata en profundidad, unifica el tono y reafirma la piel. Es para aquellas pieles sensibles que quieran utilizar \u00c1cido Glic\u00f3lico para renovar y mejorar la luminosidad de la piel, [&hellip;]","og_url":"https:\/\/dermaklinic.cl\/shop\/producto\/skin-glow-glycolic\/","og_site_name":"Dermaklinic","article_modified_time":"2025-12-03T13:58:10+00:00","og_image":[{"width":1124,"height":1416,"url":"https:\/\/dermaklinic.cl\/shop\/wp-content\/uploads\/2025\/10\/GLOWGLYCOLIC_PDR.webp","type":"image\/webp"}],"twitter_card":"summary_large_image","twitter_misc":{"Tiempo de lectura":"1 minuto"},"schema":{"@context":"https:\/\/schema.org","@graph":[{"@type":"WebPage","@id":"https:\/\/dermaklinic.cl\/shop\/producto\/skin-glow-glycolic\/","url":"https:\/\/dermaklinic.cl\/shop\/producto\/skin-glow-glycolic\/","name":"Skin Glow [Glycolic] - Dermaklinic","isPartOf":{"@id":"https:\/\/dermaklinic.cl\/shop\/#website"},"primaryImageOfPage":{"@id":"https:\/\/dermaklinic.cl\/shop\/producto\/skin-glow-glycolic\/#primaryimage"},"image":{"@id":"https:\/\/dermaklinic.cl\/shop\/producto\/skin-glow-glycolic\/#primaryimage"},"thumbnailUrl":"https:\/\/dermaklinic.cl\/shop\/wp-content\/uploads\/2025\/10\/GLOWGLYCOLIC_PDR.webp","datePublished":"2025-10-07T12:54:06+00:00","dateModified":"2025-12-03T13:58:10+00:00","breadcrumb":{"@id":"https:\/\/dermaklinic.cl\/shop\/producto\/skin-glow-glycolic\/#breadcrumb"},"inLanguage":"es","potentialAction":[{"@type":"ReadAction","target":["https:\/\/dermaklinic.cl\/shop\/producto\/skin-glow-glycolic\/"]}]},{"@type":"ImageObject","inLanguage":"es","@id":"https:\/\/dermaklinic.cl\/shop\/producto\/skin-glow-glycolic\/#primaryimage","url":"https:\/\/dermaklinic.cl\/shop\/wp-content\/uploads\/2025\/10\/GLOWGLYCOLIC_PDR.webp","contentUrl":"https:\/\/dermaklinic.cl\/shop\/wp-content\/uploads\/2025\/10\/GLOWGLYCOLIC_PDR.webp","width":1124,"height":1416},{"@type":"BreadcrumbList","@id":"https:\/\/dermaklinic.cl\/shop\/producto\/skin-glow-glycolic\/#breadcrumb","itemListElement":[{"@type":"ListItem","position":1,"name":"Inicio","item":"https:\/\/dermaklinic.cl\/shop\/"},{"@type":"ListItem","position":2,"name":"Tienda","item":"https:\/\/dermaklinic.cl\/shop\/tienda\/"},{"@type":"ListItem","position":3,"name":"Skin Glow [Glycolic]"}]},{"@type":"WebSite","@id":"https:\/\/dermaklinic.cl\/shop\/#website","url":"https:\/\/dermaklinic.cl\/shop\/","name":"Dermaklinic","description":"","potentialAction":[{"@type":"SearchAction","target":{"@type":"EntryPoint","urlTemplate":"https:\/\/dermaklinic.cl\/shop\/?s={search_term_string}"},"query-input":{"@type":"PropertyValueSpecification","valueRequired":true,"valueName":"search_term_string"}}],"inLanguage":"es"}]}},"_links":{"self":[{"href":"https:\/\/dermaklinic.cl\/shop\/wp-json\/wp\/v2\/product\/2032","targetHints":{"allow":["GET"]}}],"collection":[{"href":"https:\/\/dermaklinic.cl\/shop\/wp-json\/wp\/v2\/product"}],"about":[{"href":"https:\/\/dermaklinic.cl\/shop\/wp-json\/wp\/v2\/types\/product"}],"replies":[{"embeddable":true,"href":"https:\/\/dermaklinic.cl\/shop\/wp-json\/wp\/v2\/comments?post=2032"}],"version-history":[{"count":3,"href":"https:\/\/dermaklinic.cl\/shop\/wp-json\/wp\/v2\/product\/2032\/revisions"}],"predecessor-version":[{"id":2075,"href":"https:\/\/dermaklinic.cl\/shop\/wp-json\/wp\/v2\/product\/2032\/revisions\/2075"}],"wp:featuredmedia":[{"embeddable":true,"href":"https:\/\/dermaklinic.cl\/shop\/wp-json\/wp\/v2\/media\/2033"}],"wp:attachment":[{"href":"https:\/\/dermaklinic.cl\/shop\/wp-json\/wp\/v2\/media?parent=2032"}],"wp:term":[{"taxonomy":"product_brand","embeddable":true,"href":"https:\/\/dermaklinic.cl\/shop\/wp-json\/wp\/v2\/product_brand?post=2032"},{"taxonomy":"product_cat","embeddable":true,"href":"https:\/\/dermaklinic.cl\/shop\/wp-json\/wp\/v2\/product_cat?post=2032"},{"taxonomy":"product_tag","embeddable":true,"href":"https:\/\/dermaklinic.cl\/shop\/wp-json\/wp\/v2\/product_tag?post=2032"}],"curies":[{"name":"wp","href":"https:\/\/api.w.org\/{rel}","templated":true}]}}