{"id":2026,"date":"2025-10-07T09:43:09","date_gmt":"2025-10-07T12:43:09","guid":{"rendered":"https:\/\/dermaklinic.cl\/?post_type=product&#038;p=2026"},"modified":"2025-12-03T11:05:23","modified_gmt":"2025-12-03T14:05:23","slug":"skin-glow-serum-vitamina-c","status":"publish","type":"product","link":"https:\/\/dermaklinic.cl\/shop\/producto\/skin-glow-serum-vitamina-c\/","title":{"rendered":"Skin Glow Serum Beyond-C"},"content":{"rendered":"<div class=\"prose order-7 mb-4 mt-4 px-2 text-xs font-light text-black md:px-0 md:text-sm\">\n<div class=\"prose order-7 mb-4 mt-4 px-2 text-xs font-light text-black md:px-0 md:text-sm\">\n<p>S\u00e9rum de textura ultraligera que reactiva la luminosidad de la piel cansada, estresada o fatigada. Aumenta la vitalidad celular, ilumina e hidrata de forma inmediata y a largo plazo, mientras estimula la s\u00edntesis de col\u00e1geno para prevenir el envejecimiento prematuro.<\/p>\n<\/div>\n<div class=\"prose order-12 mb-4 mt-10 px-2 text-sm font-light text-black marker:text-black md:px-0\">\n<p>Beneficios<\/p>\n<ul>\n<li><strong>+174% piel m\u00e1s revitalizada<\/strong><\/li>\n<li><strong>+78% s\u00edntesis de col\u00e1geno<\/strong><\/li>\n<li><strong>+11% luminosidad<\/strong>\u00a0inmediata<\/li>\n<li><strong>+36% hidrataci\u00f3n<\/strong>\u00a0inmediata<\/li>\n<li><strong>Actividad antioxidante<\/strong>\u00a0demostrada<\/li>\n<li><strong>Actividad antipoluci\u00f3n\u00a0<\/strong>demostrada<\/li>\n<\/ul>\n<\/div>\n<p>Es para ti si tienes la piel cansada, estresada o fatigada o simplemente est\u00e1s buscando una mejor versi\u00f3n de tu piel. Tambi\u00e9n es ideal para pieles con falta de luminosidad e hidrataci\u00f3n y con signos de envejecimiento prematuro.<\/p>\n<\/div>\n<div class=\"prose order-12 mb-4 mt-10 px-2 text-sm font-light text-black marker:text-black md:px-0\">\n<p>&nbsp;<\/p>\n<\/div>\n","protected":false},"excerpt":{"rendered":"<p>S\u00e9rum de textura ultraligera que reactiva la luminosidad de la piel cansada, estresada o fatigada. Aumenta la vitalidad celular, ilumina e hidrata de forma inmediata y a largo plazo, mientras estimula la s\u00edntesis de col\u00e1geno para prevenir el envejecimiento prematuro. Beneficios +174% piel m\u00e1s revitalizada +78% s\u00edntesis de col\u00e1geno +11% luminosidad\u00a0inmediata +36% hidrataci\u00f3n\u00a0inmediata Actividad antioxidante\u00a0demostrada [&hellip;]<\/p>\n","protected":false},"featured_media":2028,"comment_status":"open","ping_status":"closed","template":"","meta":[],"product_brand":[98],"product_cat":[124],"product_tag":[],"class_list":{"0":"post-2026","1":"product","2":"type-product","3":"status-publish","4":"has-post-thumbnail","6":"product_brand-sensilis","7":"product_cat-serum","9":"first","10":"instock","11":"sale","12":"taxable","13":"shipping-taxable","14":"purchasable","15":"product-type-simple"},"yoast_head":"<!-- This site is optimized with the Yoast SEO plugin v25.6 - https:\/\/yoast.com\/wordpress\/plugins\/seo\/ -->\n<title>Skin Glow Serum Beyond-C - Dermaklinic<\/title>\n<meta name=\"robots\" content=\"index, follow, max-snippet:-1, max-image-preview:large, max-video-preview:-1\" \/>\n<link rel=\"canonical\" href=\"https:\/\/dermaklinic.cl\/shop\/producto\/skin-glow-serum-vitamina-c\/\" \/>\n<meta property=\"og:locale\" content=\"es_ES\" \/>\n<meta property=\"og:type\" content=\"article\" \/>\n<meta property=\"og:title\" content=\"Skin Glow Serum Beyond-C - Dermaklinic\" \/>\n<meta property=\"og:description\" content=\"S\u00e9rum de textura ultraligera que reactiva la luminosidad de la piel cansada, estresada o fatigada. Aumenta la vitalidad celular, ilumina e hidrata de forma inmediata y a largo plazo, mientras estimula la s\u00edntesis de col\u00e1geno para prevenir el envejecimiento prematuro. Beneficios +174% piel m\u00e1s revitalizada +78% s\u00edntesis de col\u00e1geno +11% luminosidad\u00a0inmediata +36% hidrataci\u00f3n\u00a0inmediata Actividad antioxidante\u00a0demostrada [&hellip;]\" \/>\n<meta property=\"og:url\" content=\"https:\/\/dermaklinic.cl\/shop\/producto\/skin-glow-serum-vitamina-c\/\" \/>\n<meta property=\"og:site_name\" content=\"Dermaklinic\" \/>\n<meta property=\"article:modified_time\" content=\"2025-12-03T14:05:23+00:00\" \/>\n<meta property=\"og:image\" content=\"https:\/\/dermaklinic.cl\/shop\/wp-content\/uploads\/2025\/10\/GLOWSERUM_PDR.webp\" \/>\n\t<meta property=\"og:image:width\" content=\"1124\" \/>\n\t<meta property=\"og:image:height\" content=\"1416\" \/>\n\t<meta property=\"og:image:type\" content=\"image\/webp\" \/>\n<meta name=\"twitter:card\" content=\"summary_large_image\" \/>\n<meta name=\"twitter:label1\" content=\"Tiempo de lectura\" \/>\n\t<meta name=\"twitter:data1\" content=\"1 minuto\" \/>\n<script type=\"application\/ld+json\" class=\"yoast-schema-graph\">{\"@context\":\"https:\/\/schema.org\",\"@graph\":[{\"@type\":\"WebPage\",\"@id\":\"https:\/\/dermaklinic.cl\/shop\/producto\/skin-glow-serum-vitamina-c\/\",\"url\":\"https:\/\/dermaklinic.cl\/shop\/producto\/skin-glow-serum-vitamina-c\/\",\"name\":\"Skin Glow Serum Beyond-C - Dermaklinic\",\"isPartOf\":{\"@id\":\"https:\/\/dermaklinic.cl\/shop\/#website\"},\"primaryImageOfPage\":{\"@id\":\"https:\/\/dermaklinic.cl\/shop\/producto\/skin-glow-serum-vitamina-c\/#primaryimage\"},\"image\":{\"@id\":\"https:\/\/dermaklinic.cl\/shop\/producto\/skin-glow-serum-vitamina-c\/#primaryimage\"},\"thumbnailUrl\":\"https:\/\/dermaklinic.cl\/shop\/wp-content\/uploads\/2025\/10\/GLOWSERUM_PDR.webp\",\"datePublished\":\"2025-10-07T12:43:09+00:00\",\"dateModified\":\"2025-12-03T14:05:23+00:00\",\"breadcrumb\":{\"@id\":\"https:\/\/dermaklinic.cl\/shop\/producto\/skin-glow-serum-vitamina-c\/#breadcrumb\"},\"inLanguage\":\"es\",\"potentialAction\":[{\"@type\":\"ReadAction\",\"target\":[\"https:\/\/dermaklinic.cl\/shop\/producto\/skin-glow-serum-vitamina-c\/\"]}]},{\"@type\":\"ImageObject\",\"inLanguage\":\"es\",\"@id\":\"https:\/\/dermaklinic.cl\/shop\/producto\/skin-glow-serum-vitamina-c\/#primaryimage\",\"url\":\"https:\/\/dermaklinic.cl\/shop\/wp-content\/uploads\/2025\/10\/GLOWSERUM_PDR.webp\",\"contentUrl\":\"https:\/\/dermaklinic.cl\/shop\/wp-content\/uploads\/2025\/10\/GLOWSERUM_PDR.webp\",\"width\":1124,\"height\":1416},{\"@type\":\"BreadcrumbList\",\"@id\":\"https:\/\/dermaklinic.cl\/shop\/producto\/skin-glow-serum-vitamina-c\/#breadcrumb\",\"itemListElement\":[{\"@type\":\"ListItem\",\"position\":1,\"name\":\"Inicio\",\"item\":\"https:\/\/dermaklinic.cl\/shop\/\"},{\"@type\":\"ListItem\",\"position\":2,\"name\":\"Tienda\",\"item\":\"https:\/\/dermaklinic.cl\/shop\/tienda\/\"},{\"@type\":\"ListItem\",\"position\":3,\"name\":\"Skin Glow Serum Beyond-C\"}]},{\"@type\":\"WebSite\",\"@id\":\"https:\/\/dermaklinic.cl\/shop\/#website\",\"url\":\"https:\/\/dermaklinic.cl\/shop\/\",\"name\":\"Dermaklinic\",\"description\":\"\",\"potentialAction\":[{\"@type\":\"SearchAction\",\"target\":{\"@type\":\"EntryPoint\",\"urlTemplate\":\"https:\/\/dermaklinic.cl\/shop\/?s={search_term_string}\"},\"query-input\":{\"@type\":\"PropertyValueSpecification\",\"valueRequired\":true,\"valueName\":\"search_term_string\"}}],\"inLanguage\":\"es\"}]}<\/script>\n<!-- \/ Yoast SEO plugin. -->","yoast_head_json":{"title":"Skin Glow Serum Beyond-C - Dermaklinic","robots":{"index":"index","follow":"follow","max-snippet":"max-snippet:-1","max-image-preview":"max-image-preview:large","max-video-preview":"max-video-preview:-1"},"canonical":"https:\/\/dermaklinic.cl\/shop\/producto\/skin-glow-serum-vitamina-c\/","og_locale":"es_ES","og_type":"article","og_title":"Skin Glow Serum Beyond-C - Dermaklinic","og_description":"S\u00e9rum de textura ultraligera que reactiva la luminosidad de la piel cansada, estresada o fatigada. Aumenta la vitalidad celular, ilumina e hidrata de forma inmediata y a largo plazo, mientras estimula la s\u00edntesis de col\u00e1geno para prevenir el envejecimiento prematuro. Beneficios +174% piel m\u00e1s revitalizada +78% s\u00edntesis de col\u00e1geno +11% luminosidad\u00a0inmediata +36% hidrataci\u00f3n\u00a0inmediata Actividad antioxidante\u00a0demostrada [&hellip;]","og_url":"https:\/\/dermaklinic.cl\/shop\/producto\/skin-glow-serum-vitamina-c\/","og_site_name":"Dermaklinic","article_modified_time":"2025-12-03T14:05:23+00:00","og_image":[{"width":1124,"height":1416,"url":"https:\/\/dermaklinic.cl\/shop\/wp-content\/uploads\/2025\/10\/GLOWSERUM_PDR.webp","type":"image\/webp"}],"twitter_card":"summary_large_image","twitter_misc":{"Tiempo de lectura":"1 minuto"},"schema":{"@context":"https:\/\/schema.org","@graph":[{"@type":"WebPage","@id":"https:\/\/dermaklinic.cl\/shop\/producto\/skin-glow-serum-vitamina-c\/","url":"https:\/\/dermaklinic.cl\/shop\/producto\/skin-glow-serum-vitamina-c\/","name":"Skin Glow Serum Beyond-C - Dermaklinic","isPartOf":{"@id":"https:\/\/dermaklinic.cl\/shop\/#website"},"primaryImageOfPage":{"@id":"https:\/\/dermaklinic.cl\/shop\/producto\/skin-glow-serum-vitamina-c\/#primaryimage"},"image":{"@id":"https:\/\/dermaklinic.cl\/shop\/producto\/skin-glow-serum-vitamina-c\/#primaryimage"},"thumbnailUrl":"https:\/\/dermaklinic.cl\/shop\/wp-content\/uploads\/2025\/10\/GLOWSERUM_PDR.webp","datePublished":"2025-10-07T12:43:09+00:00","dateModified":"2025-12-03T14:05:23+00:00","breadcrumb":{"@id":"https:\/\/dermaklinic.cl\/shop\/producto\/skin-glow-serum-vitamina-c\/#breadcrumb"},"inLanguage":"es","potentialAction":[{"@type":"ReadAction","target":["https:\/\/dermaklinic.cl\/shop\/producto\/skin-glow-serum-vitamina-c\/"]}]},{"@type":"ImageObject","inLanguage":"es","@id":"https:\/\/dermaklinic.cl\/shop\/producto\/skin-glow-serum-vitamina-c\/#primaryimage","url":"https:\/\/dermaklinic.cl\/shop\/wp-content\/uploads\/2025\/10\/GLOWSERUM_PDR.webp","contentUrl":"https:\/\/dermaklinic.cl\/shop\/wp-content\/uploads\/2025\/10\/GLOWSERUM_PDR.webp","width":1124,"height":1416},{"@type":"BreadcrumbList","@id":"https:\/\/dermaklinic.cl\/shop\/producto\/skin-glow-serum-vitamina-c\/#breadcrumb","itemListElement":[{"@type":"ListItem","position":1,"name":"Inicio","item":"https:\/\/dermaklinic.cl\/shop\/"},{"@type":"ListItem","position":2,"name":"Tienda","item":"https:\/\/dermaklinic.cl\/shop\/tienda\/"},{"@type":"ListItem","position":3,"name":"Skin Glow Serum Beyond-C"}]},{"@type":"WebSite","@id":"https:\/\/dermaklinic.cl\/shop\/#website","url":"https:\/\/dermaklinic.cl\/shop\/","name":"Dermaklinic","description":"","potentialAction":[{"@type":"SearchAction","target":{"@type":"EntryPoint","urlTemplate":"https:\/\/dermaklinic.cl\/shop\/?s={search_term_string}"},"query-input":{"@type":"PropertyValueSpecification","valueRequired":true,"valueName":"search_term_string"}}],"inLanguage":"es"}]}},"_links":{"self":[{"href":"https:\/\/dermaklinic.cl\/shop\/wp-json\/wp\/v2\/product\/2026","targetHints":{"allow":["GET"]}}],"collection":[{"href":"https:\/\/dermaklinic.cl\/shop\/wp-json\/wp\/v2\/product"}],"about":[{"href":"https:\/\/dermaklinic.cl\/shop\/wp-json\/wp\/v2\/types\/product"}],"replies":[{"embeddable":true,"href":"https:\/\/dermaklinic.cl\/shop\/wp-json\/wp\/v2\/comments?post=2026"}],"version-history":[{"count":7,"href":"https:\/\/dermaklinic.cl\/shop\/wp-json\/wp\/v2\/product\/2026\/revisions"}],"predecessor-version":[{"id":2076,"href":"https:\/\/dermaklinic.cl\/shop\/wp-json\/wp\/v2\/product\/2026\/revisions\/2076"}],"wp:featuredmedia":[{"embeddable":true,"href":"https:\/\/dermaklinic.cl\/shop\/wp-json\/wp\/v2\/media\/2028"}],"wp:attachment":[{"href":"https:\/\/dermaklinic.cl\/shop\/wp-json\/wp\/v2\/media?parent=2026"}],"wp:term":[{"taxonomy":"product_brand","embeddable":true,"href":"https:\/\/dermaklinic.cl\/shop\/wp-json\/wp\/v2\/product_brand?post=2026"},{"taxonomy":"product_cat","embeddable":true,"href":"https:\/\/dermaklinic.cl\/shop\/wp-json\/wp\/v2\/product_cat?post=2026"},{"taxonomy":"product_tag","embeddable":true,"href":"https:\/\/dermaklinic.cl\/shop\/wp-json\/wp\/v2\/product_tag?post=2026"}],"curies":[{"name":"wp","href":"https:\/\/api.w.org\/{rel}","templated":true}]}}