{"id":1724,"date":"2025-07-04T17:49:34","date_gmt":"2025-07-04T20:49:34","guid":{"rendered":"https:\/\/dermaklinic.cl\/producto\/photocorrection-spf50-dpigment\/"},"modified":"2025-12-03T11:07:26","modified_gmt":"2025-12-03T14:07:26","slug":"photocorrection-spf50-dpigment","status":"publish","type":"product","link":"https:\/\/dermaklinic.cl\/shop\/producto\/photocorrection-spf50-dpigment\/","title":{"rendered":"Photocorrection SPF50+ D-PIGMENT"},"content":{"rendered":"<div class=\"prose order-7 mb-4 mt-4 px-2 text-xs font-light text-black md:px-0 md:text-sm\">\n<p>Maquillaje en crema despigmentante con SPF 50+, que corrige manchas, disimula eficazmente las imperfecciones y protege de los rayos UVA y UVB. Con espejo y esponja aplicadora.<\/p>\n<\/div>\n<div class=\"order-9 flex min-h-[17px] items-center gap-1 px-2 md:px-0\">Beneficios<\/div>\n<div class=\"prose order-12 mb-4 mt-10 px-2 text-sm font-light text-black marker:text-black md:px-0\">\n<ul>\n<li><strong>Protecci\u00f3n UVA, UVB y luz azul<\/strong><\/li>\n<li><strong>Acci\u00f3n despigmentante<\/strong><\/li>\n<li><strong>Acci\u00f3n antioxidante<\/strong><\/li>\n<li><strong>+15%<\/strong>\u00a0<strong>hidrataci\u00f3n\u00a0<\/strong>en un mes<\/li>\n<li><strong>+17% elasticidad<\/strong>\u00a0en un mes<\/li>\n<\/ul>\n<p><strong>Est\u00e1 dirigido a pieles sensibles y con imperfecciones que necesitan protecci\u00f3n diaria frente a los rayos UVA y UVB. Perfecto para un protocolo de rutina minimalista: no solo protege sino que tiene activos hidratantes, antioxidantes y despigmentantes para una piel muy natural, sedosa y luminosa.<\/strong><\/p>\n<\/div>\n","protected":false},"excerpt":{"rendered":"<p>Maquillaje en crema despigmentante con SPF 50+, que corrige manchas, disimula eficazmente las imperfecciones y protege de los rayos UVA y UVB. Con espejo y esponja aplicadora. Beneficios: Protecci\u00f3n UVA, UVB y luz azul, Acci\u00f3n despigmentante, Acci\u00f3n antioxidante, +15% hidrataci\u00f3n en un mes, +17% elasticidad en un mes.<br \/>\nEst\u00e1 dirigido a pieles sensibles y con imperfecciones que necesitan protecci\u00f3n diaria frente a los rayos UVA y UVB. Perfecto para un protocolo de rutina minimalista: no solo protege sino que tiene activos hidratantes, antioxidantes y despigmentantes para una piel muy natural, sedosa y luminosa.<\/p>\n","protected":false},"featured_media":1598,"comment_status":"closed","ping_status":"closed","template":"","meta":[],"product_brand":[98],"product_cat":[144,154,143],"product_tag":[],"class_list":{"0":"post-1724","1":"product","2":"type-product","3":"status-publish","4":"has-post-thumbnail","6":"product_brand-sensilis","7":"product_cat-make-up","8":"product_cat-manana","9":"product_cat-maquillaje-medico","10":"pa_color-bronze","11":"pa_color-golden","12":"pa_color-natural-rose","13":"pa_fps-148","14":"pa_marca-sensilis","15":"pa_tipo-dermocosmetica","16":"pa_zona-de-aplicacion-rostro","18":"first","19":"instock","20":"purchasable","21":"product-type-variable"},"yoast_head":"<!-- This site is optimized with the Yoast SEO plugin v25.6 - https:\/\/yoast.com\/wordpress\/plugins\/seo\/ -->\n<title>Photocorrection SPF50+ D-PIGMENT - Dermaklinic<\/title>\n<meta name=\"robots\" content=\"index, follow, max-snippet:-1, max-image-preview:large, max-video-preview:-1\" \/>\n<link rel=\"canonical\" href=\"https:\/\/dermaklinic.cl\/shop\/producto\/photocorrection-spf50-dpigment\/\" \/>\n<meta property=\"og:locale\" content=\"es_ES\" \/>\n<meta property=\"og:type\" content=\"article\" \/>\n<meta property=\"og:title\" content=\"Photocorrection SPF50+ D-PIGMENT - Dermaklinic\" \/>\n<meta property=\"og:description\" content=\"Maquillaje en crema despigmentante con SPF 50+, que corrige manchas, disimula eficazmente las imperfecciones y protege de los rayos UVA y UVB. Con espejo y esponja aplicadora. Beneficios: Protecci\u00f3n UVA, UVB y luz azul, Acci\u00f3n despigmentante, Acci\u00f3n antioxidante, +15% hidrataci\u00f3n en un mes, +17% elasticidad en un mes. Est\u00e1 dirigido a pieles sensibles y con imperfecciones que necesitan protecci\u00f3n diaria frente a los rayos UVA y UVB. Perfecto para un protocolo de rutina minimalista: no solo protege sino que tiene activos hidratantes, antioxidantes y despigmentantes para una piel muy natural, sedosa y luminosa.\" \/>\n<meta property=\"og:url\" content=\"https:\/\/dermaklinic.cl\/shop\/producto\/photocorrection-spf50-dpigment\/\" \/>\n<meta property=\"og:site_name\" content=\"Dermaklinic\" \/>\n<meta property=\"article:modified_time\" content=\"2025-12-03T14:07:26+00:00\" \/>\n<meta property=\"og:image\" content=\"https:\/\/dermaklinic.cl\/shop\/wp-content\/uploads\/2025\/07\/PHOTOMAKEUP_PDR.png\" \/>\n\t<meta property=\"og:image:width\" content=\"1124\" \/>\n\t<meta property=\"og:image:height\" content=\"1416\" \/>\n\t<meta property=\"og:image:type\" content=\"image\/png\" \/>\n<meta name=\"twitter:card\" content=\"summary_large_image\" \/>\n<meta name=\"twitter:label1\" content=\"Tiempo de lectura\" \/>\n\t<meta name=\"twitter:data1\" content=\"1 minuto\" \/>\n<script type=\"application\/ld+json\" class=\"yoast-schema-graph\">{\"@context\":\"https:\/\/schema.org\",\"@graph\":[{\"@type\":\"WebPage\",\"@id\":\"https:\/\/dermaklinic.cl\/shop\/producto\/photocorrection-spf50-dpigment\/\",\"url\":\"https:\/\/dermaklinic.cl\/shop\/producto\/photocorrection-spf50-dpigment\/\",\"name\":\"Photocorrection SPF50+ D-PIGMENT - Dermaklinic\",\"isPartOf\":{\"@id\":\"https:\/\/dermaklinic.cl\/shop\/#website\"},\"primaryImageOfPage\":{\"@id\":\"https:\/\/dermaklinic.cl\/shop\/producto\/photocorrection-spf50-dpigment\/#primaryimage\"},\"image\":{\"@id\":\"https:\/\/dermaklinic.cl\/shop\/producto\/photocorrection-spf50-dpigment\/#primaryimage\"},\"thumbnailUrl\":\"https:\/\/dermaklinic.cl\/shop\/wp-content\/uploads\/2025\/07\/PHOTOMAKEUP_PDR.png\",\"datePublished\":\"2025-07-04T20:49:34+00:00\",\"dateModified\":\"2025-12-03T14:07:26+00:00\",\"breadcrumb\":{\"@id\":\"https:\/\/dermaklinic.cl\/shop\/producto\/photocorrection-spf50-dpigment\/#breadcrumb\"},\"inLanguage\":\"es\",\"potentialAction\":[{\"@type\":\"ReadAction\",\"target\":[\"https:\/\/dermaklinic.cl\/shop\/producto\/photocorrection-spf50-dpigment\/\"]}]},{\"@type\":\"ImageObject\",\"inLanguage\":\"es\",\"@id\":\"https:\/\/dermaklinic.cl\/shop\/producto\/photocorrection-spf50-dpigment\/#primaryimage\",\"url\":\"https:\/\/dermaklinic.cl\/shop\/wp-content\/uploads\/2025\/07\/PHOTOMAKEUP_PDR.png\",\"contentUrl\":\"https:\/\/dermaklinic.cl\/shop\/wp-content\/uploads\/2025\/07\/PHOTOMAKEUP_PDR.png\",\"width\":1124,\"height\":1416},{\"@type\":\"BreadcrumbList\",\"@id\":\"https:\/\/dermaklinic.cl\/shop\/producto\/photocorrection-spf50-dpigment\/#breadcrumb\",\"itemListElement\":[{\"@type\":\"ListItem\",\"position\":1,\"name\":\"Inicio\",\"item\":\"https:\/\/dermaklinic.cl\/shop\/\"},{\"@type\":\"ListItem\",\"position\":2,\"name\":\"Tienda\",\"item\":\"https:\/\/dermaklinic.cl\/shop\/tienda\/\"},{\"@type\":\"ListItem\",\"position\":3,\"name\":\"Photocorrection SPF50+ D-PIGMENT\"}]},{\"@type\":\"WebSite\",\"@id\":\"https:\/\/dermaklinic.cl\/shop\/#website\",\"url\":\"https:\/\/dermaklinic.cl\/shop\/\",\"name\":\"Dermaklinic\",\"description\":\"\",\"potentialAction\":[{\"@type\":\"SearchAction\",\"target\":{\"@type\":\"EntryPoint\",\"urlTemplate\":\"https:\/\/dermaklinic.cl\/shop\/?s={search_term_string}\"},\"query-input\":{\"@type\":\"PropertyValueSpecification\",\"valueRequired\":true,\"valueName\":\"search_term_string\"}}],\"inLanguage\":\"es\"}]}<\/script>\n<!-- \/ Yoast SEO plugin. -->","yoast_head_json":{"title":"Photocorrection SPF50+ D-PIGMENT - Dermaklinic","robots":{"index":"index","follow":"follow","max-snippet":"max-snippet:-1","max-image-preview":"max-image-preview:large","max-video-preview":"max-video-preview:-1"},"canonical":"https:\/\/dermaklinic.cl\/shop\/producto\/photocorrection-spf50-dpigment\/","og_locale":"es_ES","og_type":"article","og_title":"Photocorrection SPF50+ D-PIGMENT - Dermaklinic","og_description":"Maquillaje en crema despigmentante con SPF 50+, que corrige manchas, disimula eficazmente las imperfecciones y protege de los rayos UVA y UVB. Con espejo y esponja aplicadora. Beneficios: Protecci\u00f3n UVA, UVB y luz azul, Acci\u00f3n despigmentante, Acci\u00f3n antioxidante, +15% hidrataci\u00f3n en un mes, +17% elasticidad en un mes. Est\u00e1 dirigido a pieles sensibles y con imperfecciones que necesitan protecci\u00f3n diaria frente a los rayos UVA y UVB. Perfecto para un protocolo de rutina minimalista: no solo protege sino que tiene activos hidratantes, antioxidantes y despigmentantes para una piel muy natural, sedosa y luminosa.","og_url":"https:\/\/dermaklinic.cl\/shop\/producto\/photocorrection-spf50-dpigment\/","og_site_name":"Dermaklinic","article_modified_time":"2025-12-03T14:07:26+00:00","og_image":[{"width":1124,"height":1416,"url":"https:\/\/dermaklinic.cl\/shop\/wp-content\/uploads\/2025\/07\/PHOTOMAKEUP_PDR.png","type":"image\/png"}],"twitter_card":"summary_large_image","twitter_misc":{"Tiempo de lectura":"1 minuto"},"schema":{"@context":"https:\/\/schema.org","@graph":[{"@type":"WebPage","@id":"https:\/\/dermaklinic.cl\/shop\/producto\/photocorrection-spf50-dpigment\/","url":"https:\/\/dermaklinic.cl\/shop\/producto\/photocorrection-spf50-dpigment\/","name":"Photocorrection SPF50+ D-PIGMENT - Dermaklinic","isPartOf":{"@id":"https:\/\/dermaklinic.cl\/shop\/#website"},"primaryImageOfPage":{"@id":"https:\/\/dermaklinic.cl\/shop\/producto\/photocorrection-spf50-dpigment\/#primaryimage"},"image":{"@id":"https:\/\/dermaklinic.cl\/shop\/producto\/photocorrection-spf50-dpigment\/#primaryimage"},"thumbnailUrl":"https:\/\/dermaklinic.cl\/shop\/wp-content\/uploads\/2025\/07\/PHOTOMAKEUP_PDR.png","datePublished":"2025-07-04T20:49:34+00:00","dateModified":"2025-12-03T14:07:26+00:00","breadcrumb":{"@id":"https:\/\/dermaklinic.cl\/shop\/producto\/photocorrection-spf50-dpigment\/#breadcrumb"},"inLanguage":"es","potentialAction":[{"@type":"ReadAction","target":["https:\/\/dermaklinic.cl\/shop\/producto\/photocorrection-spf50-dpigment\/"]}]},{"@type":"ImageObject","inLanguage":"es","@id":"https:\/\/dermaklinic.cl\/shop\/producto\/photocorrection-spf50-dpigment\/#primaryimage","url":"https:\/\/dermaklinic.cl\/shop\/wp-content\/uploads\/2025\/07\/PHOTOMAKEUP_PDR.png","contentUrl":"https:\/\/dermaklinic.cl\/shop\/wp-content\/uploads\/2025\/07\/PHOTOMAKEUP_PDR.png","width":1124,"height":1416},{"@type":"BreadcrumbList","@id":"https:\/\/dermaklinic.cl\/shop\/producto\/photocorrection-spf50-dpigment\/#breadcrumb","itemListElement":[{"@type":"ListItem","position":1,"name":"Inicio","item":"https:\/\/dermaklinic.cl\/shop\/"},{"@type":"ListItem","position":2,"name":"Tienda","item":"https:\/\/dermaklinic.cl\/shop\/tienda\/"},{"@type":"ListItem","position":3,"name":"Photocorrection SPF50+ D-PIGMENT"}]},{"@type":"WebSite","@id":"https:\/\/dermaklinic.cl\/shop\/#website","url":"https:\/\/dermaklinic.cl\/shop\/","name":"Dermaklinic","description":"","potentialAction":[{"@type":"SearchAction","target":{"@type":"EntryPoint","urlTemplate":"https:\/\/dermaklinic.cl\/shop\/?s={search_term_string}"},"query-input":{"@type":"PropertyValueSpecification","valueRequired":true,"valueName":"search_term_string"}}],"inLanguage":"es"}]}},"_links":{"self":[{"href":"https:\/\/dermaklinic.cl\/shop\/wp-json\/wp\/v2\/product\/1724","targetHints":{"allow":["GET"]}}],"collection":[{"href":"https:\/\/dermaklinic.cl\/shop\/wp-json\/wp\/v2\/product"}],"about":[{"href":"https:\/\/dermaklinic.cl\/shop\/wp-json\/wp\/v2\/types\/product"}],"replies":[{"embeddable":true,"href":"https:\/\/dermaklinic.cl\/shop\/wp-json\/wp\/v2\/comments?post=1724"}],"version-history":[{"count":7,"href":"https:\/\/dermaklinic.cl\/shop\/wp-json\/wp\/v2\/product\/1724\/revisions"}],"predecessor-version":[{"id":2077,"href":"https:\/\/dermaklinic.cl\/shop\/wp-json\/wp\/v2\/product\/1724\/revisions\/2077"}],"wp:featuredmedia":[{"embeddable":true,"href":"https:\/\/dermaklinic.cl\/shop\/wp-json\/wp\/v2\/media\/1598"}],"wp:attachment":[{"href":"https:\/\/dermaklinic.cl\/shop\/wp-json\/wp\/v2\/media?parent=1724"}],"wp:term":[{"taxonomy":"product_brand","embeddable":true,"href":"https:\/\/dermaklinic.cl\/shop\/wp-json\/wp\/v2\/product_brand?post=1724"},{"taxonomy":"product_cat","embeddable":true,"href":"https:\/\/dermaklinic.cl\/shop\/wp-json\/wp\/v2\/product_cat?post=1724"},{"taxonomy":"product_tag","embeddable":true,"href":"https:\/\/dermaklinic.cl\/shop\/wp-json\/wp\/v2\/product_tag?post=1724"}],"curies":[{"name":"wp","href":"https:\/\/api.w.org\/{rel}","templated":true}]}}