{"id":1688,"date":"2025-07-04T17:18:38","date_gmt":"2025-07-04T20:18:38","guid":{"rendered":"https:\/\/dermaklinic.cl\/producto\/eternalist-a-g-e\/"},"modified":"2025-07-07T14:12:09","modified_gmt":"2025-07-07T18:12:09","slug":"eternalist-a-g-e","status":"publish","type":"product","link":"https:\/\/dermaklinic.cl\/shop\/producto\/eternalist-a-g-e\/","title":{"rendered":"Eternalist A.G.E."},"content":{"rendered":"","protected":false},"excerpt":{"rendered":"<p>Crema textura gelatina de r\u00e1pida absorci\u00f3n que redensifica, retexturiza, ilumina y mejora la condici\u00f3n global de la piel. Est\u00e1 indicado para personas que quieran iniciar una retinizaci\u00f3n para reducir los signos de la edad o que busquen un descanso del retinol puro. Tambi\u00e9n es adecuado para pieles con rojeces o con tendencia a la ros\u00e1cea y\/o cuperosis.<\/p>\n","protected":false},"featured_media":1595,"comment_status":"closed","ping_status":"closed","template":"","meta":[],"product_brand":[98],"product_cat":[150,155],"product_tag":[],"class_list":{"0":"post-1688","1":"product","2":"type-product","3":"status-publish","4":"has-post-thumbnail","6":"product_brand-sensilis","7":"product_cat-crema","8":"product_cat-noche","9":"pa_marca-sensilis","10":"pa_zona-de-aplicacion-rostro","12":"first","13":"instock","14":"purchasable","15":"product-type-simple"},"yoast_head":"<!-- This site is optimized with the Yoast SEO plugin v25.6 - https:\/\/yoast.com\/wordpress\/plugins\/seo\/ -->\n<title>Eternalist A.G.E. - Dermaklinic<\/title>\n<meta name=\"robots\" content=\"index, follow, max-snippet:-1, max-image-preview:large, max-video-preview:-1\" \/>\n<link rel=\"canonical\" href=\"https:\/\/dermaklinic.cl\/shop\/producto\/eternalist-a-g-e\/\" \/>\n<meta property=\"og:locale\" content=\"es_ES\" \/>\n<meta property=\"og:type\" content=\"article\" \/>\n<meta property=\"og:title\" content=\"Eternalist A.G.E. - Dermaklinic\" \/>\n<meta property=\"og:description\" content=\"Crema textura gelatina de r\u00e1pida absorci\u00f3n que redensifica, retexturiza, ilumina y mejora la condici\u00f3n global de la piel. Est\u00e1 indicado para personas que quieran iniciar una retinizaci\u00f3n para reducir los signos de la edad o que busquen un descanso del retinol puro. Tambi\u00e9n es adecuado para pieles con rojeces o con tendencia a la ros\u00e1cea y\/o cuperosis.\" \/>\n<meta property=\"og:url\" content=\"https:\/\/dermaklinic.cl\/shop\/producto\/eternalist-a-g-e\/\" \/>\n<meta property=\"og:site_name\" content=\"Dermaklinic\" \/>\n<meta property=\"article:modified_time\" content=\"2025-07-07T18:12:09+00:00\" \/>\n<meta property=\"og:image\" content=\"https:\/\/dermaklinic.cl\/shop\/wp-content\/uploads\/2025\/07\/ETERNRETINOL_PDR.webp\" \/>\n\t<meta property=\"og:image:width\" content=\"1124\" \/>\n\t<meta property=\"og:image:height\" content=\"1416\" \/>\n\t<meta property=\"og:image:type\" content=\"image\/webp\" \/>\n<meta name=\"twitter:card\" content=\"summary_large_image\" \/>\n<script type=\"application\/ld+json\" class=\"yoast-schema-graph\">{\"@context\":\"https:\/\/schema.org\",\"@graph\":[{\"@type\":\"WebPage\",\"@id\":\"https:\/\/dermaklinic.cl\/shop\/producto\/eternalist-a-g-e\/\",\"url\":\"https:\/\/dermaklinic.cl\/shop\/producto\/eternalist-a-g-e\/\",\"name\":\"Eternalist A.G.E. - Dermaklinic\",\"isPartOf\":{\"@id\":\"https:\/\/dermaklinic.cl\/shop\/#website\"},\"primaryImageOfPage\":{\"@id\":\"https:\/\/dermaklinic.cl\/shop\/producto\/eternalist-a-g-e\/#primaryimage\"},\"image\":{\"@id\":\"https:\/\/dermaklinic.cl\/shop\/producto\/eternalist-a-g-e\/#primaryimage\"},\"thumbnailUrl\":\"https:\/\/dermaklinic.cl\/shop\/wp-content\/uploads\/2025\/07\/ETERNRETINOL_PDR.webp\",\"datePublished\":\"2025-07-04T20:18:38+00:00\",\"dateModified\":\"2025-07-07T18:12:09+00:00\",\"breadcrumb\":{\"@id\":\"https:\/\/dermaklinic.cl\/shop\/producto\/eternalist-a-g-e\/#breadcrumb\"},\"inLanguage\":\"es\",\"potentialAction\":[{\"@type\":\"ReadAction\",\"target\":[\"https:\/\/dermaklinic.cl\/shop\/producto\/eternalist-a-g-e\/\"]}]},{\"@type\":\"ImageObject\",\"inLanguage\":\"es\",\"@id\":\"https:\/\/dermaklinic.cl\/shop\/producto\/eternalist-a-g-e\/#primaryimage\",\"url\":\"https:\/\/dermaklinic.cl\/shop\/wp-content\/uploads\/2025\/07\/ETERNRETINOL_PDR.webp\",\"contentUrl\":\"https:\/\/dermaklinic.cl\/shop\/wp-content\/uploads\/2025\/07\/ETERNRETINOL_PDR.webp\",\"width\":1124,\"height\":1416},{\"@type\":\"BreadcrumbList\",\"@id\":\"https:\/\/dermaklinic.cl\/shop\/producto\/eternalist-a-g-e\/#breadcrumb\",\"itemListElement\":[{\"@type\":\"ListItem\",\"position\":1,\"name\":\"Inicio\",\"item\":\"https:\/\/dermaklinic.cl\/shop\/\"},{\"@type\":\"ListItem\",\"position\":2,\"name\":\"Tienda\",\"item\":\"https:\/\/dermaklinic.cl\/shop\/tienda\/\"},{\"@type\":\"ListItem\",\"position\":3,\"name\":\"Eternalist A.G.E.\"}]},{\"@type\":\"WebSite\",\"@id\":\"https:\/\/dermaklinic.cl\/shop\/#website\",\"url\":\"https:\/\/dermaklinic.cl\/shop\/\",\"name\":\"Dermaklinic\",\"description\":\"\",\"potentialAction\":[{\"@type\":\"SearchAction\",\"target\":{\"@type\":\"EntryPoint\",\"urlTemplate\":\"https:\/\/dermaklinic.cl\/shop\/?s={search_term_string}\"},\"query-input\":{\"@type\":\"PropertyValueSpecification\",\"valueRequired\":true,\"valueName\":\"search_term_string\"}}],\"inLanguage\":\"es\"}]}<\/script>\n<!-- \/ Yoast SEO plugin. -->","yoast_head_json":{"title":"Eternalist A.G.E. - Dermaklinic","robots":{"index":"index","follow":"follow","max-snippet":"max-snippet:-1","max-image-preview":"max-image-preview:large","max-video-preview":"max-video-preview:-1"},"canonical":"https:\/\/dermaklinic.cl\/shop\/producto\/eternalist-a-g-e\/","og_locale":"es_ES","og_type":"article","og_title":"Eternalist A.G.E. - Dermaklinic","og_description":"Crema textura gelatina de r\u00e1pida absorci\u00f3n que redensifica, retexturiza, ilumina y mejora la condici\u00f3n global de la piel. Est\u00e1 indicado para personas que quieran iniciar una retinizaci\u00f3n para reducir los signos de la edad o que busquen un descanso del retinol puro. Tambi\u00e9n es adecuado para pieles con rojeces o con tendencia a la ros\u00e1cea y\/o cuperosis.","og_url":"https:\/\/dermaklinic.cl\/shop\/producto\/eternalist-a-g-e\/","og_site_name":"Dermaklinic","article_modified_time":"2025-07-07T18:12:09+00:00","og_image":[{"width":1124,"height":1416,"url":"https:\/\/dermaklinic.cl\/shop\/wp-content\/uploads\/2025\/07\/ETERNRETINOL_PDR.webp","type":"image\/webp"}],"twitter_card":"summary_large_image","schema":{"@context":"https:\/\/schema.org","@graph":[{"@type":"WebPage","@id":"https:\/\/dermaklinic.cl\/shop\/producto\/eternalist-a-g-e\/","url":"https:\/\/dermaklinic.cl\/shop\/producto\/eternalist-a-g-e\/","name":"Eternalist A.G.E. - Dermaklinic","isPartOf":{"@id":"https:\/\/dermaklinic.cl\/shop\/#website"},"primaryImageOfPage":{"@id":"https:\/\/dermaklinic.cl\/shop\/producto\/eternalist-a-g-e\/#primaryimage"},"image":{"@id":"https:\/\/dermaklinic.cl\/shop\/producto\/eternalist-a-g-e\/#primaryimage"},"thumbnailUrl":"https:\/\/dermaklinic.cl\/shop\/wp-content\/uploads\/2025\/07\/ETERNRETINOL_PDR.webp","datePublished":"2025-07-04T20:18:38+00:00","dateModified":"2025-07-07T18:12:09+00:00","breadcrumb":{"@id":"https:\/\/dermaklinic.cl\/shop\/producto\/eternalist-a-g-e\/#breadcrumb"},"inLanguage":"es","potentialAction":[{"@type":"ReadAction","target":["https:\/\/dermaklinic.cl\/shop\/producto\/eternalist-a-g-e\/"]}]},{"@type":"ImageObject","inLanguage":"es","@id":"https:\/\/dermaklinic.cl\/shop\/producto\/eternalist-a-g-e\/#primaryimage","url":"https:\/\/dermaklinic.cl\/shop\/wp-content\/uploads\/2025\/07\/ETERNRETINOL_PDR.webp","contentUrl":"https:\/\/dermaklinic.cl\/shop\/wp-content\/uploads\/2025\/07\/ETERNRETINOL_PDR.webp","width":1124,"height":1416},{"@type":"BreadcrumbList","@id":"https:\/\/dermaklinic.cl\/shop\/producto\/eternalist-a-g-e\/#breadcrumb","itemListElement":[{"@type":"ListItem","position":1,"name":"Inicio","item":"https:\/\/dermaklinic.cl\/shop\/"},{"@type":"ListItem","position":2,"name":"Tienda","item":"https:\/\/dermaklinic.cl\/shop\/tienda\/"},{"@type":"ListItem","position":3,"name":"Eternalist A.G.E."}]},{"@type":"WebSite","@id":"https:\/\/dermaklinic.cl\/shop\/#website","url":"https:\/\/dermaklinic.cl\/shop\/","name":"Dermaklinic","description":"","potentialAction":[{"@type":"SearchAction","target":{"@type":"EntryPoint","urlTemplate":"https:\/\/dermaklinic.cl\/shop\/?s={search_term_string}"},"query-input":{"@type":"PropertyValueSpecification","valueRequired":true,"valueName":"search_term_string"}}],"inLanguage":"es"}]}},"_links":{"self":[{"href":"https:\/\/dermaklinic.cl\/shop\/wp-json\/wp\/v2\/product\/1688","targetHints":{"allow":["GET"]}}],"collection":[{"href":"https:\/\/dermaklinic.cl\/shop\/wp-json\/wp\/v2\/product"}],"about":[{"href":"https:\/\/dermaklinic.cl\/shop\/wp-json\/wp\/v2\/types\/product"}],"replies":[{"embeddable":true,"href":"https:\/\/dermaklinic.cl\/shop\/wp-json\/wp\/v2\/comments?post=1688"}],"version-history":[{"count":1,"href":"https:\/\/dermaklinic.cl\/shop\/wp-json\/wp\/v2\/product\/1688\/revisions"}],"predecessor-version":[{"id":1689,"href":"https:\/\/dermaklinic.cl\/shop\/wp-json\/wp\/v2\/product\/1688\/revisions\/1689"}],"wp:featuredmedia":[{"embeddable":true,"href":"https:\/\/dermaklinic.cl\/shop\/wp-json\/wp\/v2\/media\/1595"}],"wp:attachment":[{"href":"https:\/\/dermaklinic.cl\/shop\/wp-json\/wp\/v2\/media?parent=1688"}],"wp:term":[{"taxonomy":"product_brand","embeddable":true,"href":"https:\/\/dermaklinic.cl\/shop\/wp-json\/wp\/v2\/product_brand?post=1688"},{"taxonomy":"product_cat","embeddable":true,"href":"https:\/\/dermaklinic.cl\/shop\/wp-json\/wp\/v2\/product_cat?post=1688"},{"taxonomy":"product_tag","embeddable":true,"href":"https:\/\/dermaklinic.cl\/shop\/wp-json\/wp\/v2\/product_tag?post=1688"}],"curies":[{"name":"wp","href":"https:\/\/api.w.org\/{rel}","templated":true}]}}