{"id":1678,"date":"2025-01-04T17:18:38","date_gmt":"2025-01-04T20:18:38","guid":{"rendered":"https:\/\/dermaklinic.cl\/producto\/glisodin\/"},"modified":"2026-04-03T20:02:39","modified_gmt":"2026-04-03T23:02:39","slug":"glisodin","status":"publish","type":"product","link":"https:\/\/dermaklinic.cl\/shop\/producto\/glisodin\/","title":{"rendered":"GliSODin"},"content":{"rendered":"","protected":false},"excerpt":{"rendered":"<p><span data-sheets-root=\"1\">GliSODin es un suplemento alimentario franc\u00e9s compuesto de polvo de mel\u00f3n que contiene super\u00f3xido dismutasa (SOD), un antioxidante enzim\u00e1tico de alta potencia que, combinado con prote\u00edna del trigo, gliadina, permite que el cuerpo asimile la enzima SOD, sin que el est\u00f3mago la destruya. Estudios cient\u00edficos han demostrado la suplementaci\u00f3n con la SOD puede favorecer a la disminuci\u00f3n del estr\u00e9s oxidativo (inflamaci\u00f3n causada por exceso de radicales libres) y consecuentemente apoyar un envejecimiento exitoso y una mejor\u00eda de condiciones inflamatorias de la piel como el acn\u00e9, la ros\u00e1cea y las manchas.<\/span><\/p>\n","protected":false},"featured_media":1576,"comment_status":"closed","ping_status":"closed","template":"","meta":[],"product_brand":[97],"product_cat":[154,156,115],"product_tag":[],"class_list":{"0":"post-1678","1":"product","2":"type-product","3":"status-publish","4":"has-post-thumbnail","6":"product_brand-glisodin","7":"product_cat-manana","8":"product_cat-pack-antioxidante","9":"product_cat-suplemento","10":"pa_marca-glisodin","11":"pa_zona-de-aplicacion-no-aplica","13":"first","14":"instock","15":"sale","16":"purchasable","17":"product-type-simple"},"yoast_head":"<!-- This site is optimized with the Yoast SEO plugin v25.6 - https:\/\/yoast.com\/wordpress\/plugins\/seo\/ -->\n<title>GliSODin - Dermaklinic<\/title>\n<meta name=\"robots\" content=\"index, follow, max-snippet:-1, max-image-preview:large, max-video-preview:-1\" \/>\n<link rel=\"canonical\" href=\"https:\/\/dermaklinic.cl\/shop\/producto\/glisodin\/\" \/>\n<meta property=\"og:locale\" content=\"es_ES\" \/>\n<meta property=\"og:type\" content=\"article\" \/>\n<meta property=\"og:title\" content=\"GliSODin - Dermaklinic\" \/>\n<meta property=\"og:description\" content=\"GliSODin es un suplemento alimentario franc\u00e9s compuesto de polvo de mel\u00f3n que contiene super\u00f3xido dismutasa (SOD), un antioxidante enzim\u00e1tico de alta potencia que, combinado con prote\u00edna del trigo, gliadina, permite que el cuerpo asimile la enzima SOD, sin que el est\u00f3mago la destruya. Estudios cient\u00edficos han demostrado la suplementaci\u00f3n con la SOD puede favorecer a la disminuci\u00f3n del estr\u00e9s oxidativo (inflamaci\u00f3n causada por exceso de radicales libres) y consecuentemente apoyar un envejecimiento exitoso y una mejor\u00eda de condiciones inflamatorias de la piel como el acn\u00e9, la ros\u00e1cea y las manchas.\" \/>\n<meta property=\"og:url\" content=\"https:\/\/dermaklinic.cl\/shop\/producto\/glisodin\/\" \/>\n<meta property=\"og:site_name\" content=\"Dermaklinic\" \/>\n<meta property=\"article:modified_time\" content=\"2026-04-03T23:02:39+00:00\" \/>\n<meta property=\"og:image\" content=\"https:\/\/dermaklinic.cl\/shop\/wp-content\/uploads\/2025\/07\/IMAGEN-N4-B-002.jpg\" \/>\n\t<meta property=\"og:image:width\" content=\"1933\" \/>\n\t<meta property=\"og:image:height\" content=\"2079\" \/>\n\t<meta property=\"og:image:type\" content=\"image\/jpeg\" \/>\n<meta name=\"twitter:card\" content=\"summary_large_image\" \/>\n<meta name=\"twitter:label1\" content=\"Tiempo de lectura\" \/>\n\t<meta name=\"twitter:data1\" content=\"1 minuto\" \/>\n<script type=\"application\/ld+json\" class=\"yoast-schema-graph\">{\"@context\":\"https:\/\/schema.org\",\"@graph\":[{\"@type\":\"WebPage\",\"@id\":\"https:\/\/dermaklinic.cl\/shop\/producto\/glisodin\/\",\"url\":\"https:\/\/dermaklinic.cl\/shop\/producto\/glisodin\/\",\"name\":\"GliSODin - Dermaklinic\",\"isPartOf\":{\"@id\":\"https:\/\/dermaklinic.cl\/shop\/#website\"},\"primaryImageOfPage\":{\"@id\":\"https:\/\/dermaklinic.cl\/shop\/producto\/glisodin\/#primaryimage\"},\"image\":{\"@id\":\"https:\/\/dermaklinic.cl\/shop\/producto\/glisodin\/#primaryimage\"},\"thumbnailUrl\":\"https:\/\/dermaklinic.cl\/shop\/wp-content\/uploads\/2025\/07\/IMAGEN-N4-B-002.jpg\",\"datePublished\":\"2025-01-04T20:18:38+00:00\",\"dateModified\":\"2026-04-03T23:02:39+00:00\",\"breadcrumb\":{\"@id\":\"https:\/\/dermaklinic.cl\/shop\/producto\/glisodin\/#breadcrumb\"},\"inLanguage\":\"es\",\"potentialAction\":[{\"@type\":\"ReadAction\",\"target\":[\"https:\/\/dermaklinic.cl\/shop\/producto\/glisodin\/\"]}]},{\"@type\":\"ImageObject\",\"inLanguage\":\"es\",\"@id\":\"https:\/\/dermaklinic.cl\/shop\/producto\/glisodin\/#primaryimage\",\"url\":\"https:\/\/dermaklinic.cl\/shop\/wp-content\/uploads\/2025\/07\/IMAGEN-N4-B-002.jpg\",\"contentUrl\":\"https:\/\/dermaklinic.cl\/shop\/wp-content\/uploads\/2025\/07\/IMAGEN-N4-B-002.jpg\",\"width\":1933,\"height\":2079},{\"@type\":\"BreadcrumbList\",\"@id\":\"https:\/\/dermaklinic.cl\/shop\/producto\/glisodin\/#breadcrumb\",\"itemListElement\":[{\"@type\":\"ListItem\",\"position\":1,\"name\":\"Inicio\",\"item\":\"https:\/\/dermaklinic.cl\/shop\/\"},{\"@type\":\"ListItem\",\"position\":2,\"name\":\"Tienda\",\"item\":\"https:\/\/dermaklinic.cl\/shop\/tienda\/\"},{\"@type\":\"ListItem\",\"position\":3,\"name\":\"GliSODin\"}]},{\"@type\":\"WebSite\",\"@id\":\"https:\/\/dermaklinic.cl\/shop\/#website\",\"url\":\"https:\/\/dermaklinic.cl\/shop\/\",\"name\":\"Dermaklinic\",\"description\":\"\",\"potentialAction\":[{\"@type\":\"SearchAction\",\"target\":{\"@type\":\"EntryPoint\",\"urlTemplate\":\"https:\/\/dermaklinic.cl\/shop\/?s={search_term_string}\"},\"query-input\":{\"@type\":\"PropertyValueSpecification\",\"valueRequired\":true,\"valueName\":\"search_term_string\"}}],\"inLanguage\":\"es\"}]}<\/script>\n<!-- \/ Yoast SEO plugin. -->","yoast_head_json":{"title":"GliSODin - Dermaklinic","robots":{"index":"index","follow":"follow","max-snippet":"max-snippet:-1","max-image-preview":"max-image-preview:large","max-video-preview":"max-video-preview:-1"},"canonical":"https:\/\/dermaklinic.cl\/shop\/producto\/glisodin\/","og_locale":"es_ES","og_type":"article","og_title":"GliSODin - Dermaklinic","og_description":"GliSODin es un suplemento alimentario franc\u00e9s compuesto de polvo de mel\u00f3n que contiene super\u00f3xido dismutasa (SOD), un antioxidante enzim\u00e1tico de alta potencia que, combinado con prote\u00edna del trigo, gliadina, permite que el cuerpo asimile la enzima SOD, sin que el est\u00f3mago la destruya. Estudios cient\u00edficos han demostrado la suplementaci\u00f3n con la SOD puede favorecer a la disminuci\u00f3n del estr\u00e9s oxidativo (inflamaci\u00f3n causada por exceso de radicales libres) y consecuentemente apoyar un envejecimiento exitoso y una mejor\u00eda de condiciones inflamatorias de la piel como el acn\u00e9, la ros\u00e1cea y las manchas.","og_url":"https:\/\/dermaklinic.cl\/shop\/producto\/glisodin\/","og_site_name":"Dermaklinic","article_modified_time":"2026-04-03T23:02:39+00:00","og_image":[{"width":1933,"height":2079,"url":"https:\/\/dermaklinic.cl\/shop\/wp-content\/uploads\/2025\/07\/IMAGEN-N4-B-002.jpg","type":"image\/jpeg"}],"twitter_card":"summary_large_image","twitter_misc":{"Tiempo de lectura":"1 minuto"},"schema":{"@context":"https:\/\/schema.org","@graph":[{"@type":"WebPage","@id":"https:\/\/dermaklinic.cl\/shop\/producto\/glisodin\/","url":"https:\/\/dermaklinic.cl\/shop\/producto\/glisodin\/","name":"GliSODin - Dermaklinic","isPartOf":{"@id":"https:\/\/dermaklinic.cl\/shop\/#website"},"primaryImageOfPage":{"@id":"https:\/\/dermaklinic.cl\/shop\/producto\/glisodin\/#primaryimage"},"image":{"@id":"https:\/\/dermaklinic.cl\/shop\/producto\/glisodin\/#primaryimage"},"thumbnailUrl":"https:\/\/dermaklinic.cl\/shop\/wp-content\/uploads\/2025\/07\/IMAGEN-N4-B-002.jpg","datePublished":"2025-01-04T20:18:38+00:00","dateModified":"2026-04-03T23:02:39+00:00","breadcrumb":{"@id":"https:\/\/dermaklinic.cl\/shop\/producto\/glisodin\/#breadcrumb"},"inLanguage":"es","potentialAction":[{"@type":"ReadAction","target":["https:\/\/dermaklinic.cl\/shop\/producto\/glisodin\/"]}]},{"@type":"ImageObject","inLanguage":"es","@id":"https:\/\/dermaklinic.cl\/shop\/producto\/glisodin\/#primaryimage","url":"https:\/\/dermaklinic.cl\/shop\/wp-content\/uploads\/2025\/07\/IMAGEN-N4-B-002.jpg","contentUrl":"https:\/\/dermaklinic.cl\/shop\/wp-content\/uploads\/2025\/07\/IMAGEN-N4-B-002.jpg","width":1933,"height":2079},{"@type":"BreadcrumbList","@id":"https:\/\/dermaklinic.cl\/shop\/producto\/glisodin\/#breadcrumb","itemListElement":[{"@type":"ListItem","position":1,"name":"Inicio","item":"https:\/\/dermaklinic.cl\/shop\/"},{"@type":"ListItem","position":2,"name":"Tienda","item":"https:\/\/dermaklinic.cl\/shop\/tienda\/"},{"@type":"ListItem","position":3,"name":"GliSODin"}]},{"@type":"WebSite","@id":"https:\/\/dermaklinic.cl\/shop\/#website","url":"https:\/\/dermaklinic.cl\/shop\/","name":"Dermaklinic","description":"","potentialAction":[{"@type":"SearchAction","target":{"@type":"EntryPoint","urlTemplate":"https:\/\/dermaklinic.cl\/shop\/?s={search_term_string}"},"query-input":{"@type":"PropertyValueSpecification","valueRequired":true,"valueName":"search_term_string"}}],"inLanguage":"es"}]}},"_links":{"self":[{"href":"https:\/\/dermaklinic.cl\/shop\/wp-json\/wp\/v2\/product\/1678","targetHints":{"allow":["GET"]}}],"collection":[{"href":"https:\/\/dermaklinic.cl\/shop\/wp-json\/wp\/v2\/product"}],"about":[{"href":"https:\/\/dermaklinic.cl\/shop\/wp-json\/wp\/v2\/types\/product"}],"replies":[{"embeddable":true,"href":"https:\/\/dermaklinic.cl\/shop\/wp-json\/wp\/v2\/comments?post=1678"}],"version-history":[{"count":4,"href":"https:\/\/dermaklinic.cl\/shop\/wp-json\/wp\/v2\/product\/1678\/revisions"}],"predecessor-version":[{"id":1929,"href":"https:\/\/dermaklinic.cl\/shop\/wp-json\/wp\/v2\/product\/1678\/revisions\/1929"}],"wp:featuredmedia":[{"embeddable":true,"href":"https:\/\/dermaklinic.cl\/shop\/wp-json\/wp\/v2\/media\/1576"}],"wp:attachment":[{"href":"https:\/\/dermaklinic.cl\/shop\/wp-json\/wp\/v2\/media?parent=1678"}],"wp:term":[{"taxonomy":"product_brand","embeddable":true,"href":"https:\/\/dermaklinic.cl\/shop\/wp-json\/wp\/v2\/product_brand?post=1678"},{"taxonomy":"product_cat","embeddable":true,"href":"https:\/\/dermaklinic.cl\/shop\/wp-json\/wp\/v2\/product_cat?post=1678"},{"taxonomy":"product_tag","embeddable":true,"href":"https:\/\/dermaklinic.cl\/shop\/wp-json\/wp\/v2\/product_tag?post=1678"}],"curies":[{"name":"wp","href":"https:\/\/api.w.org\/{rel}","templated":true}]}}