{"id":1672,"date":"2025-07-04T17:18:38","date_gmt":"2025-07-04T20:18:38","guid":{"rendered":"https:\/\/dermaklinic.cl\/producto\/uv-stick\/"},"modified":"2025-07-18T18:17:15","modified_gmt":"2025-07-18T22:17:15","slug":"uv-stick","status":"publish","type":"product","link":"https:\/\/dermaklinic.cl\/shop\/producto\/uv-stick\/","title":{"rendered":"UV Stick"},"content":{"rendered":"","protected":false},"excerpt":{"rendered":"<p><span data-sheets-root=\"1\">Protector Solar 100% mineral, f\u00e1cil de aplicar, dermatol\u00f3gicamente probado y formulado para todo tipo de piel. Ideal para uso diario y reaplicaci\u00f3n. Protege de manera efectiva contra los rayos UVA, UVB y luz azul. Resistente al agua hasta por 80 minutos. Beneficios: Contiene antioxidantes para proteger contra el envejecimiento de la piel. Se absorbe r\u00e1pidamente. Funciona para todos los tonos de piel. F\u00f3rmula sin complicaciones para adultos y ni\u00f1os. Pr\u00e1ctico formato de barra para protecci\u00f3n en cualquier lugar.<\/span><\/p>\n","protected":false},"featured_media":1572,"comment_status":"closed","ping_status":"closed","template":"","meta":[],"product_brand":[95],"product_cat":[128],"product_tag":[],"class_list":{"0":"post-1672","1":"product","2":"type-product","3":"status-publish","4":"has-post-thumbnail","6":"product_brand-elta-md","7":"product_cat-protector-solar","8":"pa_color-con-color","9":"pa_marca-elta-md","10":"pa_ufp-ufp-50","11":"pa_zona-de-aplicacion-rostro","13":"first","14":"instock","15":"purchasable","16":"product-type-simple"},"yoast_head":"<!-- This site is optimized with the Yoast SEO plugin v25.6 - https:\/\/yoast.com\/wordpress\/plugins\/seo\/ -->\n<title>UV Stick - Dermaklinic<\/title>\n<meta name=\"robots\" content=\"index, follow, max-snippet:-1, max-image-preview:large, max-video-preview:-1\" \/>\n<link rel=\"canonical\" href=\"https:\/\/dermaklinic.cl\/shop\/producto\/uv-stick\/\" \/>\n<meta property=\"og:locale\" content=\"es_ES\" \/>\n<meta property=\"og:type\" content=\"article\" \/>\n<meta property=\"og:title\" content=\"UV Stick - Dermaklinic\" \/>\n<meta property=\"og:description\" content=\"Protector Solar 100% mineral, f\u00e1cil de aplicar, dermatol\u00f3gicamente probado y formulado para todo tipo de piel. Ideal para uso diario y reaplicaci\u00f3n. Protege de manera efectiva contra los rayos UVA, UVB y luz azul. Resistente al agua hasta por 80 minutos. Beneficios: Contiene antioxidantes para proteger contra el envejecimiento de la piel. Se absorbe r\u00e1pidamente. Funciona para todos los tonos de piel. F\u00f3rmula sin complicaciones para adultos y ni\u00f1os. Pr\u00e1ctico formato de barra para protecci\u00f3n en cualquier lugar.\" \/>\n<meta property=\"og:url\" content=\"https:\/\/dermaklinic.cl\/shop\/producto\/uv-stick\/\" \/>\n<meta property=\"og:site_name\" content=\"Dermaklinic\" \/>\n<meta property=\"article:modified_time\" content=\"2025-07-18T22:17:15+00:00\" \/>\n<meta property=\"og:image\" content=\"https:\/\/dermaklinic.cl\/shop\/wp-content\/uploads\/2025\/07\/EltaUVStick1.webp\" \/>\n\t<meta property=\"og:image:width\" content=\"1000\" \/>\n\t<meta property=\"og:image:height\" content=\"1000\" \/>\n\t<meta property=\"og:image:type\" content=\"image\/webp\" \/>\n<meta name=\"twitter:card\" content=\"summary_large_image\" \/>\n<meta name=\"twitter:label1\" content=\"Tiempo de lectura\" \/>\n\t<meta name=\"twitter:data1\" content=\"1 minuto\" \/>\n<script type=\"application\/ld+json\" class=\"yoast-schema-graph\">{\"@context\":\"https:\/\/schema.org\",\"@graph\":[{\"@type\":\"WebPage\",\"@id\":\"https:\/\/dermaklinic.cl\/shop\/producto\/uv-stick\/\",\"url\":\"https:\/\/dermaklinic.cl\/shop\/producto\/uv-stick\/\",\"name\":\"UV Stick - Dermaklinic\",\"isPartOf\":{\"@id\":\"https:\/\/dermaklinic.cl\/shop\/#website\"},\"primaryImageOfPage\":{\"@id\":\"https:\/\/dermaklinic.cl\/shop\/producto\/uv-stick\/#primaryimage\"},\"image\":{\"@id\":\"https:\/\/dermaklinic.cl\/shop\/producto\/uv-stick\/#primaryimage\"},\"thumbnailUrl\":\"https:\/\/dermaklinic.cl\/shop\/wp-content\/uploads\/2025\/07\/EltaUVStick1.webp\",\"datePublished\":\"2025-07-04T20:18:38+00:00\",\"dateModified\":\"2025-07-18T22:17:15+00:00\",\"breadcrumb\":{\"@id\":\"https:\/\/dermaklinic.cl\/shop\/producto\/uv-stick\/#breadcrumb\"},\"inLanguage\":\"es\",\"potentialAction\":[{\"@type\":\"ReadAction\",\"target\":[\"https:\/\/dermaklinic.cl\/shop\/producto\/uv-stick\/\"]}]},{\"@type\":\"ImageObject\",\"inLanguage\":\"es\",\"@id\":\"https:\/\/dermaklinic.cl\/shop\/producto\/uv-stick\/#primaryimage\",\"url\":\"https:\/\/dermaklinic.cl\/shop\/wp-content\/uploads\/2025\/07\/EltaUVStick1.webp\",\"contentUrl\":\"https:\/\/dermaklinic.cl\/shop\/wp-content\/uploads\/2025\/07\/EltaUVStick1.webp\",\"width\":1000,\"height\":1000},{\"@type\":\"BreadcrumbList\",\"@id\":\"https:\/\/dermaklinic.cl\/shop\/producto\/uv-stick\/#breadcrumb\",\"itemListElement\":[{\"@type\":\"ListItem\",\"position\":1,\"name\":\"Inicio\",\"item\":\"https:\/\/dermaklinic.cl\/shop\/\"},{\"@type\":\"ListItem\",\"position\":2,\"name\":\"Tienda\",\"item\":\"https:\/\/dermaklinic.cl\/shop\/tienda\/\"},{\"@type\":\"ListItem\",\"position\":3,\"name\":\"UV Stick\"}]},{\"@type\":\"WebSite\",\"@id\":\"https:\/\/dermaklinic.cl\/shop\/#website\",\"url\":\"https:\/\/dermaklinic.cl\/shop\/\",\"name\":\"Dermaklinic\",\"description\":\"\",\"potentialAction\":[{\"@type\":\"SearchAction\",\"target\":{\"@type\":\"EntryPoint\",\"urlTemplate\":\"https:\/\/dermaklinic.cl\/shop\/?s={search_term_string}\"},\"query-input\":{\"@type\":\"PropertyValueSpecification\",\"valueRequired\":true,\"valueName\":\"search_term_string\"}}],\"inLanguage\":\"es\"}]}<\/script>\n<!-- \/ Yoast SEO plugin. -->","yoast_head_json":{"title":"UV Stick - Dermaklinic","robots":{"index":"index","follow":"follow","max-snippet":"max-snippet:-1","max-image-preview":"max-image-preview:large","max-video-preview":"max-video-preview:-1"},"canonical":"https:\/\/dermaklinic.cl\/shop\/producto\/uv-stick\/","og_locale":"es_ES","og_type":"article","og_title":"UV Stick - Dermaklinic","og_description":"Protector Solar 100% mineral, f\u00e1cil de aplicar, dermatol\u00f3gicamente probado y formulado para todo tipo de piel. Ideal para uso diario y reaplicaci\u00f3n. Protege de manera efectiva contra los rayos UVA, UVB y luz azul. Resistente al agua hasta por 80 minutos. Beneficios: Contiene antioxidantes para proteger contra el envejecimiento de la piel. Se absorbe r\u00e1pidamente. Funciona para todos los tonos de piel. F\u00f3rmula sin complicaciones para adultos y ni\u00f1os. Pr\u00e1ctico formato de barra para protecci\u00f3n en cualquier lugar.","og_url":"https:\/\/dermaklinic.cl\/shop\/producto\/uv-stick\/","og_site_name":"Dermaklinic","article_modified_time":"2025-07-18T22:17:15+00:00","og_image":[{"width":1000,"height":1000,"url":"https:\/\/dermaklinic.cl\/shop\/wp-content\/uploads\/2025\/07\/EltaUVStick1.webp","type":"image\/webp"}],"twitter_card":"summary_large_image","twitter_misc":{"Tiempo de lectura":"1 minuto"},"schema":{"@context":"https:\/\/schema.org","@graph":[{"@type":"WebPage","@id":"https:\/\/dermaklinic.cl\/shop\/producto\/uv-stick\/","url":"https:\/\/dermaklinic.cl\/shop\/producto\/uv-stick\/","name":"UV Stick - Dermaklinic","isPartOf":{"@id":"https:\/\/dermaklinic.cl\/shop\/#website"},"primaryImageOfPage":{"@id":"https:\/\/dermaklinic.cl\/shop\/producto\/uv-stick\/#primaryimage"},"image":{"@id":"https:\/\/dermaklinic.cl\/shop\/producto\/uv-stick\/#primaryimage"},"thumbnailUrl":"https:\/\/dermaklinic.cl\/shop\/wp-content\/uploads\/2025\/07\/EltaUVStick1.webp","datePublished":"2025-07-04T20:18:38+00:00","dateModified":"2025-07-18T22:17:15+00:00","breadcrumb":{"@id":"https:\/\/dermaklinic.cl\/shop\/producto\/uv-stick\/#breadcrumb"},"inLanguage":"es","potentialAction":[{"@type":"ReadAction","target":["https:\/\/dermaklinic.cl\/shop\/producto\/uv-stick\/"]}]},{"@type":"ImageObject","inLanguage":"es","@id":"https:\/\/dermaklinic.cl\/shop\/producto\/uv-stick\/#primaryimage","url":"https:\/\/dermaklinic.cl\/shop\/wp-content\/uploads\/2025\/07\/EltaUVStick1.webp","contentUrl":"https:\/\/dermaklinic.cl\/shop\/wp-content\/uploads\/2025\/07\/EltaUVStick1.webp","width":1000,"height":1000},{"@type":"BreadcrumbList","@id":"https:\/\/dermaklinic.cl\/shop\/producto\/uv-stick\/#breadcrumb","itemListElement":[{"@type":"ListItem","position":1,"name":"Inicio","item":"https:\/\/dermaklinic.cl\/shop\/"},{"@type":"ListItem","position":2,"name":"Tienda","item":"https:\/\/dermaklinic.cl\/shop\/tienda\/"},{"@type":"ListItem","position":3,"name":"UV Stick"}]},{"@type":"WebSite","@id":"https:\/\/dermaklinic.cl\/shop\/#website","url":"https:\/\/dermaklinic.cl\/shop\/","name":"Dermaklinic","description":"","potentialAction":[{"@type":"SearchAction","target":{"@type":"EntryPoint","urlTemplate":"https:\/\/dermaklinic.cl\/shop\/?s={search_term_string}"},"query-input":{"@type":"PropertyValueSpecification","valueRequired":true,"valueName":"search_term_string"}}],"inLanguage":"es"}]}},"_links":{"self":[{"href":"https:\/\/dermaklinic.cl\/shop\/wp-json\/wp\/v2\/product\/1672","targetHints":{"allow":["GET"]}}],"collection":[{"href":"https:\/\/dermaklinic.cl\/shop\/wp-json\/wp\/v2\/product"}],"about":[{"href":"https:\/\/dermaklinic.cl\/shop\/wp-json\/wp\/v2\/types\/product"}],"replies":[{"embeddable":true,"href":"https:\/\/dermaklinic.cl\/shop\/wp-json\/wp\/v2\/comments?post=1672"}],"version-history":[{"count":2,"href":"https:\/\/dermaklinic.cl\/shop\/wp-json\/wp\/v2\/product\/1672\/revisions"}],"predecessor-version":[{"id":1930,"href":"https:\/\/dermaklinic.cl\/shop\/wp-json\/wp\/v2\/product\/1672\/revisions\/1930"}],"wp:featuredmedia":[{"embeddable":true,"href":"https:\/\/dermaklinic.cl\/shop\/wp-json\/wp\/v2\/media\/1572"}],"wp:attachment":[{"href":"https:\/\/dermaklinic.cl\/shop\/wp-json\/wp\/v2\/media?parent=1672"}],"wp:term":[{"taxonomy":"product_brand","embeddable":true,"href":"https:\/\/dermaklinic.cl\/shop\/wp-json\/wp\/v2\/product_brand?post=1672"},{"taxonomy":"product_cat","embeddable":true,"href":"https:\/\/dermaklinic.cl\/shop\/wp-json\/wp\/v2\/product_cat?post=1672"},{"taxonomy":"product_tag","embeddable":true,"href":"https:\/\/dermaklinic.cl\/shop\/wp-json\/wp\/v2\/product_tag?post=1672"}],"curies":[{"name":"wp","href":"https:\/\/api.w.org\/{rel}","templated":true}]}}