{"id":1664,"date":"2025-07-04T17:18:38","date_gmt":"2025-07-04T20:18:38","guid":{"rendered":"https:\/\/dermaklinic.cl\/producto\/uv-clear\/"},"modified":"2025-07-18T14:24:04","modified_gmt":"2025-07-18T18:24:04","slug":"uv-clear","status":"publish","type":"product","link":"https:\/\/dermaklinic.cl\/shop\/producto\/uv-clear\/","title":{"rendered":"UV Clear"},"content":{"rendered":"","protected":false},"excerpt":{"rendered":"<p>Protector Solar hipoal\u00e9rgico ayuda a calmar y proteger las pieles propensas al acn\u00e9 y a la ros\u00e1cea. Es ideal para pieles grasas que tienen el t\u00edpico problema de absorci\u00f3n de bloqueadores, evitando que la piel quede grasosa y brillante por la grasa. Bloqueador #1 recomendado por dermat\u00f3logos en USA.<\/p>\n","protected":false},"featured_media":1899,"comment_status":"closed","ping_status":"closed","template":"","meta":[],"product_brand":[95],"product_cat":[128],"product_tag":[],"class_list":{"0":"post-1664","1":"product","2":"type-product","3":"status-publish","4":"has-post-thumbnail","6":"product_brand-elta-md","7":"product_cat-protector-solar","8":"pa_color-sin-color","9":"pa_marca-elta-md","10":"pa_ufp-ufp-30","11":"pa_zona-de-aplicacion-rostro","13":"first","14":"instock","15":"purchasable","16":"product-type-simple"},"yoast_head":"<!-- This site is optimized with the Yoast SEO plugin v25.6 - https:\/\/yoast.com\/wordpress\/plugins\/seo\/ -->\n<title>UV Clear - Dermaklinic<\/title>\n<meta name=\"robots\" content=\"index, follow, max-snippet:-1, max-image-preview:large, max-video-preview:-1\" \/>\n<link rel=\"canonical\" href=\"https:\/\/dermaklinic.cl\/shop\/producto\/uv-clear\/\" \/>\n<meta property=\"og:locale\" content=\"es_ES\" \/>\n<meta property=\"og:type\" content=\"article\" \/>\n<meta property=\"og:title\" content=\"UV Clear - Dermaklinic\" \/>\n<meta property=\"og:description\" content=\"Protector Solar hipoal\u00e9rgico ayuda a calmar y proteger las pieles propensas al acn\u00e9 y a la ros\u00e1cea. Es ideal para pieles grasas que tienen el t\u00edpico problema de absorci\u00f3n de bloqueadores, evitando que la piel quede grasosa y brillante por la grasa. Bloqueador #1 recomendado por dermat\u00f3logos en USA.\" \/>\n<meta property=\"og:url\" content=\"https:\/\/dermaklinic.cl\/shop\/producto\/uv-clear\/\" \/>\n<meta property=\"og:site_name\" content=\"Dermaklinic\" \/>\n<meta property=\"article:modified_time\" content=\"2025-07-18T18:24:04+00:00\" \/>\n<meta property=\"og:image\" content=\"https:\/\/dermaklinic.cl\/shop\/wp-content\/uploads\/2025\/07\/elta-md-uv-clear-chile-dermatologia-estoril-1_406x406_2b881009-eae2-47f0-90b5-6a72276f70d5-1.webp\" \/>\n\t<meta property=\"og:image:width\" content=\"400\" \/>\n\t<meta property=\"og:image:height\" content=\"400\" \/>\n\t<meta property=\"og:image:type\" content=\"image\/webp\" \/>\n<meta name=\"twitter:card\" content=\"summary_large_image\" \/>\n<meta name=\"twitter:label1\" content=\"Tiempo de lectura\" \/>\n\t<meta name=\"twitter:data1\" content=\"1 minuto\" \/>\n<script type=\"application\/ld+json\" class=\"yoast-schema-graph\">{\"@context\":\"https:\/\/schema.org\",\"@graph\":[{\"@type\":\"WebPage\",\"@id\":\"https:\/\/dermaklinic.cl\/shop\/producto\/uv-clear\/\",\"url\":\"https:\/\/dermaklinic.cl\/shop\/producto\/uv-clear\/\",\"name\":\"UV Clear - Dermaklinic\",\"isPartOf\":{\"@id\":\"https:\/\/dermaklinic.cl\/shop\/#website\"},\"primaryImageOfPage\":{\"@id\":\"https:\/\/dermaklinic.cl\/shop\/producto\/uv-clear\/#primaryimage\"},\"image\":{\"@id\":\"https:\/\/dermaklinic.cl\/shop\/producto\/uv-clear\/#primaryimage\"},\"thumbnailUrl\":\"https:\/\/dermaklinic.cl\/shop\/wp-content\/uploads\/2025\/07\/elta-md-uv-clear-chile-dermatologia-estoril-1_406x406_2b881009-eae2-47f0-90b5-6a72276f70d5-1.webp\",\"datePublished\":\"2025-07-04T20:18:38+00:00\",\"dateModified\":\"2025-07-18T18:24:04+00:00\",\"breadcrumb\":{\"@id\":\"https:\/\/dermaklinic.cl\/shop\/producto\/uv-clear\/#breadcrumb\"},\"inLanguage\":\"es\",\"potentialAction\":[{\"@type\":\"ReadAction\",\"target\":[\"https:\/\/dermaklinic.cl\/shop\/producto\/uv-clear\/\"]}]},{\"@type\":\"ImageObject\",\"inLanguage\":\"es\",\"@id\":\"https:\/\/dermaklinic.cl\/shop\/producto\/uv-clear\/#primaryimage\",\"url\":\"https:\/\/dermaklinic.cl\/shop\/wp-content\/uploads\/2025\/07\/elta-md-uv-clear-chile-dermatologia-estoril-1_406x406_2b881009-eae2-47f0-90b5-6a72276f70d5-1.webp\",\"contentUrl\":\"https:\/\/dermaklinic.cl\/shop\/wp-content\/uploads\/2025\/07\/elta-md-uv-clear-chile-dermatologia-estoril-1_406x406_2b881009-eae2-47f0-90b5-6a72276f70d5-1.webp\",\"width\":400,\"height\":400},{\"@type\":\"BreadcrumbList\",\"@id\":\"https:\/\/dermaklinic.cl\/shop\/producto\/uv-clear\/#breadcrumb\",\"itemListElement\":[{\"@type\":\"ListItem\",\"position\":1,\"name\":\"Inicio\",\"item\":\"https:\/\/dermaklinic.cl\/shop\/\"},{\"@type\":\"ListItem\",\"position\":2,\"name\":\"Tienda\",\"item\":\"https:\/\/dermaklinic.cl\/shop\/tienda\/\"},{\"@type\":\"ListItem\",\"position\":3,\"name\":\"UV Clear\"}]},{\"@type\":\"WebSite\",\"@id\":\"https:\/\/dermaklinic.cl\/shop\/#website\",\"url\":\"https:\/\/dermaklinic.cl\/shop\/\",\"name\":\"Dermaklinic\",\"description\":\"\",\"potentialAction\":[{\"@type\":\"SearchAction\",\"target\":{\"@type\":\"EntryPoint\",\"urlTemplate\":\"https:\/\/dermaklinic.cl\/shop\/?s={search_term_string}\"},\"query-input\":{\"@type\":\"PropertyValueSpecification\",\"valueRequired\":true,\"valueName\":\"search_term_string\"}}],\"inLanguage\":\"es\"}]}<\/script>\n<!-- \/ Yoast SEO plugin. -->","yoast_head_json":{"title":"UV Clear - Dermaklinic","robots":{"index":"index","follow":"follow","max-snippet":"max-snippet:-1","max-image-preview":"max-image-preview:large","max-video-preview":"max-video-preview:-1"},"canonical":"https:\/\/dermaklinic.cl\/shop\/producto\/uv-clear\/","og_locale":"es_ES","og_type":"article","og_title":"UV Clear - Dermaklinic","og_description":"Protector Solar hipoal\u00e9rgico ayuda a calmar y proteger las pieles propensas al acn\u00e9 y a la ros\u00e1cea. Es ideal para pieles grasas que tienen el t\u00edpico problema de absorci\u00f3n de bloqueadores, evitando que la piel quede grasosa y brillante por la grasa. Bloqueador #1 recomendado por dermat\u00f3logos en USA.","og_url":"https:\/\/dermaklinic.cl\/shop\/producto\/uv-clear\/","og_site_name":"Dermaklinic","article_modified_time":"2025-07-18T18:24:04+00:00","og_image":[{"width":400,"height":400,"url":"https:\/\/dermaklinic.cl\/shop\/wp-content\/uploads\/2025\/07\/elta-md-uv-clear-chile-dermatologia-estoril-1_406x406_2b881009-eae2-47f0-90b5-6a72276f70d5-1.webp","type":"image\/webp"}],"twitter_card":"summary_large_image","twitter_misc":{"Tiempo de lectura":"1 minuto"},"schema":{"@context":"https:\/\/schema.org","@graph":[{"@type":"WebPage","@id":"https:\/\/dermaklinic.cl\/shop\/producto\/uv-clear\/","url":"https:\/\/dermaklinic.cl\/shop\/producto\/uv-clear\/","name":"UV Clear - Dermaklinic","isPartOf":{"@id":"https:\/\/dermaklinic.cl\/shop\/#website"},"primaryImageOfPage":{"@id":"https:\/\/dermaklinic.cl\/shop\/producto\/uv-clear\/#primaryimage"},"image":{"@id":"https:\/\/dermaklinic.cl\/shop\/producto\/uv-clear\/#primaryimage"},"thumbnailUrl":"https:\/\/dermaklinic.cl\/shop\/wp-content\/uploads\/2025\/07\/elta-md-uv-clear-chile-dermatologia-estoril-1_406x406_2b881009-eae2-47f0-90b5-6a72276f70d5-1.webp","datePublished":"2025-07-04T20:18:38+00:00","dateModified":"2025-07-18T18:24:04+00:00","breadcrumb":{"@id":"https:\/\/dermaklinic.cl\/shop\/producto\/uv-clear\/#breadcrumb"},"inLanguage":"es","potentialAction":[{"@type":"ReadAction","target":["https:\/\/dermaklinic.cl\/shop\/producto\/uv-clear\/"]}]},{"@type":"ImageObject","inLanguage":"es","@id":"https:\/\/dermaklinic.cl\/shop\/producto\/uv-clear\/#primaryimage","url":"https:\/\/dermaklinic.cl\/shop\/wp-content\/uploads\/2025\/07\/elta-md-uv-clear-chile-dermatologia-estoril-1_406x406_2b881009-eae2-47f0-90b5-6a72276f70d5-1.webp","contentUrl":"https:\/\/dermaklinic.cl\/shop\/wp-content\/uploads\/2025\/07\/elta-md-uv-clear-chile-dermatologia-estoril-1_406x406_2b881009-eae2-47f0-90b5-6a72276f70d5-1.webp","width":400,"height":400},{"@type":"BreadcrumbList","@id":"https:\/\/dermaklinic.cl\/shop\/producto\/uv-clear\/#breadcrumb","itemListElement":[{"@type":"ListItem","position":1,"name":"Inicio","item":"https:\/\/dermaklinic.cl\/shop\/"},{"@type":"ListItem","position":2,"name":"Tienda","item":"https:\/\/dermaklinic.cl\/shop\/tienda\/"},{"@type":"ListItem","position":3,"name":"UV Clear"}]},{"@type":"WebSite","@id":"https:\/\/dermaklinic.cl\/shop\/#website","url":"https:\/\/dermaklinic.cl\/shop\/","name":"Dermaklinic","description":"","potentialAction":[{"@type":"SearchAction","target":{"@type":"EntryPoint","urlTemplate":"https:\/\/dermaklinic.cl\/shop\/?s={search_term_string}"},"query-input":{"@type":"PropertyValueSpecification","valueRequired":true,"valueName":"search_term_string"}}],"inLanguage":"es"}]}},"_links":{"self":[{"href":"https:\/\/dermaklinic.cl\/shop\/wp-json\/wp\/v2\/product\/1664","targetHints":{"allow":["GET"]}}],"collection":[{"href":"https:\/\/dermaklinic.cl\/shop\/wp-json\/wp\/v2\/product"}],"about":[{"href":"https:\/\/dermaklinic.cl\/shop\/wp-json\/wp\/v2\/types\/product"}],"replies":[{"embeddable":true,"href":"https:\/\/dermaklinic.cl\/shop\/wp-json\/wp\/v2\/comments?post=1664"}],"version-history":[{"count":1,"href":"https:\/\/dermaklinic.cl\/shop\/wp-json\/wp\/v2\/product\/1664\/revisions"}],"predecessor-version":[{"id":1665,"href":"https:\/\/dermaklinic.cl\/shop\/wp-json\/wp\/v2\/product\/1664\/revisions\/1665"}],"wp:featuredmedia":[{"embeddable":true,"href":"https:\/\/dermaklinic.cl\/shop\/wp-json\/wp\/v2\/media\/1899"}],"wp:attachment":[{"href":"https:\/\/dermaklinic.cl\/shop\/wp-json\/wp\/v2\/media?parent=1664"}],"wp:term":[{"taxonomy":"product_brand","embeddable":true,"href":"https:\/\/dermaklinic.cl\/shop\/wp-json\/wp\/v2\/product_brand?post=1664"},{"taxonomy":"product_cat","embeddable":true,"href":"https:\/\/dermaklinic.cl\/shop\/wp-json\/wp\/v2\/product_cat?post=1664"},{"taxonomy":"product_tag","embeddable":true,"href":"https:\/\/dermaklinic.cl\/shop\/wp-json\/wp\/v2\/product_tag?post=1664"}],"curies":[{"name":"wp","href":"https:\/\/api.w.org\/{rel}","templated":true}]}}