{"id":1660,"date":"2025-07-04T17:18:38","date_gmt":"2025-07-04T20:18:38","guid":{"rendered":"https:\/\/dermaklinic.cl\/producto\/uv-aox-elementes-con-color\/"},"modified":"2025-07-07T14:12:06","modified_gmt":"2025-07-07T18:12:06","slug":"uv-aox-elements-con-color","status":"publish","type":"product","link":"https:\/\/dermaklinic.cl\/shop\/producto\/uv-aox-elements-con-color\/","title":{"rendered":"UV AOX Elements con color"},"content":{"rendered":"","protected":false},"excerpt":{"rendered":"<p>Protector solar con color facial rico en antioxidantes hecho para la piel, no solo para el sol. Contiene antioxidantes que ayudan a combatir los signos del fotoenvejecimiento, como las l\u00edneas finas y las arrugas. No solo protege su piel al aire libre, con activos 100% minerales para reflejar y dispersar los rayos UVA y UVB, sino que tambi\u00e9n protege su piel en interiores al bloquear el 56% de HEV (luz azul). Tambi\u00e9n se ha demostrado que reduce los efectos perjudiciales de los agresores multiambientales (es decir, UV, ozono y PM) en un 96%. UV AOX Elements Broad-Spectrum SPF 50 contiene \u00e1cido hialur\u00f3nico para ayudar a hidratar y retener la humedad, y bisabolol y ra\u00edz de jengibre para ayudar a calmar la piel y reducir visiblemente el enrojecimiento.<\/p>\n","protected":false},"featured_media":1564,"comment_status":"closed","ping_status":"closed","template":"","meta":[],"product_brand":[95],"product_cat":[156,128],"product_tag":[],"class_list":{"0":"post-1660","1":"product","2":"type-product","3":"status-publish","4":"has-post-thumbnail","6":"product_brand-elta-md","7":"product_cat-pack-antioxidante","8":"product_cat-protector-solar","9":"pa_color-con-color","10":"pa_marca-elta-md","11":"pa_ufp-ufp-50","12":"pa_zona-de-aplicacion-rostro","14":"first","15":"instock","16":"purchasable","17":"product-type-simple"},"yoast_head":"<!-- This site is optimized with the Yoast SEO plugin v25.6 - https:\/\/yoast.com\/wordpress\/plugins\/seo\/ -->\n<title>UV AOX Elements con color - Dermaklinic<\/title>\n<meta name=\"robots\" content=\"index, follow, max-snippet:-1, max-image-preview:large, max-video-preview:-1\" \/>\n<link rel=\"canonical\" href=\"https:\/\/dermaklinic.cl\/shop\/producto\/uv-aox-elements-con-color\/\" \/>\n<meta property=\"og:locale\" content=\"es_ES\" \/>\n<meta property=\"og:type\" content=\"article\" \/>\n<meta property=\"og:title\" content=\"UV AOX Elements con color - Dermaklinic\" \/>\n<meta property=\"og:description\" content=\"Protector solar con color facial rico en antioxidantes hecho para la piel, no solo para el sol. Contiene antioxidantes que ayudan a combatir los signos del fotoenvejecimiento, como las l\u00edneas finas y las arrugas. No solo protege su piel al aire libre, con activos 100% minerales para reflejar y dispersar los rayos UVA y UVB, sino que tambi\u00e9n protege su piel en interiores al bloquear el 56% de HEV (luz azul). Tambi\u00e9n se ha demostrado que reduce los efectos perjudiciales de los agresores multiambientales (es decir, UV, ozono y PM) en un 96%. UV AOX Elements Broad-Spectrum SPF 50 contiene \u00e1cido hialur\u00f3nico para ayudar a hidratar y retener la humedad, y bisabolol y ra\u00edz de jengibre para ayudar a calmar la piel y reducir visiblemente el enrojecimiento.\" \/>\n<meta property=\"og:url\" content=\"https:\/\/dermaklinic.cl\/shop\/producto\/uv-aox-elements-con-color\/\" \/>\n<meta property=\"og:site_name\" content=\"Dermaklinic\" \/>\n<meta property=\"article:modified_time\" content=\"2025-07-07T18:12:06+00:00\" \/>\n<meta property=\"og:image\" content=\"https:\/\/dermaklinic.cl\/shop\/wp-content\/uploads\/2025\/07\/EltaMDAOX1.webp\" \/>\n\t<meta property=\"og:image:width\" content=\"1000\" \/>\n\t<meta property=\"og:image:height\" content=\"1000\" \/>\n\t<meta property=\"og:image:type\" content=\"image\/webp\" \/>\n<meta name=\"twitter:card\" content=\"summary_large_image\" \/>\n<script type=\"application\/ld+json\" class=\"yoast-schema-graph\">{\"@context\":\"https:\/\/schema.org\",\"@graph\":[{\"@type\":\"WebPage\",\"@id\":\"https:\/\/dermaklinic.cl\/shop\/producto\/uv-aox-elements-con-color\/\",\"url\":\"https:\/\/dermaklinic.cl\/shop\/producto\/uv-aox-elements-con-color\/\",\"name\":\"UV AOX Elements con color - Dermaklinic\",\"isPartOf\":{\"@id\":\"https:\/\/dermaklinic.cl\/shop\/#website\"},\"primaryImageOfPage\":{\"@id\":\"https:\/\/dermaklinic.cl\/shop\/producto\/uv-aox-elements-con-color\/#primaryimage\"},\"image\":{\"@id\":\"https:\/\/dermaklinic.cl\/shop\/producto\/uv-aox-elements-con-color\/#primaryimage\"},\"thumbnailUrl\":\"https:\/\/dermaklinic.cl\/shop\/wp-content\/uploads\/2025\/07\/EltaMDAOX1.webp\",\"datePublished\":\"2025-07-04T20:18:38+00:00\",\"dateModified\":\"2025-07-07T18:12:06+00:00\",\"breadcrumb\":{\"@id\":\"https:\/\/dermaklinic.cl\/shop\/producto\/uv-aox-elements-con-color\/#breadcrumb\"},\"inLanguage\":\"es\",\"potentialAction\":[{\"@type\":\"ReadAction\",\"target\":[\"https:\/\/dermaklinic.cl\/shop\/producto\/uv-aox-elements-con-color\/\"]}]},{\"@type\":\"ImageObject\",\"inLanguage\":\"es\",\"@id\":\"https:\/\/dermaklinic.cl\/shop\/producto\/uv-aox-elements-con-color\/#primaryimage\",\"url\":\"https:\/\/dermaklinic.cl\/shop\/wp-content\/uploads\/2025\/07\/EltaMDAOX1.webp\",\"contentUrl\":\"https:\/\/dermaklinic.cl\/shop\/wp-content\/uploads\/2025\/07\/EltaMDAOX1.webp\",\"width\":1000,\"height\":1000},{\"@type\":\"BreadcrumbList\",\"@id\":\"https:\/\/dermaklinic.cl\/shop\/producto\/uv-aox-elements-con-color\/#breadcrumb\",\"itemListElement\":[{\"@type\":\"ListItem\",\"position\":1,\"name\":\"Inicio\",\"item\":\"https:\/\/dermaklinic.cl\/shop\/\"},{\"@type\":\"ListItem\",\"position\":2,\"name\":\"Tienda\",\"item\":\"https:\/\/dermaklinic.cl\/shop\/tienda\/\"},{\"@type\":\"ListItem\",\"position\":3,\"name\":\"UV AOX Elements con color\"}]},{\"@type\":\"WebSite\",\"@id\":\"https:\/\/dermaklinic.cl\/shop\/#website\",\"url\":\"https:\/\/dermaklinic.cl\/shop\/\",\"name\":\"Dermaklinic\",\"description\":\"\",\"potentialAction\":[{\"@type\":\"SearchAction\",\"target\":{\"@type\":\"EntryPoint\",\"urlTemplate\":\"https:\/\/dermaklinic.cl\/shop\/?s={search_term_string}\"},\"query-input\":{\"@type\":\"PropertyValueSpecification\",\"valueRequired\":true,\"valueName\":\"search_term_string\"}}],\"inLanguage\":\"es\"}]}<\/script>\n<!-- \/ Yoast SEO plugin. -->","yoast_head_json":{"title":"UV AOX Elements con color - Dermaklinic","robots":{"index":"index","follow":"follow","max-snippet":"max-snippet:-1","max-image-preview":"max-image-preview:large","max-video-preview":"max-video-preview:-1"},"canonical":"https:\/\/dermaklinic.cl\/shop\/producto\/uv-aox-elements-con-color\/","og_locale":"es_ES","og_type":"article","og_title":"UV AOX Elements con color - Dermaklinic","og_description":"Protector solar con color facial rico en antioxidantes hecho para la piel, no solo para el sol. Contiene antioxidantes que ayudan a combatir los signos del fotoenvejecimiento, como las l\u00edneas finas y las arrugas. No solo protege su piel al aire libre, con activos 100% minerales para reflejar y dispersar los rayos UVA y UVB, sino que tambi\u00e9n protege su piel en interiores al bloquear el 56% de HEV (luz azul). Tambi\u00e9n se ha demostrado que reduce los efectos perjudiciales de los agresores multiambientales (es decir, UV, ozono y PM) en un 96%. UV AOX Elements Broad-Spectrum SPF 50 contiene \u00e1cido hialur\u00f3nico para ayudar a hidratar y retener la humedad, y bisabolol y ra\u00edz de jengibre para ayudar a calmar la piel y reducir visiblemente el enrojecimiento.","og_url":"https:\/\/dermaklinic.cl\/shop\/producto\/uv-aox-elements-con-color\/","og_site_name":"Dermaklinic","article_modified_time":"2025-07-07T18:12:06+00:00","og_image":[{"width":1000,"height":1000,"url":"https:\/\/dermaklinic.cl\/shop\/wp-content\/uploads\/2025\/07\/EltaMDAOX1.webp","type":"image\/webp"}],"twitter_card":"summary_large_image","schema":{"@context":"https:\/\/schema.org","@graph":[{"@type":"WebPage","@id":"https:\/\/dermaklinic.cl\/shop\/producto\/uv-aox-elements-con-color\/","url":"https:\/\/dermaklinic.cl\/shop\/producto\/uv-aox-elements-con-color\/","name":"UV AOX Elements con color - Dermaklinic","isPartOf":{"@id":"https:\/\/dermaklinic.cl\/shop\/#website"},"primaryImageOfPage":{"@id":"https:\/\/dermaklinic.cl\/shop\/producto\/uv-aox-elements-con-color\/#primaryimage"},"image":{"@id":"https:\/\/dermaklinic.cl\/shop\/producto\/uv-aox-elements-con-color\/#primaryimage"},"thumbnailUrl":"https:\/\/dermaklinic.cl\/shop\/wp-content\/uploads\/2025\/07\/EltaMDAOX1.webp","datePublished":"2025-07-04T20:18:38+00:00","dateModified":"2025-07-07T18:12:06+00:00","breadcrumb":{"@id":"https:\/\/dermaklinic.cl\/shop\/producto\/uv-aox-elements-con-color\/#breadcrumb"},"inLanguage":"es","potentialAction":[{"@type":"ReadAction","target":["https:\/\/dermaklinic.cl\/shop\/producto\/uv-aox-elements-con-color\/"]}]},{"@type":"ImageObject","inLanguage":"es","@id":"https:\/\/dermaklinic.cl\/shop\/producto\/uv-aox-elements-con-color\/#primaryimage","url":"https:\/\/dermaklinic.cl\/shop\/wp-content\/uploads\/2025\/07\/EltaMDAOX1.webp","contentUrl":"https:\/\/dermaklinic.cl\/shop\/wp-content\/uploads\/2025\/07\/EltaMDAOX1.webp","width":1000,"height":1000},{"@type":"BreadcrumbList","@id":"https:\/\/dermaklinic.cl\/shop\/producto\/uv-aox-elements-con-color\/#breadcrumb","itemListElement":[{"@type":"ListItem","position":1,"name":"Inicio","item":"https:\/\/dermaklinic.cl\/shop\/"},{"@type":"ListItem","position":2,"name":"Tienda","item":"https:\/\/dermaklinic.cl\/shop\/tienda\/"},{"@type":"ListItem","position":3,"name":"UV AOX Elements con color"}]},{"@type":"WebSite","@id":"https:\/\/dermaklinic.cl\/shop\/#website","url":"https:\/\/dermaklinic.cl\/shop\/","name":"Dermaklinic","description":"","potentialAction":[{"@type":"SearchAction","target":{"@type":"EntryPoint","urlTemplate":"https:\/\/dermaklinic.cl\/shop\/?s={search_term_string}"},"query-input":{"@type":"PropertyValueSpecification","valueRequired":true,"valueName":"search_term_string"}}],"inLanguage":"es"}]}},"_links":{"self":[{"href":"https:\/\/dermaklinic.cl\/shop\/wp-json\/wp\/v2\/product\/1660","targetHints":{"allow":["GET"]}}],"collection":[{"href":"https:\/\/dermaklinic.cl\/shop\/wp-json\/wp\/v2\/product"}],"about":[{"href":"https:\/\/dermaklinic.cl\/shop\/wp-json\/wp\/v2\/types\/product"}],"replies":[{"embeddable":true,"href":"https:\/\/dermaklinic.cl\/shop\/wp-json\/wp\/v2\/comments?post=1660"}],"version-history":[{"count":2,"href":"https:\/\/dermaklinic.cl\/shop\/wp-json\/wp\/v2\/product\/1660\/revisions"}],"predecessor-version":[{"id":1811,"href":"https:\/\/dermaklinic.cl\/shop\/wp-json\/wp\/v2\/product\/1660\/revisions\/1811"}],"wp:featuredmedia":[{"embeddable":true,"href":"https:\/\/dermaklinic.cl\/shop\/wp-json\/wp\/v2\/media\/1564"}],"wp:attachment":[{"href":"https:\/\/dermaklinic.cl\/shop\/wp-json\/wp\/v2\/media?parent=1660"}],"wp:term":[{"taxonomy":"product_brand","embeddable":true,"href":"https:\/\/dermaklinic.cl\/shop\/wp-json\/wp\/v2\/product_brand?post=1660"},{"taxonomy":"product_cat","embeddable":true,"href":"https:\/\/dermaklinic.cl\/shop\/wp-json\/wp\/v2\/product_cat?post=1660"},{"taxonomy":"product_tag","embeddable":true,"href":"https:\/\/dermaklinic.cl\/shop\/wp-json\/wp\/v2\/product_tag?post=1660"}],"curies":[{"name":"wp","href":"https:\/\/api.w.org\/{rel}","templated":true}]}}