{"id":1243,"date":"2025-03-24T19:40:46","date_gmt":"2025-03-24T22:40:46","guid":{"rendered":"https:\/\/dermaklinic.cl\/producto\/chemise-copenhagen\/"},"modified":"2025-12-07T15:51:02","modified_gmt":"2025-12-07T18:51:02","slug":"chemise-copenhagen","status":"publish","type":"product","link":"https:\/\/dermaklinic.cl\/shop\/producto\/chemise-copenhagen\/","title":{"rendered":"Chemise femenino Copenhagen"},"content":{"rendered":"<p class=\"\" data-start=\"0\" data-end=\"319\">La principal caracter\u00edstica de esta prenda es su versatilidad. Puede usarse tanto como salida de playa como tambi\u00e9n como camisa en looks casuales. De color liso, es f\u00e1cil de combinar con accesorios coloridos o prendas estampadas. Para realzar el estilo, puede usarse anudada en la punta, logrando un dise\u00f1o m\u00e1s corto.\u00a0<strong data-start=\"321\" data-end=\"336\">Beneficios: <\/strong><span style=\"font-size: 16px;\">La protecci\u00f3n no se pierde con los lavados. <\/span><span style=\"font-size: 16px;\">Permite el uso con manga larga o corta, en este caso sujeta con martingala. <\/span><span style=\"font-size: 16px;\">Su tejido es ligero y c\u00f3modo, con un tacto fr\u00edo que permite una r\u00e1pida evaporaci\u00f3n del sudor.<\/span><\/p>\n","protected":false},"excerpt":{"rendered":"<p>La principal caracter\u00edstica de esta prenda es su versatilidad. Puede usarse tanto como salida de playa como tambi\u00e9n como camisa en looks casuales. De color liso, es f\u00e1cil de combinar con accesorios coloridos o prendas estampadas. Para realzar el estilo, puede usarse anudada en la punta, logrando un dise\u00f1o m\u00e1s corto.\u00a0Beneficios: La protecci\u00f3n no se [&hellip;]<\/p>\n","protected":false},"featured_media":1244,"comment_status":"open","ping_status":"open","template":"","meta":[],"product_brand":[99],"product_cat":[151,91,68,66],"product_tag":[],"class_list":{"0":"post-1243","1":"product","2":"type-product","3":"status-publish","4":"has-post-thumbnail","6":"product_brand-uv-line","7":"product_cat-accesorios-de-proteccion-solar","8":"product_cat-chemise","9":"product_cat-mujer","10":"product_cat-seccion","11":"pa_color-azul-marino","12":"pa_color-off-white","13":"pa_talla-l","14":"pa_talla-m","15":"pa_talla-s","16":"pa_talla-xl","18":"first","19":"instock","20":"taxable","21":"shipping-taxable","22":"purchasable","23":"product-type-variable","24":"has-default-attributes"},"yoast_head":"<!-- This site is optimized with the Yoast SEO plugin v25.6 - https:\/\/yoast.com\/wordpress\/plugins\/seo\/ -->\n<title>Chemise femenino Copenhagen - Dermaklinic<\/title>\n<meta name=\"robots\" content=\"index, follow, max-snippet:-1, max-image-preview:large, max-video-preview:-1\" \/>\n<link rel=\"canonical\" href=\"https:\/\/dermaklinic.cl\/shop\/producto\/chemise-copenhagen\/\" \/>\n<meta property=\"og:locale\" content=\"es_ES\" \/>\n<meta property=\"og:type\" content=\"article\" \/>\n<meta property=\"og:title\" content=\"Chemise femenino Copenhagen - Dermaklinic\" \/>\n<meta property=\"og:description\" content=\"La principal caracter\u00edstica de esta prenda es su versatilidad. Puede usarse tanto como salida de playa como tambi\u00e9n como camisa en looks casuales. De color liso, es f\u00e1cil de combinar con accesorios coloridos o prendas estampadas. Para realzar el estilo, puede usarse anudada en la punta, logrando un dise\u00f1o m\u00e1s corto.\u00a0Beneficios: La protecci\u00f3n no se [&hellip;]\" \/>\n<meta property=\"og:url\" content=\"https:\/\/dermaklinic.cl\/shop\/producto\/chemise-copenhagen\/\" \/>\n<meta property=\"og:site_name\" content=\"Dermaklinic\" \/>\n<meta property=\"article:modified_time\" content=\"2025-12-07T18:51:02+00:00\" \/>\n<meta property=\"og:image\" content=\"https:\/\/dermaklinic.cl\/shop\/wp-content\/uploads\/2025\/06\/172258-3500-auto.webp\" \/>\n\t<meta property=\"og:image:width\" content=\"1800\" \/>\n\t<meta property=\"og:image:height\" content=\"1800\" \/>\n\t<meta property=\"og:image:type\" content=\"image\/webp\" \/>\n<meta name=\"twitter:card\" content=\"summary_large_image\" \/>\n<meta name=\"twitter:label1\" content=\"Tiempo de lectura\" \/>\n\t<meta name=\"twitter:data1\" content=\"1 minuto\" \/>\n<script type=\"application\/ld+json\" class=\"yoast-schema-graph\">{\"@context\":\"https:\/\/schema.org\",\"@graph\":[{\"@type\":\"WebPage\",\"@id\":\"https:\/\/dermaklinic.cl\/shop\/producto\/chemise-copenhagen\/\",\"url\":\"https:\/\/dermaklinic.cl\/shop\/producto\/chemise-copenhagen\/\",\"name\":\"Chemise femenino Copenhagen - Dermaklinic\",\"isPartOf\":{\"@id\":\"https:\/\/dermaklinic.cl\/shop\/#website\"},\"primaryImageOfPage\":{\"@id\":\"https:\/\/dermaklinic.cl\/shop\/producto\/chemise-copenhagen\/#primaryimage\"},\"image\":{\"@id\":\"https:\/\/dermaklinic.cl\/shop\/producto\/chemise-copenhagen\/#primaryimage\"},\"thumbnailUrl\":\"https:\/\/dermaklinic.cl\/shop\/wp-content\/uploads\/2025\/06\/172258-3500-auto.webp\",\"datePublished\":\"2025-03-24T22:40:46+00:00\",\"dateModified\":\"2025-12-07T18:51:02+00:00\",\"breadcrumb\":{\"@id\":\"https:\/\/dermaklinic.cl\/shop\/producto\/chemise-copenhagen\/#breadcrumb\"},\"inLanguage\":\"es\",\"potentialAction\":[{\"@type\":\"ReadAction\",\"target\":[\"https:\/\/dermaklinic.cl\/shop\/producto\/chemise-copenhagen\/\"]}]},{\"@type\":\"ImageObject\",\"inLanguage\":\"es\",\"@id\":\"https:\/\/dermaklinic.cl\/shop\/producto\/chemise-copenhagen\/#primaryimage\",\"url\":\"https:\/\/dermaklinic.cl\/shop\/wp-content\/uploads\/2025\/06\/172258-3500-auto.webp\",\"contentUrl\":\"https:\/\/dermaklinic.cl\/shop\/wp-content\/uploads\/2025\/06\/172258-3500-auto.webp\",\"width\":1800,\"height\":1800},{\"@type\":\"BreadcrumbList\",\"@id\":\"https:\/\/dermaklinic.cl\/shop\/producto\/chemise-copenhagen\/#breadcrumb\",\"itemListElement\":[{\"@type\":\"ListItem\",\"position\":1,\"name\":\"Inicio\",\"item\":\"https:\/\/dermaklinic.cl\/shop\/\"},{\"@type\":\"ListItem\",\"position\":2,\"name\":\"Tienda\",\"item\":\"https:\/\/dermaklinic.cl\/shop\/tienda\/\"},{\"@type\":\"ListItem\",\"position\":3,\"name\":\"Chemise femenino Copenhagen\"}]},{\"@type\":\"WebSite\",\"@id\":\"https:\/\/dermaklinic.cl\/shop\/#website\",\"url\":\"https:\/\/dermaklinic.cl\/shop\/\",\"name\":\"Dermaklinic\",\"description\":\"\",\"potentialAction\":[{\"@type\":\"SearchAction\",\"target\":{\"@type\":\"EntryPoint\",\"urlTemplate\":\"https:\/\/dermaklinic.cl\/shop\/?s={search_term_string}\"},\"query-input\":{\"@type\":\"PropertyValueSpecification\",\"valueRequired\":true,\"valueName\":\"search_term_string\"}}],\"inLanguage\":\"es\"}]}<\/script>\n<!-- \/ Yoast SEO plugin. -->","yoast_head_json":{"title":"Chemise femenino Copenhagen - Dermaklinic","robots":{"index":"index","follow":"follow","max-snippet":"max-snippet:-1","max-image-preview":"max-image-preview:large","max-video-preview":"max-video-preview:-1"},"canonical":"https:\/\/dermaklinic.cl\/shop\/producto\/chemise-copenhagen\/","og_locale":"es_ES","og_type":"article","og_title":"Chemise femenino Copenhagen - Dermaklinic","og_description":"La principal caracter\u00edstica de esta prenda es su versatilidad. Puede usarse tanto como salida de playa como tambi\u00e9n como camisa en looks casuales. De color liso, es f\u00e1cil de combinar con accesorios coloridos o prendas estampadas. Para realzar el estilo, puede usarse anudada en la punta, logrando un dise\u00f1o m\u00e1s corto.\u00a0Beneficios: La protecci\u00f3n no se [&hellip;]","og_url":"https:\/\/dermaklinic.cl\/shop\/producto\/chemise-copenhagen\/","og_site_name":"Dermaklinic","article_modified_time":"2025-12-07T18:51:02+00:00","og_image":[{"width":1800,"height":1800,"url":"https:\/\/dermaklinic.cl\/shop\/wp-content\/uploads\/2025\/06\/172258-3500-auto.webp","type":"image\/webp"}],"twitter_card":"summary_large_image","twitter_misc":{"Tiempo de lectura":"1 minuto"},"schema":{"@context":"https:\/\/schema.org","@graph":[{"@type":"WebPage","@id":"https:\/\/dermaklinic.cl\/shop\/producto\/chemise-copenhagen\/","url":"https:\/\/dermaklinic.cl\/shop\/producto\/chemise-copenhagen\/","name":"Chemise femenino Copenhagen - Dermaklinic","isPartOf":{"@id":"https:\/\/dermaklinic.cl\/shop\/#website"},"primaryImageOfPage":{"@id":"https:\/\/dermaklinic.cl\/shop\/producto\/chemise-copenhagen\/#primaryimage"},"image":{"@id":"https:\/\/dermaklinic.cl\/shop\/producto\/chemise-copenhagen\/#primaryimage"},"thumbnailUrl":"https:\/\/dermaklinic.cl\/shop\/wp-content\/uploads\/2025\/06\/172258-3500-auto.webp","datePublished":"2025-03-24T22:40:46+00:00","dateModified":"2025-12-07T18:51:02+00:00","breadcrumb":{"@id":"https:\/\/dermaklinic.cl\/shop\/producto\/chemise-copenhagen\/#breadcrumb"},"inLanguage":"es","potentialAction":[{"@type":"ReadAction","target":["https:\/\/dermaklinic.cl\/shop\/producto\/chemise-copenhagen\/"]}]},{"@type":"ImageObject","inLanguage":"es","@id":"https:\/\/dermaklinic.cl\/shop\/producto\/chemise-copenhagen\/#primaryimage","url":"https:\/\/dermaklinic.cl\/shop\/wp-content\/uploads\/2025\/06\/172258-3500-auto.webp","contentUrl":"https:\/\/dermaklinic.cl\/shop\/wp-content\/uploads\/2025\/06\/172258-3500-auto.webp","width":1800,"height":1800},{"@type":"BreadcrumbList","@id":"https:\/\/dermaklinic.cl\/shop\/producto\/chemise-copenhagen\/#breadcrumb","itemListElement":[{"@type":"ListItem","position":1,"name":"Inicio","item":"https:\/\/dermaklinic.cl\/shop\/"},{"@type":"ListItem","position":2,"name":"Tienda","item":"https:\/\/dermaklinic.cl\/shop\/tienda\/"},{"@type":"ListItem","position":3,"name":"Chemise femenino Copenhagen"}]},{"@type":"WebSite","@id":"https:\/\/dermaklinic.cl\/shop\/#website","url":"https:\/\/dermaklinic.cl\/shop\/","name":"Dermaklinic","description":"","potentialAction":[{"@type":"SearchAction","target":{"@type":"EntryPoint","urlTemplate":"https:\/\/dermaklinic.cl\/shop\/?s={search_term_string}"},"query-input":{"@type":"PropertyValueSpecification","valueRequired":true,"valueName":"search_term_string"}}],"inLanguage":"es"}]}},"_links":{"self":[{"href":"https:\/\/dermaklinic.cl\/shop\/wp-json\/wp\/v2\/product\/1243","targetHints":{"allow":["GET"]}}],"collection":[{"href":"https:\/\/dermaklinic.cl\/shop\/wp-json\/wp\/v2\/product"}],"about":[{"href":"https:\/\/dermaklinic.cl\/shop\/wp-json\/wp\/v2\/types\/product"}],"replies":[{"embeddable":true,"href":"https:\/\/dermaklinic.cl\/shop\/wp-json\/wp\/v2\/comments?post=1243"}],"version-history":[{"count":1,"href":"https:\/\/dermaklinic.cl\/shop\/wp-json\/wp\/v2\/product\/1243\/revisions"}],"predecessor-version":[{"id":1756,"href":"https:\/\/dermaklinic.cl\/shop\/wp-json\/wp\/v2\/product\/1243\/revisions\/1756"}],"wp:featuredmedia":[{"embeddable":true,"href":"https:\/\/dermaklinic.cl\/shop\/wp-json\/wp\/v2\/media\/1244"}],"wp:attachment":[{"href":"https:\/\/dermaklinic.cl\/shop\/wp-json\/wp\/v2\/media?parent=1243"}],"wp:term":[{"taxonomy":"product_brand","embeddable":true,"href":"https:\/\/dermaklinic.cl\/shop\/wp-json\/wp\/v2\/product_brand?post=1243"},{"taxonomy":"product_cat","embeddable":true,"href":"https:\/\/dermaklinic.cl\/shop\/wp-json\/wp\/v2\/product_cat?post=1243"},{"taxonomy":"product_tag","embeddable":true,"href":"https:\/\/dermaklinic.cl\/shop\/wp-json\/wp\/v2\/product_tag?post=1243"}],"curies":[{"name":"wp","href":"https:\/\/api.w.org\/{rel}","templated":true}]}}