{"id":1233,"date":"2025-03-20T11:56:08","date_gmt":"2025-03-20T14:56:08","guid":{"rendered":"https:\/\/dermaklinic.cl\/producto\/camisa-uv-masculina\/"},"modified":"2025-07-21T13:47:01","modified_gmt":"2025-07-21T17:47:01","slug":"camisa-tenerife-masculina-uv","status":"publish","type":"product","link":"https:\/\/dermaklinic.cl\/shop\/producto\/camisa-tenerife-masculina-uv\/","title":{"rendered":"Camisa Tenerife Masculina UV"},"content":{"rendered":"<p data-start=\"0\" data-end=\"323\">Esta camisa con protecci\u00f3n UV se puede usar en diversas situaciones, como paseos por el campo, senderismo, pesca o incluso para crear looks casuales en el d\u00eda a d\u00eda. Ofrece practicidad para guardar peque\u00f1os objetos gracias a los bolsillos frontales con cierre. S\u00faper vers\u00e1til, se puede usar junto con una camiseta debajo.\u00a0Beneficios (Atributos): La protecci\u00f3n UV no se pierde con los lavados. Su tejido tiene secado r\u00e1pido y no se arruga. La trabilla en las mangas permite sujetarlas cuando se doblan hacia arriba. Cobertura total de hombros, brazos, espalda, cuello y torso. El corte con malla en la espalda garantiza ventilaci\u00f3n y transpirabilidad en la zona.<\/p>\n","protected":false},"excerpt":{"rendered":"<p>Esta camisa con protecci\u00f3n UV se puede usar en diversas situaciones, como paseos por el campo, senderismo, pesca o incluso para crear looks casuales en el d\u00eda a d\u00eda. Ofrece practicidad para guardar peque\u00f1os objetos gracias a los bolsillos frontales con cierre. S\u00faper vers\u00e1til, se puede usar junto con una camiseta debajo.\u00a0Beneficios (Atributos): La protecci\u00f3n [&hellip;]<\/p>\n","protected":false},"featured_media":1234,"comment_status":"open","ping_status":"closed","template":"","meta":[],"product_brand":[99],"product_cat":[151,67,75,66],"product_tag":[],"class_list":{"0":"post-1233","1":"product","2":"type-product","3":"status-publish","4":"has-post-thumbnail","6":"product_brand-uv-line","7":"product_cat-accesorios-de-proteccion-solar","8":"product_cat-hombre","9":"product_cat-poleras-uv-50","10":"product_cat-seccion","11":"pa_color-terracota","12":"pa_talla-l","13":"pa_talla-m","14":"pa_talla-xl","15":"pa_talla-p","17":"first","18":"instock","19":"taxable","20":"shipping-taxable","21":"purchasable","22":"product-type-variable"},"yoast_head":"<!-- This site is optimized with the Yoast SEO plugin v25.6 - https:\/\/yoast.com\/wordpress\/plugins\/seo\/ -->\n<title>Camisa Tenerife Masculina UV - Dermaklinic<\/title>\n<meta name=\"robots\" content=\"index, follow, max-snippet:-1, max-image-preview:large, max-video-preview:-1\" \/>\n<link rel=\"canonical\" href=\"https:\/\/dermaklinic.cl\/shop\/producto\/camisa-tenerife-masculina-uv\/\" \/>\n<meta property=\"og:locale\" content=\"es_ES\" \/>\n<meta property=\"og:type\" content=\"article\" \/>\n<meta property=\"og:title\" content=\"Camisa Tenerife Masculina UV - Dermaklinic\" \/>\n<meta property=\"og:description\" content=\"Esta camisa con protecci\u00f3n UV se puede usar en diversas situaciones, como paseos por el campo, senderismo, pesca o incluso para crear looks casuales en el d\u00eda a d\u00eda. Ofrece practicidad para guardar peque\u00f1os objetos gracias a los bolsillos frontales con cierre. S\u00faper vers\u00e1til, se puede usar junto con una camiseta debajo.\u00a0Beneficios (Atributos): La protecci\u00f3n [&hellip;]\" \/>\n<meta property=\"og:url\" content=\"https:\/\/dermaklinic.cl\/shop\/producto\/camisa-tenerife-masculina-uv\/\" \/>\n<meta property=\"og:site_name\" content=\"Dermaklinic\" \/>\n<meta property=\"article:modified_time\" content=\"2025-07-21T17:47:01+00:00\" \/>\n<meta property=\"og:image\" content=\"https:\/\/dermaklinic.cl\/shop\/wp-content\/uploads\/2025\/06\/174564-3500-auto.png\" \/>\n\t<meta property=\"og:image:width\" content=\"1800\" \/>\n\t<meta property=\"og:image:height\" content=\"1800\" \/>\n\t<meta property=\"og:image:type\" content=\"image\/png\" \/>\n<meta name=\"twitter:card\" content=\"summary_large_image\" \/>\n<meta name=\"twitter:label1\" content=\"Tiempo de lectura\" \/>\n\t<meta name=\"twitter:data1\" content=\"1 minuto\" \/>\n<script type=\"application\/ld+json\" class=\"yoast-schema-graph\">{\"@context\":\"https:\/\/schema.org\",\"@graph\":[{\"@type\":\"WebPage\",\"@id\":\"https:\/\/dermaklinic.cl\/shop\/producto\/camisa-tenerife-masculina-uv\/\",\"url\":\"https:\/\/dermaklinic.cl\/shop\/producto\/camisa-tenerife-masculina-uv\/\",\"name\":\"Camisa Tenerife Masculina UV - Dermaklinic\",\"isPartOf\":{\"@id\":\"https:\/\/dermaklinic.cl\/shop\/#website\"},\"primaryImageOfPage\":{\"@id\":\"https:\/\/dermaklinic.cl\/shop\/producto\/camisa-tenerife-masculina-uv\/#primaryimage\"},\"image\":{\"@id\":\"https:\/\/dermaklinic.cl\/shop\/producto\/camisa-tenerife-masculina-uv\/#primaryimage\"},\"thumbnailUrl\":\"https:\/\/dermaklinic.cl\/shop\/wp-content\/uploads\/2025\/06\/174564-3500-auto.png\",\"datePublished\":\"2025-03-20T14:56:08+00:00\",\"dateModified\":\"2025-07-21T17:47:01+00:00\",\"breadcrumb\":{\"@id\":\"https:\/\/dermaklinic.cl\/shop\/producto\/camisa-tenerife-masculina-uv\/#breadcrumb\"},\"inLanguage\":\"es\",\"potentialAction\":[{\"@type\":\"ReadAction\",\"target\":[\"https:\/\/dermaklinic.cl\/shop\/producto\/camisa-tenerife-masculina-uv\/\"]}]},{\"@type\":\"ImageObject\",\"inLanguage\":\"es\",\"@id\":\"https:\/\/dermaklinic.cl\/shop\/producto\/camisa-tenerife-masculina-uv\/#primaryimage\",\"url\":\"https:\/\/dermaklinic.cl\/shop\/wp-content\/uploads\/2025\/06\/174564-3500-auto.png\",\"contentUrl\":\"https:\/\/dermaklinic.cl\/shop\/wp-content\/uploads\/2025\/06\/174564-3500-auto.png\",\"width\":1800,\"height\":1800},{\"@type\":\"BreadcrumbList\",\"@id\":\"https:\/\/dermaklinic.cl\/shop\/producto\/camisa-tenerife-masculina-uv\/#breadcrumb\",\"itemListElement\":[{\"@type\":\"ListItem\",\"position\":1,\"name\":\"Inicio\",\"item\":\"https:\/\/dermaklinic.cl\/shop\/\"},{\"@type\":\"ListItem\",\"position\":2,\"name\":\"Tienda\",\"item\":\"https:\/\/dermaklinic.cl\/shop\/tienda\/\"},{\"@type\":\"ListItem\",\"position\":3,\"name\":\"Camisa Tenerife Masculina UV\"}]},{\"@type\":\"WebSite\",\"@id\":\"https:\/\/dermaklinic.cl\/shop\/#website\",\"url\":\"https:\/\/dermaklinic.cl\/shop\/\",\"name\":\"Dermaklinic\",\"description\":\"\",\"potentialAction\":[{\"@type\":\"SearchAction\",\"target\":{\"@type\":\"EntryPoint\",\"urlTemplate\":\"https:\/\/dermaklinic.cl\/shop\/?s={search_term_string}\"},\"query-input\":{\"@type\":\"PropertyValueSpecification\",\"valueRequired\":true,\"valueName\":\"search_term_string\"}}],\"inLanguage\":\"es\"}]}<\/script>\n<!-- \/ Yoast SEO plugin. -->","yoast_head_json":{"title":"Camisa Tenerife Masculina UV - Dermaklinic","robots":{"index":"index","follow":"follow","max-snippet":"max-snippet:-1","max-image-preview":"max-image-preview:large","max-video-preview":"max-video-preview:-1"},"canonical":"https:\/\/dermaklinic.cl\/shop\/producto\/camisa-tenerife-masculina-uv\/","og_locale":"es_ES","og_type":"article","og_title":"Camisa Tenerife Masculina UV - Dermaklinic","og_description":"Esta camisa con protecci\u00f3n UV se puede usar en diversas situaciones, como paseos por el campo, senderismo, pesca o incluso para crear looks casuales en el d\u00eda a d\u00eda. Ofrece practicidad para guardar peque\u00f1os objetos gracias a los bolsillos frontales con cierre. S\u00faper vers\u00e1til, se puede usar junto con una camiseta debajo.\u00a0Beneficios (Atributos): La protecci\u00f3n [&hellip;]","og_url":"https:\/\/dermaklinic.cl\/shop\/producto\/camisa-tenerife-masculina-uv\/","og_site_name":"Dermaklinic","article_modified_time":"2025-07-21T17:47:01+00:00","og_image":[{"width":1800,"height":1800,"url":"https:\/\/dermaklinic.cl\/shop\/wp-content\/uploads\/2025\/06\/174564-3500-auto.png","type":"image\/png"}],"twitter_card":"summary_large_image","twitter_misc":{"Tiempo de lectura":"1 minuto"},"schema":{"@context":"https:\/\/schema.org","@graph":[{"@type":"WebPage","@id":"https:\/\/dermaklinic.cl\/shop\/producto\/camisa-tenerife-masculina-uv\/","url":"https:\/\/dermaklinic.cl\/shop\/producto\/camisa-tenerife-masculina-uv\/","name":"Camisa Tenerife Masculina UV - Dermaklinic","isPartOf":{"@id":"https:\/\/dermaklinic.cl\/shop\/#website"},"primaryImageOfPage":{"@id":"https:\/\/dermaklinic.cl\/shop\/producto\/camisa-tenerife-masculina-uv\/#primaryimage"},"image":{"@id":"https:\/\/dermaklinic.cl\/shop\/producto\/camisa-tenerife-masculina-uv\/#primaryimage"},"thumbnailUrl":"https:\/\/dermaklinic.cl\/shop\/wp-content\/uploads\/2025\/06\/174564-3500-auto.png","datePublished":"2025-03-20T14:56:08+00:00","dateModified":"2025-07-21T17:47:01+00:00","breadcrumb":{"@id":"https:\/\/dermaklinic.cl\/shop\/producto\/camisa-tenerife-masculina-uv\/#breadcrumb"},"inLanguage":"es","potentialAction":[{"@type":"ReadAction","target":["https:\/\/dermaklinic.cl\/shop\/producto\/camisa-tenerife-masculina-uv\/"]}]},{"@type":"ImageObject","inLanguage":"es","@id":"https:\/\/dermaklinic.cl\/shop\/producto\/camisa-tenerife-masculina-uv\/#primaryimage","url":"https:\/\/dermaklinic.cl\/shop\/wp-content\/uploads\/2025\/06\/174564-3500-auto.png","contentUrl":"https:\/\/dermaklinic.cl\/shop\/wp-content\/uploads\/2025\/06\/174564-3500-auto.png","width":1800,"height":1800},{"@type":"BreadcrumbList","@id":"https:\/\/dermaklinic.cl\/shop\/producto\/camisa-tenerife-masculina-uv\/#breadcrumb","itemListElement":[{"@type":"ListItem","position":1,"name":"Inicio","item":"https:\/\/dermaklinic.cl\/shop\/"},{"@type":"ListItem","position":2,"name":"Tienda","item":"https:\/\/dermaklinic.cl\/shop\/tienda\/"},{"@type":"ListItem","position":3,"name":"Camisa Tenerife Masculina UV"}]},{"@type":"WebSite","@id":"https:\/\/dermaklinic.cl\/shop\/#website","url":"https:\/\/dermaklinic.cl\/shop\/","name":"Dermaklinic","description":"","potentialAction":[{"@type":"SearchAction","target":{"@type":"EntryPoint","urlTemplate":"https:\/\/dermaklinic.cl\/shop\/?s={search_term_string}"},"query-input":{"@type":"PropertyValueSpecification","valueRequired":true,"valueName":"search_term_string"}}],"inLanguage":"es"}]}},"_links":{"self":[{"href":"https:\/\/dermaklinic.cl\/shop\/wp-json\/wp\/v2\/product\/1233","targetHints":{"allow":["GET"]}}],"collection":[{"href":"https:\/\/dermaklinic.cl\/shop\/wp-json\/wp\/v2\/product"}],"about":[{"href":"https:\/\/dermaklinic.cl\/shop\/wp-json\/wp\/v2\/types\/product"}],"replies":[{"embeddable":true,"href":"https:\/\/dermaklinic.cl\/shop\/wp-json\/wp\/v2\/comments?post=1233"}],"version-history":[{"count":3,"href":"https:\/\/dermaklinic.cl\/shop\/wp-json\/wp\/v2\/product\/1233\/revisions"}],"predecessor-version":[{"id":1902,"href":"https:\/\/dermaklinic.cl\/shop\/wp-json\/wp\/v2\/product\/1233\/revisions\/1902"}],"wp:featuredmedia":[{"embeddable":true,"href":"https:\/\/dermaklinic.cl\/shop\/wp-json\/wp\/v2\/media\/1234"}],"wp:attachment":[{"href":"https:\/\/dermaklinic.cl\/shop\/wp-json\/wp\/v2\/media?parent=1233"}],"wp:term":[{"taxonomy":"product_brand","embeddable":true,"href":"https:\/\/dermaklinic.cl\/shop\/wp-json\/wp\/v2\/product_brand?post=1233"},{"taxonomy":"product_cat","embeddable":true,"href":"https:\/\/dermaklinic.cl\/shop\/wp-json\/wp\/v2\/product_cat?post=1233"},{"taxonomy":"product_tag","embeddable":true,"href":"https:\/\/dermaklinic.cl\/shop\/wp-json\/wp\/v2\/product_tag?post=1233"}],"curies":[{"name":"wp","href":"https:\/\/api.w.org\/{rel}","templated":true}]}}