{"id":1229,"date":"2025-01-09T19:23:40","date_gmt":"2025-01-09T22:23:40","guid":{"rendered":"https:\/\/dermaklinic.cl\/producto\/sombrero-uv-50-napoli-kids\/"},"modified":"2025-07-07T12:38:05","modified_gmt":"2025-07-07T15:38:05","slug":"sombrero-uv-50-napoli-kids","status":"publish","type":"product","link":"https:\/\/dermaklinic.cl\/shop\/producto\/sombrero-uv-50-napoli-kids\/","title":{"rendered":"Sombrero UV 50+ Napoli Kids"},"content":{"rendered":"<p><span data-sheets-root=\"1\">El gorro Napoli Basic Kids es perfecto para los beb\u00e9s, ya que adem\u00e1s de blandito es pr\u00e1ctico de poner y se puede mojar, por lo que es una buena opci\u00f3n para la playa y la piscina. <\/span><\/p>\n<p><span data-sheets-root=\"1\">Beneficios: La protecci\u00f3n no se elimina con el lavado. Este modelo tiene un forro suave que protege la cabeza del beb\u00e9 y se puede ajustar el tama\u00f1o mediante el cord\u00f3n el\u00e1stico externo.<\/span><\/p>\n<ul>\n<li><span data-sheets-root=\"1\">M\u00e1xima protecci\u00f3n permanente FPU50+.<\/span><\/li>\n<li><span data-sheets-root=\"1\">Tejido 100% poli\u00e9ster.<\/span><\/li>\n<li><span data-sheets-root=\"1\">Cord\u00f3n el\u00e1stico con tope para ajuste de talla.<\/span><\/li>\n<li><span data-sheets-root=\"1\">Excelente acabado;<br \/>\n<\/span><\/li>\n<\/ul>\n<p>Consejos de lavado y limpieza:<br \/>\nLavar a mano suavemente con agua fr\u00eda y jab\u00f3n neutro. Secar a la sombra.<\/p>\n","protected":false},"excerpt":{"rendered":"<p><span style=\"font-weight: 400;\"><span class=\"selectable-text copyable-text false\">El gorro Napoli es perfecto para los beb\u00e9s, es pr\u00e1ctico de poner y se puede mojar, es una buena opci\u00f3n para la playa y la piscina. <\/span><\/span><span style=\"font-weight: 400;\">M\u00e1xima protecci\u00f3n UV permanente FPU50+. <\/span><\/p>\n","protected":false},"featured_media":1230,"comment_status":"closed","ping_status":"open","template":"","meta":[],"product_brand":[99],"product_cat":[151,81,74,66,71],"product_tag":[],"class_list":{"0":"post-1229","1":"product","2":"type-product","3":"status-publish","4":"has-post-thumbnail","6":"product_brand-uv-line","7":"product_cat-accesorios-de-proteccion-solar","8":"product_cat-baby","9":"product_cat-kids","10":"product_cat-seccion","11":"product_cat-sombreros-uv-50","12":"pa_filtro-filtro-uv","13":"pa_marca-uv-line","14":"pa_seccion-kids","15":"pa_seccion-baby","16":"pa_talla-m-sombrero-kids","17":"pa_talla-p","19":"first","20":"outofstock","21":"product-type-simple"},"yoast_head":"<!-- This site is optimized with the Yoast SEO plugin v25.6 - https:\/\/yoast.com\/wordpress\/plugins\/seo\/ -->\n<title>Sombrero UV 50+ Napoli Kids - Dermaklinic<\/title>\n<meta name=\"robots\" content=\"index, follow, max-snippet:-1, max-image-preview:large, max-video-preview:-1\" \/>\n<link rel=\"canonical\" href=\"https:\/\/dermaklinic.cl\/shop\/producto\/sombrero-uv-50-napoli-kids\/\" \/>\n<meta property=\"og:locale\" content=\"es_ES\" \/>\n<meta property=\"og:type\" content=\"article\" \/>\n<meta property=\"og:title\" content=\"Sombrero UV 50+ Napoli Kids - Dermaklinic\" \/>\n<meta property=\"og:description\" content=\"El gorro Napoli es perfecto para los beb\u00e9s, es pr\u00e1ctico de poner y se puede mojar, es una buena opci\u00f3n para la playa y la piscina. M\u00e1xima protecci\u00f3n UV permanente FPU50+.\" \/>\n<meta property=\"og:url\" content=\"https:\/\/dermaklinic.cl\/shop\/producto\/sombrero-uv-50-napoli-kids\/\" \/>\n<meta property=\"og:site_name\" content=\"Dermaklinic\" \/>\n<meta property=\"article:modified_time\" content=\"2025-07-07T15:38:05+00:00\" \/>\n<meta property=\"og:image\" content=\"https:\/\/dermaklinic.cl\/shop\/wp-content\/uploads\/2025\/06\/SombNapoliKidsAzulMarino1.webp\" \/>\n\t<meta property=\"og:image:width\" content=\"1800\" \/>\n\t<meta property=\"og:image:height\" content=\"1800\" \/>\n\t<meta property=\"og:image:type\" content=\"image\/webp\" \/>\n<meta name=\"twitter:card\" content=\"summary_large_image\" \/>\n<meta name=\"twitter:label1\" content=\"Tiempo de lectura\" \/>\n\t<meta name=\"twitter:data1\" content=\"1 minuto\" \/>\n<script type=\"application\/ld+json\" class=\"yoast-schema-graph\">{\"@context\":\"https:\/\/schema.org\",\"@graph\":[{\"@type\":\"WebPage\",\"@id\":\"https:\/\/dermaklinic.cl\/shop\/producto\/sombrero-uv-50-napoli-kids\/\",\"url\":\"https:\/\/dermaklinic.cl\/shop\/producto\/sombrero-uv-50-napoli-kids\/\",\"name\":\"Sombrero UV 50+ Napoli Kids - Dermaklinic\",\"isPartOf\":{\"@id\":\"https:\/\/dermaklinic.cl\/shop\/#website\"},\"primaryImageOfPage\":{\"@id\":\"https:\/\/dermaklinic.cl\/shop\/producto\/sombrero-uv-50-napoli-kids\/#primaryimage\"},\"image\":{\"@id\":\"https:\/\/dermaklinic.cl\/shop\/producto\/sombrero-uv-50-napoli-kids\/#primaryimage\"},\"thumbnailUrl\":\"https:\/\/dermaklinic.cl\/shop\/wp-content\/uploads\/2025\/06\/SombNapoliKidsAzulMarino1.webp\",\"datePublished\":\"2025-01-09T22:23:40+00:00\",\"dateModified\":\"2025-07-07T15:38:05+00:00\",\"breadcrumb\":{\"@id\":\"https:\/\/dermaklinic.cl\/shop\/producto\/sombrero-uv-50-napoli-kids\/#breadcrumb\"},\"inLanguage\":\"es\",\"potentialAction\":[{\"@type\":\"ReadAction\",\"target\":[\"https:\/\/dermaklinic.cl\/shop\/producto\/sombrero-uv-50-napoli-kids\/\"]}]},{\"@type\":\"ImageObject\",\"inLanguage\":\"es\",\"@id\":\"https:\/\/dermaklinic.cl\/shop\/producto\/sombrero-uv-50-napoli-kids\/#primaryimage\",\"url\":\"https:\/\/dermaklinic.cl\/shop\/wp-content\/uploads\/2025\/06\/SombNapoliKidsAzulMarino1.webp\",\"contentUrl\":\"https:\/\/dermaklinic.cl\/shop\/wp-content\/uploads\/2025\/06\/SombNapoliKidsAzulMarino1.webp\",\"width\":1800,\"height\":1800},{\"@type\":\"BreadcrumbList\",\"@id\":\"https:\/\/dermaklinic.cl\/shop\/producto\/sombrero-uv-50-napoli-kids\/#breadcrumb\",\"itemListElement\":[{\"@type\":\"ListItem\",\"position\":1,\"name\":\"Inicio\",\"item\":\"https:\/\/dermaklinic.cl\/shop\/\"},{\"@type\":\"ListItem\",\"position\":2,\"name\":\"Tienda\",\"item\":\"https:\/\/dermaklinic.cl\/shop\/tienda\/\"},{\"@type\":\"ListItem\",\"position\":3,\"name\":\"Sombrero UV 50+ Napoli Kids\"}]},{\"@type\":\"WebSite\",\"@id\":\"https:\/\/dermaklinic.cl\/shop\/#website\",\"url\":\"https:\/\/dermaklinic.cl\/shop\/\",\"name\":\"Dermaklinic\",\"description\":\"\",\"potentialAction\":[{\"@type\":\"SearchAction\",\"target\":{\"@type\":\"EntryPoint\",\"urlTemplate\":\"https:\/\/dermaklinic.cl\/shop\/?s={search_term_string}\"},\"query-input\":{\"@type\":\"PropertyValueSpecification\",\"valueRequired\":true,\"valueName\":\"search_term_string\"}}],\"inLanguage\":\"es\"}]}<\/script>\n<!-- \/ Yoast SEO plugin. -->","yoast_head_json":{"title":"Sombrero UV 50+ Napoli Kids - Dermaklinic","robots":{"index":"index","follow":"follow","max-snippet":"max-snippet:-1","max-image-preview":"max-image-preview:large","max-video-preview":"max-video-preview:-1"},"canonical":"https:\/\/dermaklinic.cl\/shop\/producto\/sombrero-uv-50-napoli-kids\/","og_locale":"es_ES","og_type":"article","og_title":"Sombrero UV 50+ Napoli Kids - Dermaklinic","og_description":"El gorro Napoli es perfecto para los beb\u00e9s, es pr\u00e1ctico de poner y se puede mojar, es una buena opci\u00f3n para la playa y la piscina. M\u00e1xima protecci\u00f3n UV permanente FPU50+.","og_url":"https:\/\/dermaklinic.cl\/shop\/producto\/sombrero-uv-50-napoli-kids\/","og_site_name":"Dermaklinic","article_modified_time":"2025-07-07T15:38:05+00:00","og_image":[{"width":1800,"height":1800,"url":"https:\/\/dermaklinic.cl\/shop\/wp-content\/uploads\/2025\/06\/SombNapoliKidsAzulMarino1.webp","type":"image\/webp"}],"twitter_card":"summary_large_image","twitter_misc":{"Tiempo de lectura":"1 minuto"},"schema":{"@context":"https:\/\/schema.org","@graph":[{"@type":"WebPage","@id":"https:\/\/dermaklinic.cl\/shop\/producto\/sombrero-uv-50-napoli-kids\/","url":"https:\/\/dermaklinic.cl\/shop\/producto\/sombrero-uv-50-napoli-kids\/","name":"Sombrero UV 50+ Napoli Kids - Dermaklinic","isPartOf":{"@id":"https:\/\/dermaklinic.cl\/shop\/#website"},"primaryImageOfPage":{"@id":"https:\/\/dermaklinic.cl\/shop\/producto\/sombrero-uv-50-napoli-kids\/#primaryimage"},"image":{"@id":"https:\/\/dermaklinic.cl\/shop\/producto\/sombrero-uv-50-napoli-kids\/#primaryimage"},"thumbnailUrl":"https:\/\/dermaklinic.cl\/shop\/wp-content\/uploads\/2025\/06\/SombNapoliKidsAzulMarino1.webp","datePublished":"2025-01-09T22:23:40+00:00","dateModified":"2025-07-07T15:38:05+00:00","breadcrumb":{"@id":"https:\/\/dermaklinic.cl\/shop\/producto\/sombrero-uv-50-napoli-kids\/#breadcrumb"},"inLanguage":"es","potentialAction":[{"@type":"ReadAction","target":["https:\/\/dermaklinic.cl\/shop\/producto\/sombrero-uv-50-napoli-kids\/"]}]},{"@type":"ImageObject","inLanguage":"es","@id":"https:\/\/dermaklinic.cl\/shop\/producto\/sombrero-uv-50-napoli-kids\/#primaryimage","url":"https:\/\/dermaklinic.cl\/shop\/wp-content\/uploads\/2025\/06\/SombNapoliKidsAzulMarino1.webp","contentUrl":"https:\/\/dermaklinic.cl\/shop\/wp-content\/uploads\/2025\/06\/SombNapoliKidsAzulMarino1.webp","width":1800,"height":1800},{"@type":"BreadcrumbList","@id":"https:\/\/dermaklinic.cl\/shop\/producto\/sombrero-uv-50-napoli-kids\/#breadcrumb","itemListElement":[{"@type":"ListItem","position":1,"name":"Inicio","item":"https:\/\/dermaklinic.cl\/shop\/"},{"@type":"ListItem","position":2,"name":"Tienda","item":"https:\/\/dermaklinic.cl\/shop\/tienda\/"},{"@type":"ListItem","position":3,"name":"Sombrero UV 50+ Napoli Kids"}]},{"@type":"WebSite","@id":"https:\/\/dermaklinic.cl\/shop\/#website","url":"https:\/\/dermaklinic.cl\/shop\/","name":"Dermaklinic","description":"","potentialAction":[{"@type":"SearchAction","target":{"@type":"EntryPoint","urlTemplate":"https:\/\/dermaklinic.cl\/shop\/?s={search_term_string}"},"query-input":{"@type":"PropertyValueSpecification","valueRequired":true,"valueName":"search_term_string"}}],"inLanguage":"es"}]}},"_links":{"self":[{"href":"https:\/\/dermaklinic.cl\/shop\/wp-json\/wp\/v2\/product\/1229","targetHints":{"allow":["GET"]}}],"collection":[{"href":"https:\/\/dermaklinic.cl\/shop\/wp-json\/wp\/v2\/product"}],"about":[{"href":"https:\/\/dermaklinic.cl\/shop\/wp-json\/wp\/v2\/types\/product"}],"replies":[{"embeddable":true,"href":"https:\/\/dermaklinic.cl\/shop\/wp-json\/wp\/v2\/comments?post=1229"}],"version-history":[{"count":1,"href":"https:\/\/dermaklinic.cl\/shop\/wp-json\/wp\/v2\/product\/1229\/revisions"}],"predecessor-version":[{"id":1758,"href":"https:\/\/dermaklinic.cl\/shop\/wp-json\/wp\/v2\/product\/1229\/revisions\/1758"}],"wp:featuredmedia":[{"embeddable":true,"href":"https:\/\/dermaklinic.cl\/shop\/wp-json\/wp\/v2\/media\/1230"}],"wp:attachment":[{"href":"https:\/\/dermaklinic.cl\/shop\/wp-json\/wp\/v2\/media?parent=1229"}],"wp:term":[{"taxonomy":"product_brand","embeddable":true,"href":"https:\/\/dermaklinic.cl\/shop\/wp-json\/wp\/v2\/product_brand?post=1229"},{"taxonomy":"product_cat","embeddable":true,"href":"https:\/\/dermaklinic.cl\/shop\/wp-json\/wp\/v2\/product_cat?post=1229"},{"taxonomy":"product_tag","embeddable":true,"href":"https:\/\/dermaklinic.cl\/shop\/wp-json\/wp\/v2\/product_tag?post=1229"}],"curies":[{"name":"wp","href":"https:\/\/api.w.org\/{rel}","templated":true}]}}