{"id":1222,"date":"2025-01-09T19:04:59","date_gmt":"2025-01-09T22:04:59","guid":{"rendered":"https:\/\/dermaklinic.cl\/producto\/visera-uv-50-grecia-fit-azul\/"},"modified":"2025-12-03T12:12:16","modified_gmt":"2025-12-03T15:12:16","slug":"visera-uv-50-grecia-fit-azul","status":"publish","type":"product","link":"https:\/\/dermaklinic.cl\/shop\/producto\/visera-uv-50-grecia-fit-azul\/","title":{"rendered":"Visera UV 50+ Grecia Fit Azul"},"content":{"rendered":"<p><span style=\"font-weight: 400;\">La visera GRECIA de UV.LINE es el modelo m\u00e1s de moda de nuestra l\u00ednea, confeccionada con material engomado por dentro y tela met\u00e1lica s\u00faper especial por fuera. Esta visera es perfecta para darle un impulso a cualquier conjunto, por lo que es ideal para usar en la playa y la piscina.\u00a0<\/span><\/p>\n<p><span style=\"font-weight: 400;\">Su ala grande proporciona una protecci\u00f3n total, mientras que el el\u00e1stico ajustable personalizado en la parte trasera se adapta a diferentes tama\u00f1os de cabeza. Con protecci\u00f3n UV garantizada por la tecnolog\u00eda ACQUATECH, la visera tambi\u00e9n se seca r\u00e1pidamente y mantiene su eficacia despu\u00e9s de la limpieza.\u00a0<\/span><\/p>\n<p><span style=\"font-weight: 400;\">TEJIDO: 85% poliamida 15% elastano<\/span><br \/>\n<span style=\"font-weight: 400;\">EL\u00c1STICO NEGRO: 43% poli\u00e9ster 42% poliamida 15% elastodieno<\/span><br \/>\n<span style=\"font-weight: 400;\">EL\u00c1STICO DE COLORES: 85% poli\u00e9ster 15% elastodieno<\/span><br \/>\n<span style=\"font-weight: 400;\">Medidas: Ala de 12 cm (medida desde el ala hasta la uni\u00f3n de la copa)<\/span><\/p>\n<ul>\n<li><span style=\"font-size: 16px; font-weight: 400;\">M\u00e1xima protecci\u00f3n permanente UPF50+.<\/span><\/li>\n<li>Solapa flexible de EVA.<\/li>\n<li><span style=\"font-weight: 400;\">Tecnolog\u00eda de secado r\u00e1pido.<\/span><\/li>\n<li><span style=\"font-weight: 400;\">Tela brillante.<\/span><\/li>\n<li><span style=\"font-weight: 400;\">Copa abierta.<\/span><\/li>\n<li><span style=\"font-weight: 400;\">Ajuste de talla realizado mediante el\u00e1stico y banda de tela.<\/span><\/li>\n<li><span style=\"font-weight: 400;\">Excelente acabado.<\/span><\/li>\n<\/ul>\n<p><span style=\"font-weight: 400;\">Consejos de lavado y limpieza:<\/span><\/p>\n<ul>\n<li><span style=\"font-size: 16px; font-weight: 400;\">Se recomienda limpiar con un pa\u00f1o suave humedecido con agua y jab\u00f3n neutro. Secar a la sombra.<\/span><\/li>\n<li style=\"list-style-type: none;\"><\/li>\n<\/ul>\n","protected":false},"excerpt":{"rendered":"<p><span style=\"font-weight: 400;\">La visera Grecia es el modelo m\u00e1s de moda de nuestra l\u00ednea, confeccionada con material engomado por dentro y tela met\u00e1lica s\u00faper especial por fuera.\u00a0<\/span><span style=\"font-weight: 400;\">Con protecci\u00f3n UV garantizada por la tecnolog\u00eda ACQUATECH, la visera tambi\u00e9n se seca r\u00e1pidamente y mantiene su eficacia despu\u00e9s de la limpieza. <\/span><span style=\"font-weight: 400;\">M\u00e1xima protecci\u00f3n UV permanente UPF50+. <\/span><\/p>\n","protected":false},"featured_media":1224,"comment_status":"closed","ping_status":"closed","template":"","meta":[],"product_brand":[99],"product_cat":[151,68,66,71,72],"product_tag":[],"class_list":{"0":"post-1222","1":"product","2":"type-product","3":"status-publish","4":"has-post-thumbnail","6":"product_brand-uv-line","7":"product_cat-accesorios-de-proteccion-solar","8":"product_cat-mujer","9":"product_cat-seccion","10":"product_cat-sombreros-uv-50","11":"product_cat-viseras-uv-50","12":"pa_color-negro","13":"pa_filtro-filtro-uv","14":"pa_marca-uv-line","16":"first","17":"instock","18":"purchasable","19":"product-type-simple"},"yoast_head":"<!-- This site is optimized with the Yoast SEO plugin v25.6 - https:\/\/yoast.com\/wordpress\/plugins\/seo\/ -->\n<title>Visera UV 50+ Grecia Fit Azul - Dermaklinic<\/title>\n<meta name=\"robots\" content=\"index, follow, max-snippet:-1, max-image-preview:large, max-video-preview:-1\" \/>\n<link rel=\"canonical\" href=\"https:\/\/dermaklinic.cl\/shop\/producto\/visera-uv-50-grecia-fit-azul\/\" \/>\n<meta property=\"og:locale\" content=\"es_ES\" \/>\n<meta property=\"og:type\" content=\"article\" \/>\n<meta property=\"og:title\" content=\"Visera UV 50+ Grecia Fit Azul - Dermaklinic\" \/>\n<meta property=\"og:description\" content=\"La visera Grecia es el modelo m\u00e1s de moda de nuestra l\u00ednea, confeccionada con material engomado por dentro y tela met\u00e1lica s\u00faper especial por fuera.\u00a0Con protecci\u00f3n UV garantizada por la tecnolog\u00eda ACQUATECH, la visera tambi\u00e9n se seca r\u00e1pidamente y mantiene su eficacia despu\u00e9s de la limpieza. M\u00e1xima protecci\u00f3n UV permanente UPF50+.\" \/>\n<meta property=\"og:url\" content=\"https:\/\/dermaklinic.cl\/shop\/producto\/visera-uv-50-grecia-fit-azul\/\" \/>\n<meta property=\"og:site_name\" content=\"Dermaklinic\" \/>\n<meta property=\"article:modified_time\" content=\"2025-12-03T15:12:16+00:00\" \/>\n<meta property=\"og:image\" content=\"https:\/\/dermaklinic.cl\/shop\/wp-content\/uploads\/2025\/06\/ViseraGreciaAzulMarino1.webp\" \/>\n\t<meta property=\"og:image:width\" content=\"1800\" \/>\n\t<meta property=\"og:image:height\" content=\"1800\" \/>\n\t<meta property=\"og:image:type\" content=\"image\/webp\" \/>\n<meta name=\"twitter:card\" content=\"summary_large_image\" \/>\n<meta name=\"twitter:label1\" content=\"Tiempo de lectura\" \/>\n\t<meta name=\"twitter:data1\" content=\"2 minutos\" \/>\n<script type=\"application\/ld+json\" class=\"yoast-schema-graph\">{\"@context\":\"https:\/\/schema.org\",\"@graph\":[{\"@type\":\"WebPage\",\"@id\":\"https:\/\/dermaklinic.cl\/shop\/producto\/visera-uv-50-grecia-fit-azul\/\",\"url\":\"https:\/\/dermaklinic.cl\/shop\/producto\/visera-uv-50-grecia-fit-azul\/\",\"name\":\"Visera UV 50+ Grecia Fit Azul - Dermaklinic\",\"isPartOf\":{\"@id\":\"https:\/\/dermaklinic.cl\/shop\/#website\"},\"primaryImageOfPage\":{\"@id\":\"https:\/\/dermaklinic.cl\/shop\/producto\/visera-uv-50-grecia-fit-azul\/#primaryimage\"},\"image\":{\"@id\":\"https:\/\/dermaklinic.cl\/shop\/producto\/visera-uv-50-grecia-fit-azul\/#primaryimage\"},\"thumbnailUrl\":\"https:\/\/dermaklinic.cl\/shop\/wp-content\/uploads\/2025\/06\/ViseraGreciaAzulMarino1.webp\",\"datePublished\":\"2025-01-09T22:04:59+00:00\",\"dateModified\":\"2025-12-03T15:12:16+00:00\",\"breadcrumb\":{\"@id\":\"https:\/\/dermaklinic.cl\/shop\/producto\/visera-uv-50-grecia-fit-azul\/#breadcrumb\"},\"inLanguage\":\"es\",\"potentialAction\":[{\"@type\":\"ReadAction\",\"target\":[\"https:\/\/dermaklinic.cl\/shop\/producto\/visera-uv-50-grecia-fit-azul\/\"]}]},{\"@type\":\"ImageObject\",\"inLanguage\":\"es\",\"@id\":\"https:\/\/dermaklinic.cl\/shop\/producto\/visera-uv-50-grecia-fit-azul\/#primaryimage\",\"url\":\"https:\/\/dermaklinic.cl\/shop\/wp-content\/uploads\/2025\/06\/ViseraGreciaAzulMarino1.webp\",\"contentUrl\":\"https:\/\/dermaklinic.cl\/shop\/wp-content\/uploads\/2025\/06\/ViseraGreciaAzulMarino1.webp\",\"width\":1800,\"height\":1800},{\"@type\":\"BreadcrumbList\",\"@id\":\"https:\/\/dermaklinic.cl\/shop\/producto\/visera-uv-50-grecia-fit-azul\/#breadcrumb\",\"itemListElement\":[{\"@type\":\"ListItem\",\"position\":1,\"name\":\"Inicio\",\"item\":\"https:\/\/dermaklinic.cl\/shop\/\"},{\"@type\":\"ListItem\",\"position\":2,\"name\":\"Tienda\",\"item\":\"https:\/\/dermaklinic.cl\/shop\/tienda\/\"},{\"@type\":\"ListItem\",\"position\":3,\"name\":\"Visera UV 50+ Grecia Fit Azul\"}]},{\"@type\":\"WebSite\",\"@id\":\"https:\/\/dermaklinic.cl\/shop\/#website\",\"url\":\"https:\/\/dermaklinic.cl\/shop\/\",\"name\":\"Dermaklinic\",\"description\":\"\",\"potentialAction\":[{\"@type\":\"SearchAction\",\"target\":{\"@type\":\"EntryPoint\",\"urlTemplate\":\"https:\/\/dermaklinic.cl\/shop\/?s={search_term_string}\"},\"query-input\":{\"@type\":\"PropertyValueSpecification\",\"valueRequired\":true,\"valueName\":\"search_term_string\"}}],\"inLanguage\":\"es\"}]}<\/script>\n<!-- \/ Yoast SEO plugin. -->","yoast_head_json":{"title":"Visera UV 50+ Grecia Fit Azul - Dermaklinic","robots":{"index":"index","follow":"follow","max-snippet":"max-snippet:-1","max-image-preview":"max-image-preview:large","max-video-preview":"max-video-preview:-1"},"canonical":"https:\/\/dermaklinic.cl\/shop\/producto\/visera-uv-50-grecia-fit-azul\/","og_locale":"es_ES","og_type":"article","og_title":"Visera UV 50+ Grecia Fit Azul - Dermaklinic","og_description":"La visera Grecia es el modelo m\u00e1s de moda de nuestra l\u00ednea, confeccionada con material engomado por dentro y tela met\u00e1lica s\u00faper especial por fuera.\u00a0Con protecci\u00f3n UV garantizada por la tecnolog\u00eda ACQUATECH, la visera tambi\u00e9n se seca r\u00e1pidamente y mantiene su eficacia despu\u00e9s de la limpieza. M\u00e1xima protecci\u00f3n UV permanente UPF50+.","og_url":"https:\/\/dermaklinic.cl\/shop\/producto\/visera-uv-50-grecia-fit-azul\/","og_site_name":"Dermaklinic","article_modified_time":"2025-12-03T15:12:16+00:00","og_image":[{"width":1800,"height":1800,"url":"https:\/\/dermaklinic.cl\/shop\/wp-content\/uploads\/2025\/06\/ViseraGreciaAzulMarino1.webp","type":"image\/webp"}],"twitter_card":"summary_large_image","twitter_misc":{"Tiempo de lectura":"2 minutos"},"schema":{"@context":"https:\/\/schema.org","@graph":[{"@type":"WebPage","@id":"https:\/\/dermaklinic.cl\/shop\/producto\/visera-uv-50-grecia-fit-azul\/","url":"https:\/\/dermaklinic.cl\/shop\/producto\/visera-uv-50-grecia-fit-azul\/","name":"Visera UV 50+ Grecia Fit Azul - Dermaklinic","isPartOf":{"@id":"https:\/\/dermaklinic.cl\/shop\/#website"},"primaryImageOfPage":{"@id":"https:\/\/dermaklinic.cl\/shop\/producto\/visera-uv-50-grecia-fit-azul\/#primaryimage"},"image":{"@id":"https:\/\/dermaklinic.cl\/shop\/producto\/visera-uv-50-grecia-fit-azul\/#primaryimage"},"thumbnailUrl":"https:\/\/dermaklinic.cl\/shop\/wp-content\/uploads\/2025\/06\/ViseraGreciaAzulMarino1.webp","datePublished":"2025-01-09T22:04:59+00:00","dateModified":"2025-12-03T15:12:16+00:00","breadcrumb":{"@id":"https:\/\/dermaklinic.cl\/shop\/producto\/visera-uv-50-grecia-fit-azul\/#breadcrumb"},"inLanguage":"es","potentialAction":[{"@type":"ReadAction","target":["https:\/\/dermaklinic.cl\/shop\/producto\/visera-uv-50-grecia-fit-azul\/"]}]},{"@type":"ImageObject","inLanguage":"es","@id":"https:\/\/dermaklinic.cl\/shop\/producto\/visera-uv-50-grecia-fit-azul\/#primaryimage","url":"https:\/\/dermaklinic.cl\/shop\/wp-content\/uploads\/2025\/06\/ViseraGreciaAzulMarino1.webp","contentUrl":"https:\/\/dermaklinic.cl\/shop\/wp-content\/uploads\/2025\/06\/ViseraGreciaAzulMarino1.webp","width":1800,"height":1800},{"@type":"BreadcrumbList","@id":"https:\/\/dermaklinic.cl\/shop\/producto\/visera-uv-50-grecia-fit-azul\/#breadcrumb","itemListElement":[{"@type":"ListItem","position":1,"name":"Inicio","item":"https:\/\/dermaklinic.cl\/shop\/"},{"@type":"ListItem","position":2,"name":"Tienda","item":"https:\/\/dermaklinic.cl\/shop\/tienda\/"},{"@type":"ListItem","position":3,"name":"Visera UV 50+ Grecia Fit Azul"}]},{"@type":"WebSite","@id":"https:\/\/dermaklinic.cl\/shop\/#website","url":"https:\/\/dermaklinic.cl\/shop\/","name":"Dermaklinic","description":"","potentialAction":[{"@type":"SearchAction","target":{"@type":"EntryPoint","urlTemplate":"https:\/\/dermaklinic.cl\/shop\/?s={search_term_string}"},"query-input":{"@type":"PropertyValueSpecification","valueRequired":true,"valueName":"search_term_string"}}],"inLanguage":"es"}]}},"_links":{"self":[{"href":"https:\/\/dermaklinic.cl\/shop\/wp-json\/wp\/v2\/product\/1222","targetHints":{"allow":["GET"]}}],"collection":[{"href":"https:\/\/dermaklinic.cl\/shop\/wp-json\/wp\/v2\/product"}],"about":[{"href":"https:\/\/dermaklinic.cl\/shop\/wp-json\/wp\/v2\/types\/product"}],"replies":[{"embeddable":true,"href":"https:\/\/dermaklinic.cl\/shop\/wp-json\/wp\/v2\/comments?post=1222"}],"version-history":[{"count":1,"href":"https:\/\/dermaklinic.cl\/shop\/wp-json\/wp\/v2\/product\/1222\/revisions"}],"predecessor-version":[{"id":1759,"href":"https:\/\/dermaklinic.cl\/shop\/wp-json\/wp\/v2\/product\/1222\/revisions\/1759"}],"wp:featuredmedia":[{"embeddable":true,"href":"https:\/\/dermaklinic.cl\/shop\/wp-json\/wp\/v2\/media\/1224"}],"wp:attachment":[{"href":"https:\/\/dermaklinic.cl\/shop\/wp-json\/wp\/v2\/media?parent=1222"}],"wp:term":[{"taxonomy":"product_brand","embeddable":true,"href":"https:\/\/dermaklinic.cl\/shop\/wp-json\/wp\/v2\/product_brand?post=1222"},{"taxonomy":"product_cat","embeddable":true,"href":"https:\/\/dermaklinic.cl\/shop\/wp-json\/wp\/v2\/product_cat?post=1222"},{"taxonomy":"product_tag","embeddable":true,"href":"https:\/\/dermaklinic.cl\/shop\/wp-json\/wp\/v2\/product_tag?post=1222"}],"curies":[{"name":"wp","href":"https:\/\/api.w.org\/{rel}","templated":true}]}}