{"id":1209,"date":"2025-01-09T15:12:55","date_gmt":"2025-01-09T18:12:55","guid":{"rendered":"https:\/\/dermaklinic.cl\/producto\/sombrero-uv-50-california-kids-copia\/"},"modified":"2025-07-07T12:38:06","modified_gmt":"2025-07-07T15:38:06","slug":"sombrero-uv-50-california-kids-copia","status":"publish","type":"product","link":"https:\/\/dermaklinic.cl\/shop\/producto\/sombrero-uv-50-california-kids-copia\/","title":{"rendered":"Sombrero UV 50+ Basic"},"content":{"rendered":"<p>Gorro Basic UV con protecci\u00f3n solar, este modelo es muy pr\u00e1ctico para actividades al aire libre y para la playa o piscina, ya que se puede mojar. De estilo b\u00e1sico, es bastante vers\u00e1til, ideal para llevar con prendas estampadas.<\/p>\n<p>Beneficios: La protecci\u00f3n no se elimina con el lavado. Tiene un el\u00e1stico interno que ajusta el tama\u00f1o del gorro para seguir el crecimiento del ni\u00f1o.<\/p>\n<ul>\n<li>M\u00e1xima protecci\u00f3n permanente FPU50+.<\/li>\n<li>Tejido 100% poli\u00e9ster.<\/li>\n<li>Producto ligero que se seca r\u00e1pidamente.<\/li>\n<li>Excelente acabado.<\/li>\n<\/ul>\n<p>Consejos de lavado y limpieza<br \/>\nLavar a mano suavemente con agua fr\u00eda y jab\u00f3n neutro. Secar a la sombra.<\/p>\n","protected":false},"excerpt":{"rendered":"<p><span style=\"font-weight: 400;\">El sombrero UV Lyon cuenta con un dise\u00f1o vers\u00e1til combinado con protecci\u00f3n UV, es ligero y agradable al tacto. <\/span><span style=\"font-weight: 400;\">M\u00e1xima protecci\u00f3n UV permanente UPF50+. <\/span><\/p>\n","protected":false},"featured_media":1210,"comment_status":"closed","ping_status":"open","template":"","meta":[],"product_brand":[99],"product_cat":[151,81,74,66,71],"product_tag":[],"class_list":{"0":"post-1209","1":"product","2":"type-product","3":"status-publish","4":"has-post-thumbnail","6":"product_brand-uv-line","7":"product_cat-accesorios-de-proteccion-solar","8":"product_cat-baby","9":"product_cat-kids","10":"product_cat-seccion","11":"product_cat-sombreros-uv-50","12":"pa_filtro-filtro-uv","13":"pa_marca-uv-line","14":"pa_seccion-kids","15":"pa_seccion-baby","16":"pa_talla-m-sombrero-kids","17":"pa_talla-p","19":"first","20":"instock","21":"purchasable","22":"product-type-variable"},"yoast_head":"<!-- This site is optimized with the Yoast SEO plugin v25.6 - https:\/\/yoast.com\/wordpress\/plugins\/seo\/ -->\n<title>Sombrero UV 50+ Basic - Dermaklinic<\/title>\n<meta name=\"robots\" content=\"index, follow, max-snippet:-1, max-image-preview:large, max-video-preview:-1\" \/>\n<link rel=\"canonical\" href=\"https:\/\/dermaklinic.cl\/shop\/producto\/sombrero-uv-50-california-kids-copia\/\" \/>\n<meta property=\"og:locale\" content=\"es_ES\" \/>\n<meta property=\"og:type\" content=\"article\" \/>\n<meta property=\"og:title\" content=\"Sombrero UV 50+ Basic - Dermaklinic\" \/>\n<meta property=\"og:description\" content=\"El sombrero UV Lyon cuenta con un dise\u00f1o vers\u00e1til combinado con protecci\u00f3n UV, es ligero y agradable al tacto. M\u00e1xima protecci\u00f3n UV permanente UPF50+.\" \/>\n<meta property=\"og:url\" content=\"https:\/\/dermaklinic.cl\/shop\/producto\/sombrero-uv-50-california-kids-copia\/\" \/>\n<meta property=\"og:site_name\" content=\"Dermaklinic\" \/>\n<meta property=\"article:modified_time\" content=\"2025-07-07T15:38:06+00:00\" \/>\n<meta property=\"og:image\" content=\"https:\/\/dermaklinic.cl\/shop\/wp-content\/uploads\/2025\/06\/SombBasicBabyVerde1.webp\" \/>\n\t<meta property=\"og:image:width\" content=\"1800\" \/>\n\t<meta property=\"og:image:height\" content=\"1800\" \/>\n\t<meta property=\"og:image:type\" content=\"image\/webp\" \/>\n<meta name=\"twitter:card\" content=\"summary_large_image\" \/>\n<meta name=\"twitter:label1\" content=\"Tiempo de lectura\" \/>\n\t<meta name=\"twitter:data1\" content=\"1 minuto\" \/>\n<script type=\"application\/ld+json\" class=\"yoast-schema-graph\">{\"@context\":\"https:\/\/schema.org\",\"@graph\":[{\"@type\":\"WebPage\",\"@id\":\"https:\/\/dermaklinic.cl\/shop\/producto\/sombrero-uv-50-california-kids-copia\/\",\"url\":\"https:\/\/dermaklinic.cl\/shop\/producto\/sombrero-uv-50-california-kids-copia\/\",\"name\":\"Sombrero UV 50+ Basic - Dermaklinic\",\"isPartOf\":{\"@id\":\"https:\/\/dermaklinic.cl\/shop\/#website\"},\"primaryImageOfPage\":{\"@id\":\"https:\/\/dermaklinic.cl\/shop\/producto\/sombrero-uv-50-california-kids-copia\/#primaryimage\"},\"image\":{\"@id\":\"https:\/\/dermaklinic.cl\/shop\/producto\/sombrero-uv-50-california-kids-copia\/#primaryimage\"},\"thumbnailUrl\":\"https:\/\/dermaklinic.cl\/shop\/wp-content\/uploads\/2025\/06\/SombBasicBabyVerde1.webp\",\"datePublished\":\"2025-01-09T18:12:55+00:00\",\"dateModified\":\"2025-07-07T15:38:06+00:00\",\"breadcrumb\":{\"@id\":\"https:\/\/dermaklinic.cl\/shop\/producto\/sombrero-uv-50-california-kids-copia\/#breadcrumb\"},\"inLanguage\":\"es\",\"potentialAction\":[{\"@type\":\"ReadAction\",\"target\":[\"https:\/\/dermaklinic.cl\/shop\/producto\/sombrero-uv-50-california-kids-copia\/\"]}]},{\"@type\":\"ImageObject\",\"inLanguage\":\"es\",\"@id\":\"https:\/\/dermaklinic.cl\/shop\/producto\/sombrero-uv-50-california-kids-copia\/#primaryimage\",\"url\":\"https:\/\/dermaklinic.cl\/shop\/wp-content\/uploads\/2025\/06\/SombBasicBabyVerde1.webp\",\"contentUrl\":\"https:\/\/dermaklinic.cl\/shop\/wp-content\/uploads\/2025\/06\/SombBasicBabyVerde1.webp\",\"width\":1800,\"height\":1800},{\"@type\":\"BreadcrumbList\",\"@id\":\"https:\/\/dermaklinic.cl\/shop\/producto\/sombrero-uv-50-california-kids-copia\/#breadcrumb\",\"itemListElement\":[{\"@type\":\"ListItem\",\"position\":1,\"name\":\"Inicio\",\"item\":\"https:\/\/dermaklinic.cl\/shop\/\"},{\"@type\":\"ListItem\",\"position\":2,\"name\":\"Tienda\",\"item\":\"https:\/\/dermaklinic.cl\/shop\/tienda\/\"},{\"@type\":\"ListItem\",\"position\":3,\"name\":\"Sombrero UV 50+ Basic\"}]},{\"@type\":\"WebSite\",\"@id\":\"https:\/\/dermaklinic.cl\/shop\/#website\",\"url\":\"https:\/\/dermaklinic.cl\/shop\/\",\"name\":\"Dermaklinic\",\"description\":\"\",\"potentialAction\":[{\"@type\":\"SearchAction\",\"target\":{\"@type\":\"EntryPoint\",\"urlTemplate\":\"https:\/\/dermaklinic.cl\/shop\/?s={search_term_string}\"},\"query-input\":{\"@type\":\"PropertyValueSpecification\",\"valueRequired\":true,\"valueName\":\"search_term_string\"}}],\"inLanguage\":\"es\"}]}<\/script>\n<!-- \/ Yoast SEO plugin. -->","yoast_head_json":{"title":"Sombrero UV 50+ Basic - Dermaklinic","robots":{"index":"index","follow":"follow","max-snippet":"max-snippet:-1","max-image-preview":"max-image-preview:large","max-video-preview":"max-video-preview:-1"},"canonical":"https:\/\/dermaklinic.cl\/shop\/producto\/sombrero-uv-50-california-kids-copia\/","og_locale":"es_ES","og_type":"article","og_title":"Sombrero UV 50+ Basic - Dermaklinic","og_description":"El sombrero UV Lyon cuenta con un dise\u00f1o vers\u00e1til combinado con protecci\u00f3n UV, es ligero y agradable al tacto. M\u00e1xima protecci\u00f3n UV permanente UPF50+.","og_url":"https:\/\/dermaklinic.cl\/shop\/producto\/sombrero-uv-50-california-kids-copia\/","og_site_name":"Dermaklinic","article_modified_time":"2025-07-07T15:38:06+00:00","og_image":[{"width":1800,"height":1800,"url":"https:\/\/dermaklinic.cl\/shop\/wp-content\/uploads\/2025\/06\/SombBasicBabyVerde1.webp","type":"image\/webp"}],"twitter_card":"summary_large_image","twitter_misc":{"Tiempo de lectura":"1 minuto"},"schema":{"@context":"https:\/\/schema.org","@graph":[{"@type":"WebPage","@id":"https:\/\/dermaklinic.cl\/shop\/producto\/sombrero-uv-50-california-kids-copia\/","url":"https:\/\/dermaklinic.cl\/shop\/producto\/sombrero-uv-50-california-kids-copia\/","name":"Sombrero UV 50+ Basic - Dermaklinic","isPartOf":{"@id":"https:\/\/dermaklinic.cl\/shop\/#website"},"primaryImageOfPage":{"@id":"https:\/\/dermaklinic.cl\/shop\/producto\/sombrero-uv-50-california-kids-copia\/#primaryimage"},"image":{"@id":"https:\/\/dermaklinic.cl\/shop\/producto\/sombrero-uv-50-california-kids-copia\/#primaryimage"},"thumbnailUrl":"https:\/\/dermaklinic.cl\/shop\/wp-content\/uploads\/2025\/06\/SombBasicBabyVerde1.webp","datePublished":"2025-01-09T18:12:55+00:00","dateModified":"2025-07-07T15:38:06+00:00","breadcrumb":{"@id":"https:\/\/dermaklinic.cl\/shop\/producto\/sombrero-uv-50-california-kids-copia\/#breadcrumb"},"inLanguage":"es","potentialAction":[{"@type":"ReadAction","target":["https:\/\/dermaklinic.cl\/shop\/producto\/sombrero-uv-50-california-kids-copia\/"]}]},{"@type":"ImageObject","inLanguage":"es","@id":"https:\/\/dermaklinic.cl\/shop\/producto\/sombrero-uv-50-california-kids-copia\/#primaryimage","url":"https:\/\/dermaklinic.cl\/shop\/wp-content\/uploads\/2025\/06\/SombBasicBabyVerde1.webp","contentUrl":"https:\/\/dermaklinic.cl\/shop\/wp-content\/uploads\/2025\/06\/SombBasicBabyVerde1.webp","width":1800,"height":1800},{"@type":"BreadcrumbList","@id":"https:\/\/dermaklinic.cl\/shop\/producto\/sombrero-uv-50-california-kids-copia\/#breadcrumb","itemListElement":[{"@type":"ListItem","position":1,"name":"Inicio","item":"https:\/\/dermaklinic.cl\/shop\/"},{"@type":"ListItem","position":2,"name":"Tienda","item":"https:\/\/dermaklinic.cl\/shop\/tienda\/"},{"@type":"ListItem","position":3,"name":"Sombrero UV 50+ Basic"}]},{"@type":"WebSite","@id":"https:\/\/dermaklinic.cl\/shop\/#website","url":"https:\/\/dermaklinic.cl\/shop\/","name":"Dermaklinic","description":"","potentialAction":[{"@type":"SearchAction","target":{"@type":"EntryPoint","urlTemplate":"https:\/\/dermaklinic.cl\/shop\/?s={search_term_string}"},"query-input":{"@type":"PropertyValueSpecification","valueRequired":true,"valueName":"search_term_string"}}],"inLanguage":"es"}]}},"_links":{"self":[{"href":"https:\/\/dermaklinic.cl\/shop\/wp-json\/wp\/v2\/product\/1209","targetHints":{"allow":["GET"]}}],"collection":[{"href":"https:\/\/dermaklinic.cl\/shop\/wp-json\/wp\/v2\/product"}],"about":[{"href":"https:\/\/dermaklinic.cl\/shop\/wp-json\/wp\/v2\/types\/product"}],"replies":[{"embeddable":true,"href":"https:\/\/dermaklinic.cl\/shop\/wp-json\/wp\/v2\/comments?post=1209"}],"version-history":[{"count":1,"href":"https:\/\/dermaklinic.cl\/shop\/wp-json\/wp\/v2\/product\/1209\/revisions"}],"predecessor-version":[{"id":1760,"href":"https:\/\/dermaklinic.cl\/shop\/wp-json\/wp\/v2\/product\/1209\/revisions\/1760"}],"wp:featuredmedia":[{"embeddable":true,"href":"https:\/\/dermaklinic.cl\/shop\/wp-json\/wp\/v2\/media\/1210"}],"wp:attachment":[{"href":"https:\/\/dermaklinic.cl\/shop\/wp-json\/wp\/v2\/media?parent=1209"}],"wp:term":[{"taxonomy":"product_brand","embeddable":true,"href":"https:\/\/dermaklinic.cl\/shop\/wp-json\/wp\/v2\/product_brand?post=1209"},{"taxonomy":"product_cat","embeddable":true,"href":"https:\/\/dermaklinic.cl\/shop\/wp-json\/wp\/v2\/product_cat?post=1209"},{"taxonomy":"product_tag","embeddable":true,"href":"https:\/\/dermaklinic.cl\/shop\/wp-json\/wp\/v2\/product_tag?post=1209"}],"curies":[{"name":"wp","href":"https:\/\/api.w.org\/{rel}","templated":true}]}}