{"id":1199,"date":"2025-01-09T14:34:31","date_gmt":"2025-01-09T17:34:31","guid":{"rendered":"https:\/\/dermaklinic.cl\/producto\/sombrero-uv-50-california-kids\/"},"modified":"2025-07-07T12:38:06","modified_gmt":"2025-07-07T15:38:06","slug":"sombrero-uv-50-california-kids","status":"publish","type":"product","link":"https:\/\/dermaklinic.cl\/shop\/producto\/sombrero-uv-50-california-kids\/","title":{"rendered":"Sombrero UV 50+ California Kids"},"content":{"rendered":"<p>Gorro b\u00e1sico, con una estupenda relaci\u00f3n calidad-precio. Se puede utilizar con el pelo recogido en una cola de caballo. Gran opci\u00f3n para viajes al aire libre. Modelo b\u00e1sico en contraste de colores lisos y de doble cara, permite innumerables combinaciones.<\/p>\n<p>Beneficios: La protecci\u00f3n no se elimina con el lavado. <span style=\"font-size: 16px; font-style: normal; font-weight: 400;\">Tiene un dise\u00f1o que permite llevar el sombrero con el pelo recogido o suelto. El tejido proporciona un tacto suave y agradable. Los colores internos y externos contrastan entre s\u00ed, adem\u00e1s de agregar estilo y funcionalidad al ser de doble cara.<\/span><\/p>\n<ul>\n<li>M\u00e1xima protecci\u00f3n permanente FPU50+.<\/li>\n<li>Tejido 100% poli\u00e9ster.<\/li>\n<li>Modelo de doble cara: se puede utilizar por ambos lados.<\/li>\n<li>Producto ligero que se seca r\u00e1pidamente.<\/li>\n<li>Espacio para acomodar el cabello recogido.<\/li>\n<li>Velcro para ajustar el tama\u00f1o.<\/li>\n<li>Excelente acabado.<\/li>\n<\/ul>\n<p>Consejos de lavado y limpieza<br \/>\nLavar a mano suavemente con agua fr\u00eda y jab\u00f3n neutro. Secar a la sombra.<\/p>\n","protected":false},"excerpt":{"rendered":"<p><span style=\"font-weight: 400;\">El sombrero UV Lyon cuenta con un dise\u00f1o vers\u00e1til combinado con protecci\u00f3n UV, es ligero y agradable al tacto. <\/span><span style=\"font-weight: 400;\">M\u00e1xima protecci\u00f3n UV permanente UPF50+. <\/span><\/p>\n","protected":false},"featured_media":1200,"comment_status":"closed","ping_status":"open","template":"","meta":[],"product_brand":[99],"product_cat":[151,81,74,66,71],"product_tag":[],"class_list":{"0":"post-1199","1":"product","2":"type-product","3":"status-publish","4":"has-post-thumbnail","6":"product_brand-uv-line","7":"product_cat-accesorios-de-proteccion-solar","8":"product_cat-baby","9":"product_cat-kids","10":"product_cat-seccion","11":"product_cat-sombreros-uv-50","12":"pa_color-calipso-azul-marino","13":"pa_color-rosa-frambuesa","14":"pa_filtro-filtro-uv","15":"pa_marca-uv-line","16":"pa_seccion-mujer","18":"first","19":"instock","20":"purchasable","21":"product-type-variable"},"yoast_head":"<!-- This site is optimized with the Yoast SEO plugin v25.6 - https:\/\/yoast.com\/wordpress\/plugins\/seo\/ -->\n<title>Sombrero UV 50+ California Kids - Dermaklinic<\/title>\n<meta name=\"robots\" content=\"index, follow, max-snippet:-1, max-image-preview:large, max-video-preview:-1\" \/>\n<link rel=\"canonical\" href=\"https:\/\/dermaklinic.cl\/shop\/producto\/sombrero-uv-50-california-kids\/\" \/>\n<meta property=\"og:locale\" content=\"es_ES\" \/>\n<meta property=\"og:type\" content=\"article\" \/>\n<meta property=\"og:title\" content=\"Sombrero UV 50+ California Kids - Dermaklinic\" \/>\n<meta property=\"og:description\" content=\"El sombrero UV Lyon cuenta con un dise\u00f1o vers\u00e1til combinado con protecci\u00f3n UV, es ligero y agradable al tacto. M\u00e1xima protecci\u00f3n UV permanente UPF50+.\" \/>\n<meta property=\"og:url\" content=\"https:\/\/dermaklinic.cl\/shop\/producto\/sombrero-uv-50-california-kids\/\" \/>\n<meta property=\"og:site_name\" content=\"Dermaklinic\" \/>\n<meta property=\"article:modified_time\" content=\"2025-07-07T15:38:06+00:00\" \/>\n<meta property=\"og:image\" content=\"https:\/\/dermaklinic.cl\/shop\/wp-content\/uploads\/2025\/06\/SombCaliforniaKidsRosa5.webp\" \/>\n\t<meta property=\"og:image:width\" content=\"1800\" \/>\n\t<meta property=\"og:image:height\" content=\"1800\" \/>\n\t<meta property=\"og:image:type\" content=\"image\/webp\" \/>\n<meta name=\"twitter:card\" content=\"summary_large_image\" \/>\n<meta name=\"twitter:label1\" content=\"Tiempo de lectura\" \/>\n\t<meta name=\"twitter:data1\" content=\"1 minuto\" \/>\n<script type=\"application\/ld+json\" class=\"yoast-schema-graph\">{\"@context\":\"https:\/\/schema.org\",\"@graph\":[{\"@type\":\"WebPage\",\"@id\":\"https:\/\/dermaklinic.cl\/shop\/producto\/sombrero-uv-50-california-kids\/\",\"url\":\"https:\/\/dermaklinic.cl\/shop\/producto\/sombrero-uv-50-california-kids\/\",\"name\":\"Sombrero UV 50+ California Kids - Dermaklinic\",\"isPartOf\":{\"@id\":\"https:\/\/dermaklinic.cl\/shop\/#website\"},\"primaryImageOfPage\":{\"@id\":\"https:\/\/dermaklinic.cl\/shop\/producto\/sombrero-uv-50-california-kids\/#primaryimage\"},\"image\":{\"@id\":\"https:\/\/dermaklinic.cl\/shop\/producto\/sombrero-uv-50-california-kids\/#primaryimage\"},\"thumbnailUrl\":\"https:\/\/dermaklinic.cl\/shop\/wp-content\/uploads\/2025\/06\/SombCaliforniaKidsRosa5.webp\",\"datePublished\":\"2025-01-09T17:34:31+00:00\",\"dateModified\":\"2025-07-07T15:38:06+00:00\",\"breadcrumb\":{\"@id\":\"https:\/\/dermaklinic.cl\/shop\/producto\/sombrero-uv-50-california-kids\/#breadcrumb\"},\"inLanguage\":\"es\",\"potentialAction\":[{\"@type\":\"ReadAction\",\"target\":[\"https:\/\/dermaklinic.cl\/shop\/producto\/sombrero-uv-50-california-kids\/\"]}]},{\"@type\":\"ImageObject\",\"inLanguage\":\"es\",\"@id\":\"https:\/\/dermaklinic.cl\/shop\/producto\/sombrero-uv-50-california-kids\/#primaryimage\",\"url\":\"https:\/\/dermaklinic.cl\/shop\/wp-content\/uploads\/2025\/06\/SombCaliforniaKidsRosa5.webp\",\"contentUrl\":\"https:\/\/dermaklinic.cl\/shop\/wp-content\/uploads\/2025\/06\/SombCaliforniaKidsRosa5.webp\",\"width\":1800,\"height\":1800},{\"@type\":\"BreadcrumbList\",\"@id\":\"https:\/\/dermaklinic.cl\/shop\/producto\/sombrero-uv-50-california-kids\/#breadcrumb\",\"itemListElement\":[{\"@type\":\"ListItem\",\"position\":1,\"name\":\"Inicio\",\"item\":\"https:\/\/dermaklinic.cl\/shop\/\"},{\"@type\":\"ListItem\",\"position\":2,\"name\":\"Tienda\",\"item\":\"https:\/\/dermaklinic.cl\/shop\/tienda\/\"},{\"@type\":\"ListItem\",\"position\":3,\"name\":\"Sombrero UV 50+ California Kids\"}]},{\"@type\":\"WebSite\",\"@id\":\"https:\/\/dermaklinic.cl\/shop\/#website\",\"url\":\"https:\/\/dermaklinic.cl\/shop\/\",\"name\":\"Dermaklinic\",\"description\":\"\",\"potentialAction\":[{\"@type\":\"SearchAction\",\"target\":{\"@type\":\"EntryPoint\",\"urlTemplate\":\"https:\/\/dermaklinic.cl\/shop\/?s={search_term_string}\"},\"query-input\":{\"@type\":\"PropertyValueSpecification\",\"valueRequired\":true,\"valueName\":\"search_term_string\"}}],\"inLanguage\":\"es\"}]}<\/script>\n<!-- \/ Yoast SEO plugin. -->","yoast_head_json":{"title":"Sombrero UV 50+ California Kids - Dermaklinic","robots":{"index":"index","follow":"follow","max-snippet":"max-snippet:-1","max-image-preview":"max-image-preview:large","max-video-preview":"max-video-preview:-1"},"canonical":"https:\/\/dermaklinic.cl\/shop\/producto\/sombrero-uv-50-california-kids\/","og_locale":"es_ES","og_type":"article","og_title":"Sombrero UV 50+ California Kids - Dermaklinic","og_description":"El sombrero UV Lyon cuenta con un dise\u00f1o vers\u00e1til combinado con protecci\u00f3n UV, es ligero y agradable al tacto. M\u00e1xima protecci\u00f3n UV permanente UPF50+.","og_url":"https:\/\/dermaklinic.cl\/shop\/producto\/sombrero-uv-50-california-kids\/","og_site_name":"Dermaklinic","article_modified_time":"2025-07-07T15:38:06+00:00","og_image":[{"width":1800,"height":1800,"url":"https:\/\/dermaklinic.cl\/shop\/wp-content\/uploads\/2025\/06\/SombCaliforniaKidsRosa5.webp","type":"image\/webp"}],"twitter_card":"summary_large_image","twitter_misc":{"Tiempo de lectura":"1 minuto"},"schema":{"@context":"https:\/\/schema.org","@graph":[{"@type":"WebPage","@id":"https:\/\/dermaklinic.cl\/shop\/producto\/sombrero-uv-50-california-kids\/","url":"https:\/\/dermaklinic.cl\/shop\/producto\/sombrero-uv-50-california-kids\/","name":"Sombrero UV 50+ California Kids - Dermaklinic","isPartOf":{"@id":"https:\/\/dermaklinic.cl\/shop\/#website"},"primaryImageOfPage":{"@id":"https:\/\/dermaklinic.cl\/shop\/producto\/sombrero-uv-50-california-kids\/#primaryimage"},"image":{"@id":"https:\/\/dermaklinic.cl\/shop\/producto\/sombrero-uv-50-california-kids\/#primaryimage"},"thumbnailUrl":"https:\/\/dermaklinic.cl\/shop\/wp-content\/uploads\/2025\/06\/SombCaliforniaKidsRosa5.webp","datePublished":"2025-01-09T17:34:31+00:00","dateModified":"2025-07-07T15:38:06+00:00","breadcrumb":{"@id":"https:\/\/dermaklinic.cl\/shop\/producto\/sombrero-uv-50-california-kids\/#breadcrumb"},"inLanguage":"es","potentialAction":[{"@type":"ReadAction","target":["https:\/\/dermaklinic.cl\/shop\/producto\/sombrero-uv-50-california-kids\/"]}]},{"@type":"ImageObject","inLanguage":"es","@id":"https:\/\/dermaklinic.cl\/shop\/producto\/sombrero-uv-50-california-kids\/#primaryimage","url":"https:\/\/dermaklinic.cl\/shop\/wp-content\/uploads\/2025\/06\/SombCaliforniaKidsRosa5.webp","contentUrl":"https:\/\/dermaklinic.cl\/shop\/wp-content\/uploads\/2025\/06\/SombCaliforniaKidsRosa5.webp","width":1800,"height":1800},{"@type":"BreadcrumbList","@id":"https:\/\/dermaklinic.cl\/shop\/producto\/sombrero-uv-50-california-kids\/#breadcrumb","itemListElement":[{"@type":"ListItem","position":1,"name":"Inicio","item":"https:\/\/dermaklinic.cl\/shop\/"},{"@type":"ListItem","position":2,"name":"Tienda","item":"https:\/\/dermaklinic.cl\/shop\/tienda\/"},{"@type":"ListItem","position":3,"name":"Sombrero UV 50+ California Kids"}]},{"@type":"WebSite","@id":"https:\/\/dermaklinic.cl\/shop\/#website","url":"https:\/\/dermaklinic.cl\/shop\/","name":"Dermaklinic","description":"","potentialAction":[{"@type":"SearchAction","target":{"@type":"EntryPoint","urlTemplate":"https:\/\/dermaklinic.cl\/shop\/?s={search_term_string}"},"query-input":{"@type":"PropertyValueSpecification","valueRequired":true,"valueName":"search_term_string"}}],"inLanguage":"es"}]}},"_links":{"self":[{"href":"https:\/\/dermaklinic.cl\/shop\/wp-json\/wp\/v2\/product\/1199","targetHints":{"allow":["GET"]}}],"collection":[{"href":"https:\/\/dermaklinic.cl\/shop\/wp-json\/wp\/v2\/product"}],"about":[{"href":"https:\/\/dermaklinic.cl\/shop\/wp-json\/wp\/v2\/types\/product"}],"replies":[{"embeddable":true,"href":"https:\/\/dermaklinic.cl\/shop\/wp-json\/wp\/v2\/comments?post=1199"}],"version-history":[{"count":1,"href":"https:\/\/dermaklinic.cl\/shop\/wp-json\/wp\/v2\/product\/1199\/revisions"}],"predecessor-version":[{"id":1761,"href":"https:\/\/dermaklinic.cl\/shop\/wp-json\/wp\/v2\/product\/1199\/revisions\/1761"}],"wp:featuredmedia":[{"embeddable":true,"href":"https:\/\/dermaklinic.cl\/shop\/wp-json\/wp\/v2\/media\/1200"}],"wp:attachment":[{"href":"https:\/\/dermaklinic.cl\/shop\/wp-json\/wp\/v2\/media?parent=1199"}],"wp:term":[{"taxonomy":"product_brand","embeddable":true,"href":"https:\/\/dermaklinic.cl\/shop\/wp-json\/wp\/v2\/product_brand?post=1199"},{"taxonomy":"product_cat","embeddable":true,"href":"https:\/\/dermaklinic.cl\/shop\/wp-json\/wp\/v2\/product_cat?post=1199"},{"taxonomy":"product_tag","embeddable":true,"href":"https:\/\/dermaklinic.cl\/shop\/wp-json\/wp\/v2\/product_tag?post=1199"}],"curies":[{"name":"wp","href":"https:\/\/api.w.org\/{rel}","templated":true}]}}