{"id":1172,"date":"2025-01-08T19:34:39","date_gmt":"2025-01-08T22:34:39","guid":{"rendered":"https:\/\/dermaklinic.cl\/producto\/gorra-legionario-kids-uv-50-atacama\/"},"modified":"2025-12-03T12:11:03","modified_gmt":"2025-12-03T15:11:03","slug":"gorra-legionario-kids-uv-50-atacama","status":"publish","type":"product","link":"https:\/\/dermaklinic.cl\/shop\/producto\/gorra-legionario-kids-uv-50-atacama\/","title":{"rendered":"Gorra Legionario Baby UV 50+"},"content":{"rendered":"<p>Gorra infantil ideal para proteger la cabeza, orejas y nuca ya que dispone de visera detr\u00e1s de la cabeza. Adem\u00e1s cuenta con un cord\u00f3n el\u00e1stico con tope para un mejor ajuste de talla. Ideal para ni\u00f1os de hasta 6 a\u00f1os.<\/p>\n<ul>\n<li>M\u00e1xima protecci\u00f3n permanente FPU50+.<\/li>\n<li>Tejido 100% poliamida.<\/li>\n<li>Cord\u00f3n el\u00e1stico con tope para ajustar el tama\u00f1o de la gorra.<\/li>\n<li>Tiene un forro suave con tacto de algod\u00f3n.<\/li>\n<li>Excelente acabado.<\/li>\n<\/ul>\n<p>Consejos de lavado y limpieza:<br \/>\nLavar la prenda a mano con jab\u00f3n neutro, no utilizar lej\u00eda con cloro. Secado en l\u00ednea.<\/p>\n","protected":false},"excerpt":{"rendered":"<p><span style=\"font-weight: 400;\">Gorra ideal para proteger la cabeza, las orejas y la nuca. Cuenta con una visera fija que protege el cuello y las orejas. <\/span><span style=\"font-weight: 400;\">M\u00e1xima protecci\u00f3n UV permanente UPF50+.<\/span><\/p>\n","protected":false},"featured_media":1173,"comment_status":"closed","ping_status":"closed","template":"","meta":[],"product_brand":[99],"product_cat":[151,82,81,73,74,66,71],"product_tag":[],"class_list":{"0":"post-1172","1":"product","2":"type-product","3":"status-publish","4":"has-post-thumbnail","6":"product_brand-uv-line","7":"product_cat-accesorios-de-proteccion-solar","8":"product_cat-baby-baby","9":"product_cat-baby","10":"product_cat-gorra-uv-50","11":"product_cat-kids","12":"product_cat-seccion","13":"product_cat-sombreros-uv-50","14":"pa_color-marino","15":"pa_color-rosa","16":"pa_filtro-filtro-uv","17":"pa_marca-uv-line","19":"first","20":"instock","21":"purchasable","22":"product-type-variable"},"yoast_head":"<!-- This site is optimized with the Yoast SEO plugin v25.6 - https:\/\/yoast.com\/wordpress\/plugins\/seo\/ -->\n<title>Gorra Legionario Baby UV 50+ - Dermaklinic<\/title>\n<meta name=\"robots\" content=\"index, follow, max-snippet:-1, max-image-preview:large, max-video-preview:-1\" \/>\n<link rel=\"canonical\" href=\"https:\/\/dermaklinic.cl\/shop\/producto\/gorra-legionario-kids-uv-50-atacama\/\" \/>\n<meta property=\"og:locale\" content=\"es_ES\" \/>\n<meta property=\"og:type\" content=\"article\" \/>\n<meta property=\"og:title\" content=\"Gorra Legionario Baby UV 50+ - Dermaklinic\" \/>\n<meta property=\"og:description\" content=\"Gorra ideal para proteger la cabeza, las orejas y la nuca. Cuenta con una visera fija que protege el cuello y las orejas. M\u00e1xima protecci\u00f3n UV permanente UPF50+.\" \/>\n<meta property=\"og:url\" content=\"https:\/\/dermaklinic.cl\/shop\/producto\/gorra-legionario-kids-uv-50-atacama\/\" \/>\n<meta property=\"og:site_name\" content=\"Dermaklinic\" \/>\n<meta property=\"article:modified_time\" content=\"2025-12-03T15:11:03+00:00\" \/>\n<meta property=\"og:image\" content=\"https:\/\/dermaklinic.cl\/shop\/wp-content\/uploads\/2025\/06\/GorroAtacamaKidsAzulMarino1-1.webp\" \/>\n\t<meta property=\"og:image:width\" content=\"1800\" \/>\n\t<meta property=\"og:image:height\" content=\"1800\" \/>\n\t<meta property=\"og:image:type\" content=\"image\/webp\" \/>\n<meta name=\"twitter:card\" content=\"summary_large_image\" \/>\n<meta name=\"twitter:label1\" content=\"Tiempo de lectura\" \/>\n\t<meta name=\"twitter:data1\" content=\"1 minuto\" \/>\n<script type=\"application\/ld+json\" class=\"yoast-schema-graph\">{\"@context\":\"https:\/\/schema.org\",\"@graph\":[{\"@type\":\"WebPage\",\"@id\":\"https:\/\/dermaklinic.cl\/shop\/producto\/gorra-legionario-kids-uv-50-atacama\/\",\"url\":\"https:\/\/dermaklinic.cl\/shop\/producto\/gorra-legionario-kids-uv-50-atacama\/\",\"name\":\"Gorra Legionario Baby UV 50+ - Dermaklinic\",\"isPartOf\":{\"@id\":\"https:\/\/dermaklinic.cl\/shop\/#website\"},\"primaryImageOfPage\":{\"@id\":\"https:\/\/dermaklinic.cl\/shop\/producto\/gorra-legionario-kids-uv-50-atacama\/#primaryimage\"},\"image\":{\"@id\":\"https:\/\/dermaklinic.cl\/shop\/producto\/gorra-legionario-kids-uv-50-atacama\/#primaryimage\"},\"thumbnailUrl\":\"https:\/\/dermaklinic.cl\/shop\/wp-content\/uploads\/2025\/06\/GorroAtacamaKidsAzulMarino1-1.webp\",\"datePublished\":\"2025-01-08T22:34:39+00:00\",\"dateModified\":\"2025-12-03T15:11:03+00:00\",\"breadcrumb\":{\"@id\":\"https:\/\/dermaklinic.cl\/shop\/producto\/gorra-legionario-kids-uv-50-atacama\/#breadcrumb\"},\"inLanguage\":\"es\",\"potentialAction\":[{\"@type\":\"ReadAction\",\"target\":[\"https:\/\/dermaklinic.cl\/shop\/producto\/gorra-legionario-kids-uv-50-atacama\/\"]}]},{\"@type\":\"ImageObject\",\"inLanguage\":\"es\",\"@id\":\"https:\/\/dermaklinic.cl\/shop\/producto\/gorra-legionario-kids-uv-50-atacama\/#primaryimage\",\"url\":\"https:\/\/dermaklinic.cl\/shop\/wp-content\/uploads\/2025\/06\/GorroAtacamaKidsAzulMarino1-1.webp\",\"contentUrl\":\"https:\/\/dermaklinic.cl\/shop\/wp-content\/uploads\/2025\/06\/GorroAtacamaKidsAzulMarino1-1.webp\",\"width\":1800,\"height\":1800},{\"@type\":\"BreadcrumbList\",\"@id\":\"https:\/\/dermaklinic.cl\/shop\/producto\/gorra-legionario-kids-uv-50-atacama\/#breadcrumb\",\"itemListElement\":[{\"@type\":\"ListItem\",\"position\":1,\"name\":\"Inicio\",\"item\":\"https:\/\/dermaklinic.cl\/shop\/\"},{\"@type\":\"ListItem\",\"position\":2,\"name\":\"Tienda\",\"item\":\"https:\/\/dermaklinic.cl\/shop\/tienda\/\"},{\"@type\":\"ListItem\",\"position\":3,\"name\":\"Gorra Legionario Baby UV 50+\"}]},{\"@type\":\"WebSite\",\"@id\":\"https:\/\/dermaklinic.cl\/shop\/#website\",\"url\":\"https:\/\/dermaklinic.cl\/shop\/\",\"name\":\"Dermaklinic\",\"description\":\"\",\"potentialAction\":[{\"@type\":\"SearchAction\",\"target\":{\"@type\":\"EntryPoint\",\"urlTemplate\":\"https:\/\/dermaklinic.cl\/shop\/?s={search_term_string}\"},\"query-input\":{\"@type\":\"PropertyValueSpecification\",\"valueRequired\":true,\"valueName\":\"search_term_string\"}}],\"inLanguage\":\"es\"}]}<\/script>\n<!-- \/ Yoast SEO plugin. -->","yoast_head_json":{"title":"Gorra Legionario Baby UV 50+ - Dermaklinic","robots":{"index":"index","follow":"follow","max-snippet":"max-snippet:-1","max-image-preview":"max-image-preview:large","max-video-preview":"max-video-preview:-1"},"canonical":"https:\/\/dermaklinic.cl\/shop\/producto\/gorra-legionario-kids-uv-50-atacama\/","og_locale":"es_ES","og_type":"article","og_title":"Gorra Legionario Baby UV 50+ - Dermaklinic","og_description":"Gorra ideal para proteger la cabeza, las orejas y la nuca. Cuenta con una visera fija que protege el cuello y las orejas. M\u00e1xima protecci\u00f3n UV permanente UPF50+.","og_url":"https:\/\/dermaklinic.cl\/shop\/producto\/gorra-legionario-kids-uv-50-atacama\/","og_site_name":"Dermaklinic","article_modified_time":"2025-12-03T15:11:03+00:00","og_image":[{"width":1800,"height":1800,"url":"https:\/\/dermaklinic.cl\/shop\/wp-content\/uploads\/2025\/06\/GorroAtacamaKidsAzulMarino1-1.webp","type":"image\/webp"}],"twitter_card":"summary_large_image","twitter_misc":{"Tiempo de lectura":"1 minuto"},"schema":{"@context":"https:\/\/schema.org","@graph":[{"@type":"WebPage","@id":"https:\/\/dermaklinic.cl\/shop\/producto\/gorra-legionario-kids-uv-50-atacama\/","url":"https:\/\/dermaklinic.cl\/shop\/producto\/gorra-legionario-kids-uv-50-atacama\/","name":"Gorra Legionario Baby UV 50+ - Dermaklinic","isPartOf":{"@id":"https:\/\/dermaklinic.cl\/shop\/#website"},"primaryImageOfPage":{"@id":"https:\/\/dermaklinic.cl\/shop\/producto\/gorra-legionario-kids-uv-50-atacama\/#primaryimage"},"image":{"@id":"https:\/\/dermaklinic.cl\/shop\/producto\/gorra-legionario-kids-uv-50-atacama\/#primaryimage"},"thumbnailUrl":"https:\/\/dermaklinic.cl\/shop\/wp-content\/uploads\/2025\/06\/GorroAtacamaKidsAzulMarino1-1.webp","datePublished":"2025-01-08T22:34:39+00:00","dateModified":"2025-12-03T15:11:03+00:00","breadcrumb":{"@id":"https:\/\/dermaklinic.cl\/shop\/producto\/gorra-legionario-kids-uv-50-atacama\/#breadcrumb"},"inLanguage":"es","potentialAction":[{"@type":"ReadAction","target":["https:\/\/dermaklinic.cl\/shop\/producto\/gorra-legionario-kids-uv-50-atacama\/"]}]},{"@type":"ImageObject","inLanguage":"es","@id":"https:\/\/dermaklinic.cl\/shop\/producto\/gorra-legionario-kids-uv-50-atacama\/#primaryimage","url":"https:\/\/dermaklinic.cl\/shop\/wp-content\/uploads\/2025\/06\/GorroAtacamaKidsAzulMarino1-1.webp","contentUrl":"https:\/\/dermaklinic.cl\/shop\/wp-content\/uploads\/2025\/06\/GorroAtacamaKidsAzulMarino1-1.webp","width":1800,"height":1800},{"@type":"BreadcrumbList","@id":"https:\/\/dermaklinic.cl\/shop\/producto\/gorra-legionario-kids-uv-50-atacama\/#breadcrumb","itemListElement":[{"@type":"ListItem","position":1,"name":"Inicio","item":"https:\/\/dermaklinic.cl\/shop\/"},{"@type":"ListItem","position":2,"name":"Tienda","item":"https:\/\/dermaklinic.cl\/shop\/tienda\/"},{"@type":"ListItem","position":3,"name":"Gorra Legionario Baby UV 50+"}]},{"@type":"WebSite","@id":"https:\/\/dermaklinic.cl\/shop\/#website","url":"https:\/\/dermaklinic.cl\/shop\/","name":"Dermaklinic","description":"","potentialAction":[{"@type":"SearchAction","target":{"@type":"EntryPoint","urlTemplate":"https:\/\/dermaklinic.cl\/shop\/?s={search_term_string}"},"query-input":{"@type":"PropertyValueSpecification","valueRequired":true,"valueName":"search_term_string"}}],"inLanguage":"es"}]}},"_links":{"self":[{"href":"https:\/\/dermaklinic.cl\/shop\/wp-json\/wp\/v2\/product\/1172","targetHints":{"allow":["GET"]}}],"collection":[{"href":"https:\/\/dermaklinic.cl\/shop\/wp-json\/wp\/v2\/product"}],"about":[{"href":"https:\/\/dermaklinic.cl\/shop\/wp-json\/wp\/v2\/types\/product"}],"replies":[{"embeddable":true,"href":"https:\/\/dermaklinic.cl\/shop\/wp-json\/wp\/v2\/comments?post=1172"}],"version-history":[{"count":3,"href":"https:\/\/dermaklinic.cl\/shop\/wp-json\/wp\/v2\/product\/1172\/revisions"}],"predecessor-version":[{"id":2078,"href":"https:\/\/dermaklinic.cl\/shop\/wp-json\/wp\/v2\/product\/1172\/revisions\/2078"}],"wp:featuredmedia":[{"embeddable":true,"href":"https:\/\/dermaklinic.cl\/shop\/wp-json\/wp\/v2\/media\/1173"}],"wp:attachment":[{"href":"https:\/\/dermaklinic.cl\/shop\/wp-json\/wp\/v2\/media?parent=1172"}],"wp:term":[{"taxonomy":"product_brand","embeddable":true,"href":"https:\/\/dermaklinic.cl\/shop\/wp-json\/wp\/v2\/product_brand?post=1172"},{"taxonomy":"product_cat","embeddable":true,"href":"https:\/\/dermaklinic.cl\/shop\/wp-json\/wp\/v2\/product_cat?post=1172"},{"taxonomy":"product_tag","embeddable":true,"href":"https:\/\/dermaklinic.cl\/shop\/wp-json\/wp\/v2\/product_tag?post=1172"}],"curies":[{"name":"wp","href":"https:\/\/api.w.org\/{rel}","templated":true}]}}