{"id":1167,"date":"2025-01-08T12:24:13","date_gmt":"2025-01-08T15:24:13","guid":{"rendered":"https:\/\/dermaklinic.cl\/producto\/visera-uv-50-sienna-arena\/"},"modified":"2025-07-07T12:38:07","modified_gmt":"2025-07-07T15:38:07","slug":"visera-uv-50-sienna-arena","status":"publish","type":"product","link":"https:\/\/dermaklinic.cl\/shop\/producto\/visera-uv-50-sienna-arena\/","title":{"rendered":"Visera UV 50+ Sienna Arena"},"content":{"rendered":"<p><span style=\"font-weight: 400;\">La visera Sienna cuenta con protecci\u00f3n UV y forma parte de nuestro tope de gama, la elecci\u00f3n correcta para las mujeres que les gusta lucir bien arregladas en la playa. La gran ventaja es que es un producto con un ala grande como un sombrero, pero con forma de visera. Tiene una forma diferente que aporta elegancia a cualquier look. <\/span><\/p>\n<p><span style=\"font-weight: 400;\">Beneficios: La protecci\u00f3n no desaparece con la limpieza.\u00a0<\/span><\/p>\n<p><span style=\"font-weight: 400;\">Visera desarrollada en fibras de celulosa con ala muy ancha para proteger rostro y cuello, tiene copa hueca y ajuste con velcro. Se puede enrollar, facilitando el transporte, sin da\u00f1ar la visera, ya que lleva una estructura de hilo de nailon en la solapa.\u00a0<\/span><\/p>\n<p><span style=\"font-weight: 400;\">Medidas: Ala 10 cm \u2013 Circunferencia 58cm.<\/span><\/p>\n<p><span style=\"font-weight: 400;\">Parte interior de toalla.<\/span><\/p>\n<ul>\n<li><span style=\"font-size: 16px; font-weight: 400;\">M\u00e1xima protecci\u00f3n permanente FPU50+.<\/span><\/li>\n<li>Composici\u00f3n de fibras de papel y poli\u00e9ster.<\/li>\n<li><span style=\"font-weight: 400;\">Tratamiento protector aplicado directamente sobre la fibra de paja.<\/span><\/li>\n<li><span style=\"font-weight: 400;\">Ala ancha que refuerza la protecci\u00f3n de la cara y el regazo.<\/span><\/li>\n<li><span style=\"font-weight: 400;\">Copa abierta.<\/span><\/li>\n<li><span style=\"font-weight: 400;\">Ajuste con velcro.<\/span><\/li>\n<li><span style=\"font-weight: 400;\">La visera se puede enrollar y es f\u00e1cil de guardar.<\/span><\/li>\n<li><span style=\"font-weight: 400;\">Excelente acabado.<\/span><\/li>\n<\/ul>\n<p><span style=\"font-weight: 400;\">Consejos de lavado y limpieza:<\/span><\/p>\n<ul>\n<li><span style=\"font-size: 16px; font-weight: 400;\">Se recomienda limpiar con un pa\u00f1o suave humedecido con agua y jab\u00f3n neutro. No lo mojes, ya que esto podr\u00eda da\u00f1ar el producto.<\/span><\/li>\n<li><span style=\"font-weight: 400;\">Secar a la sombra.<\/span><\/li>\n<\/ul>\n","protected":false},"excerpt":{"rendered":"<p>Visera con protecci\u00f3n UV su gran ventaja es que es un producto con un ala grande como un sombrero, pero con forma de visera, tiene copa hueca y ajuste con velcro. M\u00e1xima protecci\u00f3n UV permanente UPF50+.<\/p>\n","protected":false},"featured_media":1081,"comment_status":"closed","ping_status":"open","template":"","meta":[],"product_brand":[99],"product_cat":[151,68,66,71,72],"product_tag":[],"class_list":{"0":"post-1167","1":"product","2":"type-product","3":"status-publish","4":"has-post-thumbnail","6":"product_brand-uv-line","7":"product_cat-accesorios-de-proteccion-solar","8":"product_cat-mujer","9":"product_cat-seccion","10":"product_cat-sombreros-uv-50","11":"product_cat-viseras-uv-50","12":"pa_color-arena","13":"pa_color-natural","14":"pa_filtro-filtro-uv","15":"pa_marca-uv-line","17":"first","18":"instock","19":"purchasable","20":"product-type-simple"},"yoast_head":"<!-- This site is optimized with the Yoast SEO plugin v25.6 - https:\/\/yoast.com\/wordpress\/plugins\/seo\/ -->\n<title>Visera UV 50+ Sienna Arena - Dermaklinic<\/title>\n<meta name=\"robots\" content=\"index, follow, max-snippet:-1, max-image-preview:large, max-video-preview:-1\" \/>\n<link rel=\"canonical\" href=\"https:\/\/dermaklinic.cl\/shop\/producto\/visera-uv-50-sienna-arena\/\" \/>\n<meta property=\"og:locale\" content=\"es_ES\" \/>\n<meta property=\"og:type\" content=\"article\" \/>\n<meta property=\"og:title\" content=\"Visera UV 50+ Sienna Arena - Dermaklinic\" \/>\n<meta property=\"og:description\" content=\"Visera con protecci\u00f3n UV su gran ventaja es que es un producto con un ala grande como un sombrero, pero con forma de visera, tiene copa hueca y ajuste con velcro. M\u00e1xima protecci\u00f3n UV permanente UPF50+.\" \/>\n<meta property=\"og:url\" content=\"https:\/\/dermaklinic.cl\/shop\/producto\/visera-uv-50-sienna-arena\/\" \/>\n<meta property=\"og:site_name\" content=\"Dermaklinic\" \/>\n<meta property=\"article:modified_time\" content=\"2025-07-07T15:38:07+00:00\" \/>\n<meta property=\"og:image\" content=\"https:\/\/dermaklinic.cl\/shop\/wp-content\/uploads\/2025\/06\/ViseraSiennaArena1.webp\" \/>\n\t<meta property=\"og:image:width\" content=\"1800\" \/>\n\t<meta property=\"og:image:height\" content=\"1800\" \/>\n\t<meta property=\"og:image:type\" content=\"image\/webp\" \/>\n<meta name=\"twitter:card\" content=\"summary_large_image\" \/>\n<meta name=\"twitter:label1\" content=\"Tiempo de lectura\" \/>\n\t<meta name=\"twitter:data1\" content=\"1 minuto\" \/>\n<script type=\"application\/ld+json\" class=\"yoast-schema-graph\">{\"@context\":\"https:\/\/schema.org\",\"@graph\":[{\"@type\":\"WebPage\",\"@id\":\"https:\/\/dermaklinic.cl\/shop\/producto\/visera-uv-50-sienna-arena\/\",\"url\":\"https:\/\/dermaklinic.cl\/shop\/producto\/visera-uv-50-sienna-arena\/\",\"name\":\"Visera UV 50+ Sienna Arena - Dermaklinic\",\"isPartOf\":{\"@id\":\"https:\/\/dermaklinic.cl\/shop\/#website\"},\"primaryImageOfPage\":{\"@id\":\"https:\/\/dermaklinic.cl\/shop\/producto\/visera-uv-50-sienna-arena\/#primaryimage\"},\"image\":{\"@id\":\"https:\/\/dermaklinic.cl\/shop\/producto\/visera-uv-50-sienna-arena\/#primaryimage\"},\"thumbnailUrl\":\"https:\/\/dermaklinic.cl\/shop\/wp-content\/uploads\/2025\/06\/ViseraSiennaArena1.webp\",\"datePublished\":\"2025-01-08T15:24:13+00:00\",\"dateModified\":\"2025-07-07T15:38:07+00:00\",\"breadcrumb\":{\"@id\":\"https:\/\/dermaklinic.cl\/shop\/producto\/visera-uv-50-sienna-arena\/#breadcrumb\"},\"inLanguage\":\"es\",\"potentialAction\":[{\"@type\":\"ReadAction\",\"target\":[\"https:\/\/dermaklinic.cl\/shop\/producto\/visera-uv-50-sienna-arena\/\"]}]},{\"@type\":\"ImageObject\",\"inLanguage\":\"es\",\"@id\":\"https:\/\/dermaklinic.cl\/shop\/producto\/visera-uv-50-sienna-arena\/#primaryimage\",\"url\":\"https:\/\/dermaklinic.cl\/shop\/wp-content\/uploads\/2025\/06\/ViseraSiennaArena1.webp\",\"contentUrl\":\"https:\/\/dermaklinic.cl\/shop\/wp-content\/uploads\/2025\/06\/ViseraSiennaArena1.webp\",\"width\":1800,\"height\":1800},{\"@type\":\"BreadcrumbList\",\"@id\":\"https:\/\/dermaklinic.cl\/shop\/producto\/visera-uv-50-sienna-arena\/#breadcrumb\",\"itemListElement\":[{\"@type\":\"ListItem\",\"position\":1,\"name\":\"Inicio\",\"item\":\"https:\/\/dermaklinic.cl\/shop\/\"},{\"@type\":\"ListItem\",\"position\":2,\"name\":\"Tienda\",\"item\":\"https:\/\/dermaklinic.cl\/shop\/tienda\/\"},{\"@type\":\"ListItem\",\"position\":3,\"name\":\"Visera UV 50+ Sienna Arena\"}]},{\"@type\":\"WebSite\",\"@id\":\"https:\/\/dermaklinic.cl\/shop\/#website\",\"url\":\"https:\/\/dermaklinic.cl\/shop\/\",\"name\":\"Dermaklinic\",\"description\":\"\",\"potentialAction\":[{\"@type\":\"SearchAction\",\"target\":{\"@type\":\"EntryPoint\",\"urlTemplate\":\"https:\/\/dermaklinic.cl\/shop\/?s={search_term_string}\"},\"query-input\":{\"@type\":\"PropertyValueSpecification\",\"valueRequired\":true,\"valueName\":\"search_term_string\"}}],\"inLanguage\":\"es\"}]}<\/script>\n<!-- \/ Yoast SEO plugin. -->","yoast_head_json":{"title":"Visera UV 50+ Sienna Arena - Dermaklinic","robots":{"index":"index","follow":"follow","max-snippet":"max-snippet:-1","max-image-preview":"max-image-preview:large","max-video-preview":"max-video-preview:-1"},"canonical":"https:\/\/dermaklinic.cl\/shop\/producto\/visera-uv-50-sienna-arena\/","og_locale":"es_ES","og_type":"article","og_title":"Visera UV 50+ Sienna Arena - Dermaklinic","og_description":"Visera con protecci\u00f3n UV su gran ventaja es que es un producto con un ala grande como un sombrero, pero con forma de visera, tiene copa hueca y ajuste con velcro. M\u00e1xima protecci\u00f3n UV permanente UPF50+.","og_url":"https:\/\/dermaklinic.cl\/shop\/producto\/visera-uv-50-sienna-arena\/","og_site_name":"Dermaklinic","article_modified_time":"2025-07-07T15:38:07+00:00","og_image":[{"width":1800,"height":1800,"url":"https:\/\/dermaklinic.cl\/shop\/wp-content\/uploads\/2025\/06\/ViseraSiennaArena1.webp","type":"image\/webp"}],"twitter_card":"summary_large_image","twitter_misc":{"Tiempo de lectura":"1 minuto"},"schema":{"@context":"https:\/\/schema.org","@graph":[{"@type":"WebPage","@id":"https:\/\/dermaklinic.cl\/shop\/producto\/visera-uv-50-sienna-arena\/","url":"https:\/\/dermaklinic.cl\/shop\/producto\/visera-uv-50-sienna-arena\/","name":"Visera UV 50+ Sienna Arena - Dermaklinic","isPartOf":{"@id":"https:\/\/dermaklinic.cl\/shop\/#website"},"primaryImageOfPage":{"@id":"https:\/\/dermaklinic.cl\/shop\/producto\/visera-uv-50-sienna-arena\/#primaryimage"},"image":{"@id":"https:\/\/dermaklinic.cl\/shop\/producto\/visera-uv-50-sienna-arena\/#primaryimage"},"thumbnailUrl":"https:\/\/dermaklinic.cl\/shop\/wp-content\/uploads\/2025\/06\/ViseraSiennaArena1.webp","datePublished":"2025-01-08T15:24:13+00:00","dateModified":"2025-07-07T15:38:07+00:00","breadcrumb":{"@id":"https:\/\/dermaklinic.cl\/shop\/producto\/visera-uv-50-sienna-arena\/#breadcrumb"},"inLanguage":"es","potentialAction":[{"@type":"ReadAction","target":["https:\/\/dermaklinic.cl\/shop\/producto\/visera-uv-50-sienna-arena\/"]}]},{"@type":"ImageObject","inLanguage":"es","@id":"https:\/\/dermaklinic.cl\/shop\/producto\/visera-uv-50-sienna-arena\/#primaryimage","url":"https:\/\/dermaklinic.cl\/shop\/wp-content\/uploads\/2025\/06\/ViseraSiennaArena1.webp","contentUrl":"https:\/\/dermaklinic.cl\/shop\/wp-content\/uploads\/2025\/06\/ViseraSiennaArena1.webp","width":1800,"height":1800},{"@type":"BreadcrumbList","@id":"https:\/\/dermaklinic.cl\/shop\/producto\/visera-uv-50-sienna-arena\/#breadcrumb","itemListElement":[{"@type":"ListItem","position":1,"name":"Inicio","item":"https:\/\/dermaklinic.cl\/shop\/"},{"@type":"ListItem","position":2,"name":"Tienda","item":"https:\/\/dermaklinic.cl\/shop\/tienda\/"},{"@type":"ListItem","position":3,"name":"Visera UV 50+ Sienna Arena"}]},{"@type":"WebSite","@id":"https:\/\/dermaklinic.cl\/shop\/#website","url":"https:\/\/dermaklinic.cl\/shop\/","name":"Dermaklinic","description":"","potentialAction":[{"@type":"SearchAction","target":{"@type":"EntryPoint","urlTemplate":"https:\/\/dermaklinic.cl\/shop\/?s={search_term_string}"},"query-input":{"@type":"PropertyValueSpecification","valueRequired":true,"valueName":"search_term_string"}}],"inLanguage":"es"}]}},"_links":{"self":[{"href":"https:\/\/dermaklinic.cl\/shop\/wp-json\/wp\/v2\/product\/1167","targetHints":{"allow":["GET"]}}],"collection":[{"href":"https:\/\/dermaklinic.cl\/shop\/wp-json\/wp\/v2\/product"}],"about":[{"href":"https:\/\/dermaklinic.cl\/shop\/wp-json\/wp\/v2\/types\/product"}],"replies":[{"embeddable":true,"href":"https:\/\/dermaklinic.cl\/shop\/wp-json\/wp\/v2\/comments?post=1167"}],"version-history":[{"count":1,"href":"https:\/\/dermaklinic.cl\/shop\/wp-json\/wp\/v2\/product\/1167\/revisions"}],"predecessor-version":[{"id":1766,"href":"https:\/\/dermaklinic.cl\/shop\/wp-json\/wp\/v2\/product\/1167\/revisions\/1766"}],"wp:featuredmedia":[{"embeddable":true,"href":"https:\/\/dermaklinic.cl\/shop\/wp-json\/wp\/v2\/media\/1081"}],"wp:attachment":[{"href":"https:\/\/dermaklinic.cl\/shop\/wp-json\/wp\/v2\/media?parent=1167"}],"wp:term":[{"taxonomy":"product_brand","embeddable":true,"href":"https:\/\/dermaklinic.cl\/shop\/wp-json\/wp\/v2\/product_brand?post=1167"},{"taxonomy":"product_cat","embeddable":true,"href":"https:\/\/dermaklinic.cl\/shop\/wp-json\/wp\/v2\/product_cat?post=1167"},{"taxonomy":"product_tag","embeddable":true,"href":"https:\/\/dermaklinic.cl\/shop\/wp-json\/wp\/v2\/product_tag?post=1167"}],"curies":[{"name":"wp","href":"https:\/\/api.w.org\/{rel}","templated":true}]}}