{"id":1162,"date":"2025-01-07T14:01:18","date_gmt":"2025-01-07T17:01:18","guid":{"rendered":"https:\/\/dermaklinic.cl\/producto\/guante-largo-uv-50-negro\/"},"modified":"2025-12-03T12:16:33","modified_gmt":"2025-12-03T15:16:33","slug":"guante-largo-uv-50-negro","status":"publish","type":"product","link":"https:\/\/dermaklinic.cl\/shop\/producto\/guante-largo-uv-50-negro\/","title":{"rendered":"Guante Largo UV 50+ Negro"},"content":{"rendered":"<p><span style=\"font-weight: 400;\">Este guante se diferencia por garantizar una cobertura hasta el codo, se puede utilizar en el agua y es ideal para proteger manos y antebrazos durante actividades ligeras, como el senderismo, y para el cuidado despu\u00e9s de tratamientos dermatol\u00f3gicos. Tambi\u00e9n se puede utilizar en agua.<\/span><\/p>\n<p><span style=\"font-weight: 400;\">Beneficios: La protecci\u00f3n no se elimina con el lavado. <\/span><\/p>\n<p><span style=\"font-weight: 400;\">Su tejido tiene un tacto agradable, es suave y confortable. Se seca r\u00e1pidamente y no provoca malos olores. Costuras con una puntada que no lastima la piel. La seda antideslizante en las manos garantiza seguridad y firmeza al conducir o manipular un instrumento deportivo. <\/span><\/p>\n<ul>\n<li><span style=\"font-size: 16px; font-weight: 400;\">M\u00e1xima protecci\u00f3n permanente FPU50+.<\/span><\/li>\n<li>Tejido de malla 90% poliamida 10% elastano.<\/li>\n<li><span style=\"font-weight: 400;\">Protecci\u00f3n hasta la mu\u00f1eca.<\/span><\/li>\n<li><span style=\"font-weight: 400;\">Seda antideslizante en la palma.<\/span><\/li>\n<li><span style=\"font-weight: 400;\">Tejido tecnol\u00f3gico de secado r\u00e1pido y que no provoca malos olores;<\/span><\/li>\n<li><span style=\"font-weight: 400;\">Excelente acabado.<\/span><\/li>\n<\/ul>\n<p><span style=\"font-weight: 400;\">Consejos de lavado y limpieza:<\/span><\/p>\n<ul>\n<li><span style=\"font-size: 16px; font-weight: 400;\">Lavar a mano suavemente con agua fr\u00eda y jab\u00f3n neutro. Secar a la sombra.<\/span><\/li>\n<li style=\"list-style-type: none;\"><\/li>\n<\/ul>\n","protected":false},"excerpt":{"rendered":"<p><span style=\"font-weight: 400;\">Cubre la piel desde el codo hasta las u\u00f1as. Ideal para quienes buscan proteger sus manos y tambi\u00e9n sus brazos. <\/span><\/p>\n<p><span style=\"font-weight: 400;\">M\u00e1xima protecci\u00f3n permanente FPU50+.<\/span><\/p>\n","protected":false},"featured_media":1163,"comment_status":"closed","ping_status":"closed","template":"","meta":[],"product_brand":[99],"product_cat":[151,70,64,67,68,66],"product_tag":[],"class_list":{"0":"post-1162","1":"product","2":"type-product","3":"status-publish","4":"has-post-thumbnail","6":"product_brand-uv-line","7":"product_cat-accesorios-de-proteccion-solar","8":"product_cat-guante-largo-uv-50","9":"product_cat-guantes-uv-50","10":"product_cat-hombre","11":"product_cat-mujer","12":"product_cat-seccion","13":"pa_color-negro","14":"pa_filtro-filtro-uv","15":"pa_marca-uv-line","17":"first","18":"instock","19":"purchasable","20":"product-type-simple"},"yoast_head":"<!-- This site is optimized with the Yoast SEO plugin v25.6 - https:\/\/yoast.com\/wordpress\/plugins\/seo\/ -->\n<title>Guante Largo UV 50+ Negro - Dermaklinic<\/title>\n<meta name=\"robots\" content=\"index, follow, max-snippet:-1, max-image-preview:large, max-video-preview:-1\" \/>\n<link rel=\"canonical\" href=\"https:\/\/dermaklinic.cl\/shop\/producto\/guante-largo-uv-50-negro\/\" \/>\n<meta property=\"og:locale\" content=\"es_ES\" \/>\n<meta property=\"og:type\" content=\"article\" \/>\n<meta property=\"og:title\" content=\"Guante Largo UV 50+ Negro - Dermaklinic\" \/>\n<meta property=\"og:description\" content=\"Cubre la piel desde el codo hasta las u\u00f1as. Ideal para quienes buscan proteger sus manos y tambi\u00e9n sus brazos.   M\u00e1xima protecci\u00f3n permanente FPU50+.\" \/>\n<meta property=\"og:url\" content=\"https:\/\/dermaklinic.cl\/shop\/producto\/guante-largo-uv-50-negro\/\" \/>\n<meta property=\"og:site_name\" content=\"Dermaklinic\" \/>\n<meta property=\"article:modified_time\" content=\"2025-12-03T15:16:33+00:00\" \/>\n<meta property=\"og:image\" content=\"https:\/\/dermaklinic.cl\/shop\/wp-content\/uploads\/2025\/06\/GuanteLargoNegro1.webp\" \/>\n\t<meta property=\"og:image:width\" content=\"1800\" \/>\n\t<meta property=\"og:image:height\" content=\"1800\" \/>\n\t<meta property=\"og:image:type\" content=\"image\/webp\" \/>\n<meta name=\"twitter:card\" content=\"summary_large_image\" \/>\n<meta name=\"twitter:label1\" content=\"Tiempo de lectura\" \/>\n\t<meta name=\"twitter:data1\" content=\"1 minuto\" \/>\n<script type=\"application\/ld+json\" class=\"yoast-schema-graph\">{\"@context\":\"https:\/\/schema.org\",\"@graph\":[{\"@type\":\"WebPage\",\"@id\":\"https:\/\/dermaklinic.cl\/shop\/producto\/guante-largo-uv-50-negro\/\",\"url\":\"https:\/\/dermaklinic.cl\/shop\/producto\/guante-largo-uv-50-negro\/\",\"name\":\"Guante Largo UV 50+ Negro - Dermaklinic\",\"isPartOf\":{\"@id\":\"https:\/\/dermaklinic.cl\/shop\/#website\"},\"primaryImageOfPage\":{\"@id\":\"https:\/\/dermaklinic.cl\/shop\/producto\/guante-largo-uv-50-negro\/#primaryimage\"},\"image\":{\"@id\":\"https:\/\/dermaklinic.cl\/shop\/producto\/guante-largo-uv-50-negro\/#primaryimage\"},\"thumbnailUrl\":\"https:\/\/dermaklinic.cl\/shop\/wp-content\/uploads\/2025\/06\/GuanteLargoNegro1.webp\",\"datePublished\":\"2025-01-07T17:01:18+00:00\",\"dateModified\":\"2025-12-03T15:16:33+00:00\",\"breadcrumb\":{\"@id\":\"https:\/\/dermaklinic.cl\/shop\/producto\/guante-largo-uv-50-negro\/#breadcrumb\"},\"inLanguage\":\"es\",\"potentialAction\":[{\"@type\":\"ReadAction\",\"target\":[\"https:\/\/dermaklinic.cl\/shop\/producto\/guante-largo-uv-50-negro\/\"]}]},{\"@type\":\"ImageObject\",\"inLanguage\":\"es\",\"@id\":\"https:\/\/dermaklinic.cl\/shop\/producto\/guante-largo-uv-50-negro\/#primaryimage\",\"url\":\"https:\/\/dermaklinic.cl\/shop\/wp-content\/uploads\/2025\/06\/GuanteLargoNegro1.webp\",\"contentUrl\":\"https:\/\/dermaklinic.cl\/shop\/wp-content\/uploads\/2025\/06\/GuanteLargoNegro1.webp\",\"width\":1800,\"height\":1800},{\"@type\":\"BreadcrumbList\",\"@id\":\"https:\/\/dermaklinic.cl\/shop\/producto\/guante-largo-uv-50-negro\/#breadcrumb\",\"itemListElement\":[{\"@type\":\"ListItem\",\"position\":1,\"name\":\"Inicio\",\"item\":\"https:\/\/dermaklinic.cl\/shop\/\"},{\"@type\":\"ListItem\",\"position\":2,\"name\":\"Tienda\",\"item\":\"https:\/\/dermaklinic.cl\/shop\/tienda\/\"},{\"@type\":\"ListItem\",\"position\":3,\"name\":\"Guante Largo UV 50+ Negro\"}]},{\"@type\":\"WebSite\",\"@id\":\"https:\/\/dermaklinic.cl\/shop\/#website\",\"url\":\"https:\/\/dermaklinic.cl\/shop\/\",\"name\":\"Dermaklinic\",\"description\":\"\",\"potentialAction\":[{\"@type\":\"SearchAction\",\"target\":{\"@type\":\"EntryPoint\",\"urlTemplate\":\"https:\/\/dermaklinic.cl\/shop\/?s={search_term_string}\"},\"query-input\":{\"@type\":\"PropertyValueSpecification\",\"valueRequired\":true,\"valueName\":\"search_term_string\"}}],\"inLanguage\":\"es\"}]}<\/script>\n<!-- \/ Yoast SEO plugin. -->","yoast_head_json":{"title":"Guante Largo UV 50+ Negro - Dermaklinic","robots":{"index":"index","follow":"follow","max-snippet":"max-snippet:-1","max-image-preview":"max-image-preview:large","max-video-preview":"max-video-preview:-1"},"canonical":"https:\/\/dermaklinic.cl\/shop\/producto\/guante-largo-uv-50-negro\/","og_locale":"es_ES","og_type":"article","og_title":"Guante Largo UV 50+ Negro - Dermaklinic","og_description":"Cubre la piel desde el codo hasta las u\u00f1as. Ideal para quienes buscan proteger sus manos y tambi\u00e9n sus brazos.   M\u00e1xima protecci\u00f3n permanente FPU50+.","og_url":"https:\/\/dermaklinic.cl\/shop\/producto\/guante-largo-uv-50-negro\/","og_site_name":"Dermaklinic","article_modified_time":"2025-12-03T15:16:33+00:00","og_image":[{"width":1800,"height":1800,"url":"https:\/\/dermaklinic.cl\/shop\/wp-content\/uploads\/2025\/06\/GuanteLargoNegro1.webp","type":"image\/webp"}],"twitter_card":"summary_large_image","twitter_misc":{"Tiempo de lectura":"1 minuto"},"schema":{"@context":"https:\/\/schema.org","@graph":[{"@type":"WebPage","@id":"https:\/\/dermaklinic.cl\/shop\/producto\/guante-largo-uv-50-negro\/","url":"https:\/\/dermaklinic.cl\/shop\/producto\/guante-largo-uv-50-negro\/","name":"Guante Largo UV 50+ Negro - Dermaklinic","isPartOf":{"@id":"https:\/\/dermaklinic.cl\/shop\/#website"},"primaryImageOfPage":{"@id":"https:\/\/dermaklinic.cl\/shop\/producto\/guante-largo-uv-50-negro\/#primaryimage"},"image":{"@id":"https:\/\/dermaklinic.cl\/shop\/producto\/guante-largo-uv-50-negro\/#primaryimage"},"thumbnailUrl":"https:\/\/dermaklinic.cl\/shop\/wp-content\/uploads\/2025\/06\/GuanteLargoNegro1.webp","datePublished":"2025-01-07T17:01:18+00:00","dateModified":"2025-12-03T15:16:33+00:00","breadcrumb":{"@id":"https:\/\/dermaklinic.cl\/shop\/producto\/guante-largo-uv-50-negro\/#breadcrumb"},"inLanguage":"es","potentialAction":[{"@type":"ReadAction","target":["https:\/\/dermaklinic.cl\/shop\/producto\/guante-largo-uv-50-negro\/"]}]},{"@type":"ImageObject","inLanguage":"es","@id":"https:\/\/dermaklinic.cl\/shop\/producto\/guante-largo-uv-50-negro\/#primaryimage","url":"https:\/\/dermaklinic.cl\/shop\/wp-content\/uploads\/2025\/06\/GuanteLargoNegro1.webp","contentUrl":"https:\/\/dermaklinic.cl\/shop\/wp-content\/uploads\/2025\/06\/GuanteLargoNegro1.webp","width":1800,"height":1800},{"@type":"BreadcrumbList","@id":"https:\/\/dermaklinic.cl\/shop\/producto\/guante-largo-uv-50-negro\/#breadcrumb","itemListElement":[{"@type":"ListItem","position":1,"name":"Inicio","item":"https:\/\/dermaklinic.cl\/shop\/"},{"@type":"ListItem","position":2,"name":"Tienda","item":"https:\/\/dermaklinic.cl\/shop\/tienda\/"},{"@type":"ListItem","position":3,"name":"Guante Largo UV 50+ Negro"}]},{"@type":"WebSite","@id":"https:\/\/dermaklinic.cl\/shop\/#website","url":"https:\/\/dermaklinic.cl\/shop\/","name":"Dermaklinic","description":"","potentialAction":[{"@type":"SearchAction","target":{"@type":"EntryPoint","urlTemplate":"https:\/\/dermaklinic.cl\/shop\/?s={search_term_string}"},"query-input":{"@type":"PropertyValueSpecification","valueRequired":true,"valueName":"search_term_string"}}],"inLanguage":"es"}]}},"_links":{"self":[{"href":"https:\/\/dermaklinic.cl\/shop\/wp-json\/wp\/v2\/product\/1162","targetHints":{"allow":["GET"]}}],"collection":[{"href":"https:\/\/dermaklinic.cl\/shop\/wp-json\/wp\/v2\/product"}],"about":[{"href":"https:\/\/dermaklinic.cl\/shop\/wp-json\/wp\/v2\/types\/product"}],"replies":[{"embeddable":true,"href":"https:\/\/dermaklinic.cl\/shop\/wp-json\/wp\/v2\/comments?post=1162"}],"version-history":[{"count":1,"href":"https:\/\/dermaklinic.cl\/shop\/wp-json\/wp\/v2\/product\/1162\/revisions"}],"predecessor-version":[{"id":1767,"href":"https:\/\/dermaklinic.cl\/shop\/wp-json\/wp\/v2\/product\/1162\/revisions\/1767"}],"wp:featuredmedia":[{"embeddable":true,"href":"https:\/\/dermaklinic.cl\/shop\/wp-json\/wp\/v2\/media\/1163"}],"wp:attachment":[{"href":"https:\/\/dermaklinic.cl\/shop\/wp-json\/wp\/v2\/media?parent=1162"}],"wp:term":[{"taxonomy":"product_brand","embeddable":true,"href":"https:\/\/dermaklinic.cl\/shop\/wp-json\/wp\/v2\/product_brand?post=1162"},{"taxonomy":"product_cat","embeddable":true,"href":"https:\/\/dermaklinic.cl\/shop\/wp-json\/wp\/v2\/product_cat?post=1162"},{"taxonomy":"product_tag","embeddable":true,"href":"https:\/\/dermaklinic.cl\/shop\/wp-json\/wp\/v2\/product_tag?post=1162"}],"curies":[{"name":"wp","href":"https:\/\/api.w.org\/{rel}","templated":true}]}}