{"id":1123,"date":"2024-12-12T15:34:23","date_gmt":"2024-12-12T18:34:23","guid":{"rendered":"https:\/\/dermaklinic.cl\/producto\/sombrero-uv-50-beverly-hills\/"},"modified":"2025-11-26T15:25:56","modified_gmt":"2025-11-26T18:25:56","slug":"sombrero-uv-50-beverly-hills","status":"publish","type":"product","link":"https:\/\/dermaklinic.cl\/shop\/producto\/sombrero-uv-50-beverly-hills\/","title":{"rendered":"Sombrero UV 50+ Beverly Hills"},"content":{"rendered":"<p><span style=\"font-weight: 400;\">Este sombrero es la opci\u00f3n de tela con un ala m\u00e1s grande, lo que garantiza una amplia protecci\u00f3n. Modelo muy vers\u00e1til, que se puede utilizar con el ala m\u00e1s grande mirando hacia delante, hacia los lados o hacia atr\u00e1s, seg\u00fan el estilo deseado o la posici\u00f3n del sol.\u00a0<\/span><\/p>\n<p><span style=\"font-weight: 400;\">Beneficios: La protecci\u00f3n no se elimina con el lavado. Se puede utilizar de diversas formas, tiene una maxi solapa que ofrece protecci\u00f3n solar para el rostro, cuello, nuca y hombros. Se puede llevar en bolsas de viaje.\u00a0<\/span><\/p>\n<p><span style=\"font-weight: 400;\">Medidas: Solapa frontal 11 cm; Solapa trasera 19,5 cm; Circunferencia de 58 cm y ajuste de talla mediante cord\u00f3n el\u00e1stico.<\/span><\/p>\n<ul>\n<li><span style=\"font-size: 16px; font-weight: 400;\">M\u00e1xima protecci\u00f3n permanente FPU50+.<\/span><\/li>\n<li>Composici\u00f3n del tejido en poliamida y poli\u00e9ster.<\/li>\n<li><span style=\"font-weight: 400;\">Maxi solapa: protecci\u00f3n de la cara, cuello, nuca y hombros.<\/span><\/li>\n<li><span style=\"font-weight: 400;\">Es vers\u00e1til y tiene dos tama\u00f1os de ala en un mismo sombrero.<\/span><\/li>\n<li><span style=\"font-weight: 400;\">Costuras en la solapa para dar estructura.<\/span><\/li>\n<li><span style=\"font-weight: 400;\">El\u00e1stico interno para ajuste de talla.<\/span><\/li>\n<li><span style=\"font-weight: 400;\">Excelente acabado.<\/span><\/li>\n<\/ul>\n<p><span style=\"font-weight: 400;\">Consejos de lavado y limpieza:<\/span><\/p>\n<ul>\n<li><span style=\"font-size: 16px; font-weight: 400;\">Lavar a mano suavemente con agua fr\u00eda y jab\u00f3n neutro. Secar a la sombra.<\/span><\/li>\n<li style=\"list-style-type: none;\"><\/li>\n<\/ul>\n","protected":false},"excerpt":{"rendered":"<p><span style=\"font-weight: 400;\">Este sombrero es la opci\u00f3n de tela con un ala m\u00e1s grande, lo que garantiza una amplia protecci\u00f3n. Tiene una maxi solapa que ofrece protecci\u00f3n solar para el rostro, cuello, nuca y hombros.\u00a0<\/span><span style=\"font-weight: 400;\">M\u00e1xima protecci\u00f3n UV permanente UPF50+.<\/span><\/p>\n","protected":false},"featured_media":1073,"comment_status":"closed","ping_status":"open","template":"","meta":[],"product_brand":[99],"product_cat":[151,68,66,71],"product_tag":[],"class_list":{"0":"post-1123","1":"product","2":"type-product","3":"status-publish","4":"has-post-thumbnail","6":"product_brand-uv-line","7":"product_cat-accesorios-de-proteccion-solar","8":"product_cat-mujer","9":"product_cat-seccion","10":"product_cat-sombreros-uv-50","11":"pa_color-azul-marino","12":"pa_color-negro","13":"pa_color-verde-militar","14":"pa_filtro-filtro-uv","15":"pa_marca-uv-line","16":"pa_seccion-mujer","18":"first","19":"instock","20":"purchasable","21":"product-type-variable"},"yoast_head":"<!-- This site is optimized with the Yoast SEO plugin v25.6 - https:\/\/yoast.com\/wordpress\/plugins\/seo\/ -->\n<title>Sombrero UV 50+ Beverly Hills - Dermaklinic<\/title>\n<meta name=\"robots\" content=\"index, follow, max-snippet:-1, max-image-preview:large, max-video-preview:-1\" \/>\n<link rel=\"canonical\" href=\"https:\/\/dermaklinic.cl\/shop\/producto\/sombrero-uv-50-beverly-hills\/\" \/>\n<meta property=\"og:locale\" content=\"es_ES\" \/>\n<meta property=\"og:type\" content=\"article\" \/>\n<meta property=\"og:title\" content=\"Sombrero UV 50+ Beverly Hills - Dermaklinic\" \/>\n<meta property=\"og:description\" content=\"Este sombrero es la opci\u00f3n de tela con un ala m\u00e1s grande, lo que garantiza una amplia protecci\u00f3n. Tiene una maxi solapa que ofrece protecci\u00f3n solar para el rostro, cuello, nuca y hombros.\u00a0M\u00e1xima protecci\u00f3n UV permanente UPF50+.\" \/>\n<meta property=\"og:url\" content=\"https:\/\/dermaklinic.cl\/shop\/producto\/sombrero-uv-50-beverly-hills\/\" \/>\n<meta property=\"og:site_name\" content=\"Dermaklinic\" \/>\n<meta property=\"article:modified_time\" content=\"2025-11-26T18:25:56+00:00\" \/>\n<meta property=\"og:image\" content=\"https:\/\/dermaklinic.cl\/shop\/wp-content\/uploads\/2025\/06\/SomBeverlyHillsNegro1.webp\" \/>\n\t<meta property=\"og:image:width\" content=\"1800\" \/>\n\t<meta property=\"og:image:height\" content=\"1800\" \/>\n\t<meta property=\"og:image:type\" content=\"image\/webp\" \/>\n<meta name=\"twitter:card\" content=\"summary_large_image\" \/>\n<meta name=\"twitter:label1\" content=\"Tiempo de lectura\" \/>\n\t<meta name=\"twitter:data1\" content=\"1 minuto\" \/>\n<script type=\"application\/ld+json\" class=\"yoast-schema-graph\">{\"@context\":\"https:\/\/schema.org\",\"@graph\":[{\"@type\":\"WebPage\",\"@id\":\"https:\/\/dermaklinic.cl\/shop\/producto\/sombrero-uv-50-beverly-hills\/\",\"url\":\"https:\/\/dermaklinic.cl\/shop\/producto\/sombrero-uv-50-beverly-hills\/\",\"name\":\"Sombrero UV 50+ Beverly Hills - Dermaklinic\",\"isPartOf\":{\"@id\":\"https:\/\/dermaklinic.cl\/shop\/#website\"},\"primaryImageOfPage\":{\"@id\":\"https:\/\/dermaklinic.cl\/shop\/producto\/sombrero-uv-50-beverly-hills\/#primaryimage\"},\"image\":{\"@id\":\"https:\/\/dermaklinic.cl\/shop\/producto\/sombrero-uv-50-beverly-hills\/#primaryimage\"},\"thumbnailUrl\":\"https:\/\/dermaklinic.cl\/shop\/wp-content\/uploads\/2025\/06\/SomBeverlyHillsNegro1.webp\",\"datePublished\":\"2024-12-12T18:34:23+00:00\",\"dateModified\":\"2025-11-26T18:25:56+00:00\",\"breadcrumb\":{\"@id\":\"https:\/\/dermaklinic.cl\/shop\/producto\/sombrero-uv-50-beverly-hills\/#breadcrumb\"},\"inLanguage\":\"es\",\"potentialAction\":[{\"@type\":\"ReadAction\",\"target\":[\"https:\/\/dermaklinic.cl\/shop\/producto\/sombrero-uv-50-beverly-hills\/\"]}]},{\"@type\":\"ImageObject\",\"inLanguage\":\"es\",\"@id\":\"https:\/\/dermaklinic.cl\/shop\/producto\/sombrero-uv-50-beverly-hills\/#primaryimage\",\"url\":\"https:\/\/dermaklinic.cl\/shop\/wp-content\/uploads\/2025\/06\/SomBeverlyHillsNegro1.webp\",\"contentUrl\":\"https:\/\/dermaklinic.cl\/shop\/wp-content\/uploads\/2025\/06\/SomBeverlyHillsNegro1.webp\",\"width\":1800,\"height\":1800},{\"@type\":\"BreadcrumbList\",\"@id\":\"https:\/\/dermaklinic.cl\/shop\/producto\/sombrero-uv-50-beverly-hills\/#breadcrumb\",\"itemListElement\":[{\"@type\":\"ListItem\",\"position\":1,\"name\":\"Inicio\",\"item\":\"https:\/\/dermaklinic.cl\/shop\/\"},{\"@type\":\"ListItem\",\"position\":2,\"name\":\"Tienda\",\"item\":\"https:\/\/dermaklinic.cl\/shop\/tienda\/\"},{\"@type\":\"ListItem\",\"position\":3,\"name\":\"Sombrero UV 50+ Beverly Hills\"}]},{\"@type\":\"WebSite\",\"@id\":\"https:\/\/dermaklinic.cl\/shop\/#website\",\"url\":\"https:\/\/dermaklinic.cl\/shop\/\",\"name\":\"Dermaklinic\",\"description\":\"\",\"potentialAction\":[{\"@type\":\"SearchAction\",\"target\":{\"@type\":\"EntryPoint\",\"urlTemplate\":\"https:\/\/dermaklinic.cl\/shop\/?s={search_term_string}\"},\"query-input\":{\"@type\":\"PropertyValueSpecification\",\"valueRequired\":true,\"valueName\":\"search_term_string\"}}],\"inLanguage\":\"es\"}]}<\/script>\n<!-- \/ Yoast SEO plugin. -->","yoast_head_json":{"title":"Sombrero UV 50+ Beverly Hills - Dermaklinic","robots":{"index":"index","follow":"follow","max-snippet":"max-snippet:-1","max-image-preview":"max-image-preview:large","max-video-preview":"max-video-preview:-1"},"canonical":"https:\/\/dermaklinic.cl\/shop\/producto\/sombrero-uv-50-beverly-hills\/","og_locale":"es_ES","og_type":"article","og_title":"Sombrero UV 50+ Beverly Hills - Dermaklinic","og_description":"Este sombrero es la opci\u00f3n de tela con un ala m\u00e1s grande, lo que garantiza una amplia protecci\u00f3n. Tiene una maxi solapa que ofrece protecci\u00f3n solar para el rostro, cuello, nuca y hombros.\u00a0M\u00e1xima protecci\u00f3n UV permanente UPF50+.","og_url":"https:\/\/dermaklinic.cl\/shop\/producto\/sombrero-uv-50-beverly-hills\/","og_site_name":"Dermaklinic","article_modified_time":"2025-11-26T18:25:56+00:00","og_image":[{"width":1800,"height":1800,"url":"https:\/\/dermaklinic.cl\/shop\/wp-content\/uploads\/2025\/06\/SomBeverlyHillsNegro1.webp","type":"image\/webp"}],"twitter_card":"summary_large_image","twitter_misc":{"Tiempo de lectura":"1 minuto"},"schema":{"@context":"https:\/\/schema.org","@graph":[{"@type":"WebPage","@id":"https:\/\/dermaklinic.cl\/shop\/producto\/sombrero-uv-50-beverly-hills\/","url":"https:\/\/dermaklinic.cl\/shop\/producto\/sombrero-uv-50-beverly-hills\/","name":"Sombrero UV 50+ Beverly Hills - Dermaklinic","isPartOf":{"@id":"https:\/\/dermaklinic.cl\/shop\/#website"},"primaryImageOfPage":{"@id":"https:\/\/dermaklinic.cl\/shop\/producto\/sombrero-uv-50-beverly-hills\/#primaryimage"},"image":{"@id":"https:\/\/dermaklinic.cl\/shop\/producto\/sombrero-uv-50-beverly-hills\/#primaryimage"},"thumbnailUrl":"https:\/\/dermaklinic.cl\/shop\/wp-content\/uploads\/2025\/06\/SomBeverlyHillsNegro1.webp","datePublished":"2024-12-12T18:34:23+00:00","dateModified":"2025-11-26T18:25:56+00:00","breadcrumb":{"@id":"https:\/\/dermaklinic.cl\/shop\/producto\/sombrero-uv-50-beverly-hills\/#breadcrumb"},"inLanguage":"es","potentialAction":[{"@type":"ReadAction","target":["https:\/\/dermaklinic.cl\/shop\/producto\/sombrero-uv-50-beverly-hills\/"]}]},{"@type":"ImageObject","inLanguage":"es","@id":"https:\/\/dermaklinic.cl\/shop\/producto\/sombrero-uv-50-beverly-hills\/#primaryimage","url":"https:\/\/dermaklinic.cl\/shop\/wp-content\/uploads\/2025\/06\/SomBeverlyHillsNegro1.webp","contentUrl":"https:\/\/dermaklinic.cl\/shop\/wp-content\/uploads\/2025\/06\/SomBeverlyHillsNegro1.webp","width":1800,"height":1800},{"@type":"BreadcrumbList","@id":"https:\/\/dermaklinic.cl\/shop\/producto\/sombrero-uv-50-beverly-hills\/#breadcrumb","itemListElement":[{"@type":"ListItem","position":1,"name":"Inicio","item":"https:\/\/dermaklinic.cl\/shop\/"},{"@type":"ListItem","position":2,"name":"Tienda","item":"https:\/\/dermaklinic.cl\/shop\/tienda\/"},{"@type":"ListItem","position":3,"name":"Sombrero UV 50+ Beverly Hills"}]},{"@type":"WebSite","@id":"https:\/\/dermaklinic.cl\/shop\/#website","url":"https:\/\/dermaklinic.cl\/shop\/","name":"Dermaklinic","description":"","potentialAction":[{"@type":"SearchAction","target":{"@type":"EntryPoint","urlTemplate":"https:\/\/dermaklinic.cl\/shop\/?s={search_term_string}"},"query-input":{"@type":"PropertyValueSpecification","valueRequired":true,"valueName":"search_term_string"}}],"inLanguage":"es"}]}},"_links":{"self":[{"href":"https:\/\/dermaklinic.cl\/shop\/wp-json\/wp\/v2\/product\/1123","targetHints":{"allow":["GET"]}}],"collection":[{"href":"https:\/\/dermaklinic.cl\/shop\/wp-json\/wp\/v2\/product"}],"about":[{"href":"https:\/\/dermaklinic.cl\/shop\/wp-json\/wp\/v2\/types\/product"}],"replies":[{"embeddable":true,"href":"https:\/\/dermaklinic.cl\/shop\/wp-json\/wp\/v2\/comments?post=1123"}],"version-history":[{"count":2,"href":"https:\/\/dermaklinic.cl\/shop\/wp-json\/wp\/v2\/product\/1123\/revisions"}],"predecessor-version":[{"id":1774,"href":"https:\/\/dermaklinic.cl\/shop\/wp-json\/wp\/v2\/product\/1123\/revisions\/1774"}],"wp:featuredmedia":[{"embeddable":true,"href":"https:\/\/dermaklinic.cl\/shop\/wp-json\/wp\/v2\/media\/1073"}],"wp:attachment":[{"href":"https:\/\/dermaklinic.cl\/shop\/wp-json\/wp\/v2\/media?parent=1123"}],"wp:term":[{"taxonomy":"product_brand","embeddable":true,"href":"https:\/\/dermaklinic.cl\/shop\/wp-json\/wp\/v2\/product_brand?post=1123"},{"taxonomy":"product_cat","embeddable":true,"href":"https:\/\/dermaklinic.cl\/shop\/wp-json\/wp\/v2\/product_cat?post=1123"},{"taxonomy":"product_tag","embeddable":true,"href":"https:\/\/dermaklinic.cl\/shop\/wp-json\/wp\/v2\/product_tag?post=1123"}],"curies":[{"name":"wp","href":"https:\/\/api.w.org\/{rel}","templated":true}]}}