{"id":1118,"date":"2024-12-12T15:34:23","date_gmt":"2024-12-12T18:34:23","guid":{"rendered":"https:\/\/dermaklinic.cl\/producto\/visera-uv-50-nice\/"},"modified":"2025-08-25T15:04:15","modified_gmt":"2025-08-25T19:04:15","slug":"visera-uv-50-nice","status":"publish","type":"product","link":"https:\/\/dermaklinic.cl\/shop\/producto\/visera-uv-50-nice\/","title":{"rendered":"Visera UV 50+ Nice"},"content":{"rendered":"<p><span style=\"font-weight: 400;\">Un modelo cl\u00e1sico, la visera UV Nice est\u00e1 confeccionada con tejido fotoprotector, garantizando una protecci\u00f3n total contra los rayos UV del rostro. Su dise\u00f1o te permite usarlo c\u00f3modamente, con el cabello recogido o suelto. Los recortes en la copa con forma de cu\u00f1a, permiten un ajuste ideal al usarlo.<\/span><\/p>\n<p><span style=\"font-weight: 400;\">Medidas: Ala 9 cm \u2013 Circunferencia 58cm.<\/span><\/p>\n<ul>\n<li><span style=\"font-size: 16px; font-weight: 400;\">M\u00e1xima protecci\u00f3n permanente UPF50+.<\/span><\/li>\n<li>100% poli\u00e9ster.<\/li>\n<li><span style=\"font-weight: 400;\">Ala m\u00e1s grande para protecci\u00f3n total del rostro.<\/span><\/li>\n<li><span style=\"font-weight: 400;\">Copa cerrada.<\/span><\/li>\n<li><span style=\"font-weight: 400;\">Recortes acanalados: ajuste anat\u00f3mico.<\/span><\/li>\n<li><span style=\"font-weight: 400;\">Espacio para sujetar el cabello.<\/span><\/li>\n<li><span style=\"font-weight: 400;\">Cierre exclusivo de velcro UV. LNE.<\/span><\/li>\n<li><span style=\"font-weight: 400;\">Excelente acabado.<\/span><\/li>\n<\/ul>\n","protected":false},"excerpt":{"rendered":"<p><span style=\"font-weight: 400;\">Visera de modelo cl\u00e1sico, la visera UV Nice est\u00e1 confeccionada con tejido fotoprotector, garantizando una protecci\u00f3n total contra los rayos UV del rostro. <\/span><span style=\"font-weight: 400;\">M\u00e1xima protecci\u00f3n UV permanente UPF50+. <\/span><\/p>\n","protected":false},"featured_media":1046,"comment_status":"closed","ping_status":"open","template":"","meta":[],"product_brand":[99],"product_cat":[151,68,66,71,72],"product_tag":[],"class_list":{"0":"post-1118","1":"product","2":"type-product","3":"status-publish","4":"has-post-thumbnail","6":"product_brand-uv-line","7":"product_cat-accesorios-de-proteccion-solar","8":"product_cat-mujer","9":"product_cat-seccion","10":"product_cat-sombreros-uv-50","11":"product_cat-viseras-uv-50","12":"pa_color-arena","13":"pa_color-azul-marino","14":"pa_color-negro","15":"pa_filtro-filtro-uv","16":"pa_marca-uv-line","17":"pa_seccion-mujer","19":"first","20":"instock","21":"purchasable","22":"product-type-variable"},"yoast_head":"<!-- This site is optimized with the Yoast SEO plugin v25.6 - https:\/\/yoast.com\/wordpress\/plugins\/seo\/ -->\n<title>Visera UV 50+ Nice - Dermaklinic<\/title>\n<meta name=\"robots\" content=\"index, follow, max-snippet:-1, max-image-preview:large, max-video-preview:-1\" \/>\n<link rel=\"canonical\" href=\"https:\/\/dermaklinic.cl\/shop\/producto\/visera-uv-50-nice\/\" \/>\n<meta property=\"og:locale\" content=\"es_ES\" \/>\n<meta property=\"og:type\" content=\"article\" \/>\n<meta property=\"og:title\" content=\"Visera UV 50+ Nice - Dermaklinic\" \/>\n<meta property=\"og:description\" content=\"Visera de modelo cl\u00e1sico, la visera UV Nice est\u00e1 confeccionada con tejido fotoprotector, garantizando una protecci\u00f3n total contra los rayos UV del rostro. M\u00e1xima protecci\u00f3n UV permanente UPF50+.\" \/>\n<meta property=\"og:url\" content=\"https:\/\/dermaklinic.cl\/shop\/producto\/visera-uv-50-nice\/\" \/>\n<meta property=\"og:site_name\" content=\"Dermaklinic\" \/>\n<meta property=\"article:modified_time\" content=\"2025-08-25T19:04:15+00:00\" \/>\n<meta property=\"og:image\" content=\"https:\/\/dermaklinic.cl\/shop\/wp-content\/uploads\/2025\/06\/ViseraNiceArena1.webp\" \/>\n\t<meta property=\"og:image:width\" content=\"1800\" \/>\n\t<meta property=\"og:image:height\" content=\"1800\" \/>\n\t<meta property=\"og:image:type\" content=\"image\/webp\" \/>\n<meta name=\"twitter:card\" content=\"summary_large_image\" \/>\n<script type=\"application\/ld+json\" class=\"yoast-schema-graph\">{\"@context\":\"https:\/\/schema.org\",\"@graph\":[{\"@type\":\"WebPage\",\"@id\":\"https:\/\/dermaklinic.cl\/shop\/producto\/visera-uv-50-nice\/\",\"url\":\"https:\/\/dermaklinic.cl\/shop\/producto\/visera-uv-50-nice\/\",\"name\":\"Visera UV 50+ Nice - Dermaklinic\",\"isPartOf\":{\"@id\":\"https:\/\/dermaklinic.cl\/shop\/#website\"},\"primaryImageOfPage\":{\"@id\":\"https:\/\/dermaklinic.cl\/shop\/producto\/visera-uv-50-nice\/#primaryimage\"},\"image\":{\"@id\":\"https:\/\/dermaklinic.cl\/shop\/producto\/visera-uv-50-nice\/#primaryimage\"},\"thumbnailUrl\":\"https:\/\/dermaklinic.cl\/shop\/wp-content\/uploads\/2025\/06\/ViseraNiceArena1.webp\",\"datePublished\":\"2024-12-12T18:34:23+00:00\",\"dateModified\":\"2025-08-25T19:04:15+00:00\",\"breadcrumb\":{\"@id\":\"https:\/\/dermaklinic.cl\/shop\/producto\/visera-uv-50-nice\/#breadcrumb\"},\"inLanguage\":\"es\",\"potentialAction\":[{\"@type\":\"ReadAction\",\"target\":[\"https:\/\/dermaklinic.cl\/shop\/producto\/visera-uv-50-nice\/\"]}]},{\"@type\":\"ImageObject\",\"inLanguage\":\"es\",\"@id\":\"https:\/\/dermaklinic.cl\/shop\/producto\/visera-uv-50-nice\/#primaryimage\",\"url\":\"https:\/\/dermaklinic.cl\/shop\/wp-content\/uploads\/2025\/06\/ViseraNiceArena1.webp\",\"contentUrl\":\"https:\/\/dermaklinic.cl\/shop\/wp-content\/uploads\/2025\/06\/ViseraNiceArena1.webp\",\"width\":1800,\"height\":1800},{\"@type\":\"BreadcrumbList\",\"@id\":\"https:\/\/dermaklinic.cl\/shop\/producto\/visera-uv-50-nice\/#breadcrumb\",\"itemListElement\":[{\"@type\":\"ListItem\",\"position\":1,\"name\":\"Inicio\",\"item\":\"https:\/\/dermaklinic.cl\/shop\/\"},{\"@type\":\"ListItem\",\"position\":2,\"name\":\"Tienda\",\"item\":\"https:\/\/dermaklinic.cl\/shop\/tienda\/\"},{\"@type\":\"ListItem\",\"position\":3,\"name\":\"Visera UV 50+ Nice\"}]},{\"@type\":\"WebSite\",\"@id\":\"https:\/\/dermaklinic.cl\/shop\/#website\",\"url\":\"https:\/\/dermaklinic.cl\/shop\/\",\"name\":\"Dermaklinic\",\"description\":\"\",\"potentialAction\":[{\"@type\":\"SearchAction\",\"target\":{\"@type\":\"EntryPoint\",\"urlTemplate\":\"https:\/\/dermaklinic.cl\/shop\/?s={search_term_string}\"},\"query-input\":{\"@type\":\"PropertyValueSpecification\",\"valueRequired\":true,\"valueName\":\"search_term_string\"}}],\"inLanguage\":\"es\"}]}<\/script>\n<!-- \/ Yoast SEO plugin. -->","yoast_head_json":{"title":"Visera UV 50+ Nice - Dermaklinic","robots":{"index":"index","follow":"follow","max-snippet":"max-snippet:-1","max-image-preview":"max-image-preview:large","max-video-preview":"max-video-preview:-1"},"canonical":"https:\/\/dermaklinic.cl\/shop\/producto\/visera-uv-50-nice\/","og_locale":"es_ES","og_type":"article","og_title":"Visera UV 50+ Nice - Dermaklinic","og_description":"Visera de modelo cl\u00e1sico, la visera UV Nice est\u00e1 confeccionada con tejido fotoprotector, garantizando una protecci\u00f3n total contra los rayos UV del rostro. M\u00e1xima protecci\u00f3n UV permanente UPF50+.","og_url":"https:\/\/dermaklinic.cl\/shop\/producto\/visera-uv-50-nice\/","og_site_name":"Dermaklinic","article_modified_time":"2025-08-25T19:04:15+00:00","og_image":[{"width":1800,"height":1800,"url":"https:\/\/dermaklinic.cl\/shop\/wp-content\/uploads\/2025\/06\/ViseraNiceArena1.webp","type":"image\/webp"}],"twitter_card":"summary_large_image","schema":{"@context":"https:\/\/schema.org","@graph":[{"@type":"WebPage","@id":"https:\/\/dermaklinic.cl\/shop\/producto\/visera-uv-50-nice\/","url":"https:\/\/dermaklinic.cl\/shop\/producto\/visera-uv-50-nice\/","name":"Visera UV 50+ Nice - Dermaklinic","isPartOf":{"@id":"https:\/\/dermaklinic.cl\/shop\/#website"},"primaryImageOfPage":{"@id":"https:\/\/dermaklinic.cl\/shop\/producto\/visera-uv-50-nice\/#primaryimage"},"image":{"@id":"https:\/\/dermaklinic.cl\/shop\/producto\/visera-uv-50-nice\/#primaryimage"},"thumbnailUrl":"https:\/\/dermaklinic.cl\/shop\/wp-content\/uploads\/2025\/06\/ViseraNiceArena1.webp","datePublished":"2024-12-12T18:34:23+00:00","dateModified":"2025-08-25T19:04:15+00:00","breadcrumb":{"@id":"https:\/\/dermaklinic.cl\/shop\/producto\/visera-uv-50-nice\/#breadcrumb"},"inLanguage":"es","potentialAction":[{"@type":"ReadAction","target":["https:\/\/dermaklinic.cl\/shop\/producto\/visera-uv-50-nice\/"]}]},{"@type":"ImageObject","inLanguage":"es","@id":"https:\/\/dermaklinic.cl\/shop\/producto\/visera-uv-50-nice\/#primaryimage","url":"https:\/\/dermaklinic.cl\/shop\/wp-content\/uploads\/2025\/06\/ViseraNiceArena1.webp","contentUrl":"https:\/\/dermaklinic.cl\/shop\/wp-content\/uploads\/2025\/06\/ViseraNiceArena1.webp","width":1800,"height":1800},{"@type":"BreadcrumbList","@id":"https:\/\/dermaklinic.cl\/shop\/producto\/visera-uv-50-nice\/#breadcrumb","itemListElement":[{"@type":"ListItem","position":1,"name":"Inicio","item":"https:\/\/dermaklinic.cl\/shop\/"},{"@type":"ListItem","position":2,"name":"Tienda","item":"https:\/\/dermaklinic.cl\/shop\/tienda\/"},{"@type":"ListItem","position":3,"name":"Visera UV 50+ Nice"}]},{"@type":"WebSite","@id":"https:\/\/dermaklinic.cl\/shop\/#website","url":"https:\/\/dermaklinic.cl\/shop\/","name":"Dermaklinic","description":"","potentialAction":[{"@type":"SearchAction","target":{"@type":"EntryPoint","urlTemplate":"https:\/\/dermaklinic.cl\/shop\/?s={search_term_string}"},"query-input":{"@type":"PropertyValueSpecification","valueRequired":true,"valueName":"search_term_string"}}],"inLanguage":"es"}]}},"_links":{"self":[{"href":"https:\/\/dermaklinic.cl\/shop\/wp-json\/wp\/v2\/product\/1118","targetHints":{"allow":["GET"]}}],"collection":[{"href":"https:\/\/dermaklinic.cl\/shop\/wp-json\/wp\/v2\/product"}],"about":[{"href":"https:\/\/dermaklinic.cl\/shop\/wp-json\/wp\/v2\/types\/product"}],"replies":[{"embeddable":true,"href":"https:\/\/dermaklinic.cl\/shop\/wp-json\/wp\/v2\/comments?post=1118"}],"version-history":[{"count":1,"href":"https:\/\/dermaklinic.cl\/shop\/wp-json\/wp\/v2\/product\/1118\/revisions"}],"predecessor-version":[{"id":1779,"href":"https:\/\/dermaklinic.cl\/shop\/wp-json\/wp\/v2\/product\/1118\/revisions\/1779"}],"wp:featuredmedia":[{"embeddable":true,"href":"https:\/\/dermaklinic.cl\/shop\/wp-json\/wp\/v2\/media\/1046"}],"wp:attachment":[{"href":"https:\/\/dermaklinic.cl\/shop\/wp-json\/wp\/v2\/media?parent=1118"}],"wp:term":[{"taxonomy":"product_brand","embeddable":true,"href":"https:\/\/dermaklinic.cl\/shop\/wp-json\/wp\/v2\/product_brand?post=1118"},{"taxonomy":"product_cat","embeddable":true,"href":"https:\/\/dermaklinic.cl\/shop\/wp-json\/wp\/v2\/product_cat?post=1118"},{"taxonomy":"product_tag","embeddable":true,"href":"https:\/\/dermaklinic.cl\/shop\/wp-json\/wp\/v2\/product_tag?post=1118"}],"curies":[{"name":"wp","href":"https:\/\/api.w.org\/{rel}","templated":true}]}}