{"id":76,"date":"2024-03-21T17:54:04","date_gmt":"2024-03-21T20:54:04","guid":{"rendered":"https:\/\/dermaklinic.cl\/?page_id=76"},"modified":"2024-06-16T14:45:20","modified_gmt":"2024-06-16T17:45:20","slug":"clinica","status":"publish","type":"page","link":"https:\/\/dermaklinic.cl\/shop\/clinica\/","title":{"rendered":"Cl\u00ednica"},"content":{"rendered":"\t\t<div data-elementor-type=\"wp-page\" data-elementor-id=\"76\" class=\"elementor elementor-76\" data-elementor-post-type=\"page\">\n\t\t\t\t<div class=\"elementor-element elementor-element-46e7fb0 e-con-full e-flex e-con e-parent\" data-id=\"46e7fb0\" data-element_type=\"container\" data-e-type=\"container\">\n\t\t<div class=\"elementor-element elementor-element-feda9c5 e-flex e-con-boxed e-con e-child\" data-id=\"feda9c5\" data-element_type=\"container\" data-e-type=\"container\">\n\t\t\t\t\t<div class=\"e-con-inner\">\n\t\t\t\t<div class=\"elementor-element elementor-element-5654ee2 elementor-widget elementor-widget-heading\" data-id=\"5654ee2\" data-element_type=\"widget\" data-e-type=\"widget\" data-widget_type=\"heading.default\">\n\t\t\t\t<div class=\"elementor-widget-container\">\n\t\t\t\t\t<h2 class=\"elementor-heading-title elementor-size-default\">Nuestra cl\u00ednica<\/h2>\t\t\t\t<\/div>\n\t\t\t\t<\/div>\n\t\t\t\t\t<\/div>\n\t\t\t\t<\/div>\n\t\t<div class=\"elementor-element elementor-element-20a7883 e-flex e-con-boxed e-con e-child\" data-id=\"20a7883\" data-element_type=\"container\" data-e-type=\"container\">\n\t\t\t\t\t<div class=\"e-con-inner\">\n\t\t\t\t<div class=\"elementor-element elementor-element-f05c7ad elementor-widget elementor-widget-text-editor\" data-id=\"f05c7ad\" data-element_type=\"widget\" data-e-type=\"widget\" data-widget_type=\"text-editor.default\">\n\t\t\t\t<div class=\"elementor-widget-container\">\n\t\t\t\t\t\t\t\t\t<p>Dermaklinic est\u00e1 dise\u00f1ada para ofrecer una nivel de atenci\u00f3n extraordinario a nuestros pacientes. En nuestros espacios buscamos acoger, entregar seguridad y confianza en el proceso de atenci\u00f3n. Contamos con instalaciones con tecnolog\u00eda de punta y nos enfocamos en entregar un servicio amable, eficiente y de la mayor excelencia t\u00e9cnica.<\/p>\t\t\t\t\t\t\t\t<\/div>\n\t\t\t\t<\/div>\n\t\t\t\t\t<\/div>\n\t\t\t\t<\/div>\n\t\t\t\t<\/div>\n\t\t<div class=\"elementor-element elementor-element-4210027 e-con-full e-flex e-con e-parent\" data-id=\"4210027\" data-element_type=\"container\" data-e-type=\"container\">\n\t\t\t\t<div class=\"elementor-element elementor-element-123561a elementor-arrows-position-inside elementor-pagination-position-outside elementor-widget elementor-widget-image-carousel\" data-id=\"123561a\" data-element_type=\"widget\" data-e-type=\"widget\" data-settings=\"{&quot;slides_to_show&quot;:&quot;1&quot;,&quot;lazyload&quot;:&quot;yes&quot;,&quot;navigation&quot;:&quot;both&quot;,&quot;autoplay&quot;:&quot;yes&quot;,&quot;pause_on_hover&quot;:&quot;yes&quot;,&quot;pause_on_interaction&quot;:&quot;yes&quot;,&quot;autoplay_speed&quot;:5000,&quot;infinite&quot;:&quot;yes&quot;,&quot;effect&quot;:&quot;slide&quot;,&quot;speed&quot;:500}\" data-widget_type=\"image-carousel.default\">\n\t\t\t\t<div class=\"elementor-widget-container\">\n\t\t\t\t\t\t\t<div class=\"elementor-image-carousel-wrapper swiper\" role=\"region\" aria-roledescription=\"carousel\" aria-label=\"Carrusel de im\u00e1genes\" dir=\"ltr\">\n\t\t\t<div class=\"elementor-image-carousel swiper-wrapper swiper-image-stretch\" aria-live=\"off\">\n\t\t\t\t\t\t\t\t<div class=\"swiper-slide\" role=\"group\" aria-roledescription=\"slide\" aria-label=\"1 de 3\"><figure class=\"swiper-slide-inner\"><img class=\"swiper-slide-image swiper-lazy\" data-src=\"https:\/\/dermaklinic.cl\/shop\/wp-content\/uploads\/2024\/06\/Untitled-Project-1-scaled.jpg\" alt=\"Untitled Project (1)\" \/><div class=\"swiper-lazy-preloader\"><\/div><\/figure><\/div><div class=\"swiper-slide\" role=\"group\" aria-roledescription=\"slide\" aria-label=\"2 de 3\"><figure class=\"swiper-slide-inner\"><img class=\"swiper-slide-image swiper-lazy\" data-src=\"https:\/\/dermaklinic.cl\/shop\/wp-content\/uploads\/2024\/06\/Untitled-Project-scaled.jpg\" alt=\"Untitled Project\" \/><div class=\"swiper-lazy-preloader\"><\/div><\/figure><\/div><div class=\"swiper-slide\" role=\"group\" aria-roledescription=\"slide\" aria-label=\"3 de 3\"><figure class=\"swiper-slide-inner\"><img class=\"swiper-slide-image swiper-lazy\" data-src=\"https:\/\/dermaklinic.cl\/shop\/wp-content\/uploads\/2024\/06\/A9B3FA90-A8CC-46AB-A5C0-BD00F848F4B4.jpg\" alt=\"A9B3FA90-A8CC-46AB-A5C0-BD00F848F4B4\" \/><div class=\"swiper-lazy-preloader\"><\/div><\/figure><\/div>\t\t\t<\/div>\n\t\t\t\t\t\t\t\t\t\t\t\t<div class=\"elementor-swiper-button elementor-swiper-button-prev\" role=\"button\" tabindex=\"0\">\n\t\t\t\t\t\t<svg aria-hidden=\"true\" class=\"e-font-icon-svg e-eicon-chevron-left\" viewBox=\"0 0 1000 1000\" xmlns=\"http:\/\/www.w3.org\/2000\/svg\"><path d=\"M646 125C629 125 613 133 604 142L308 442C296 454 292 471 292 487 292 504 296 521 308 533L604 854C617 867 629 875 646 875 663 875 679 871 692 858 704 846 713 829 713 812 713 796 708 779 692 767L438 487 692 225C700 217 708 204 708 187 708 171 704 154 692 142 675 129 663 125 646 125Z\"><\/path><\/svg>\t\t\t\t\t<\/div>\n\t\t\t\t\t<div class=\"elementor-swiper-button elementor-swiper-button-next\" role=\"button\" tabindex=\"0\">\n\t\t\t\t\t\t<svg aria-hidden=\"true\" class=\"e-font-icon-svg e-eicon-chevron-right\" viewBox=\"0 0 1000 1000\" xmlns=\"http:\/\/www.w3.org\/2000\/svg\"><path d=\"M696 533C708 521 713 504 713 487 713 471 708 454 696 446L400 146C388 133 375 125 354 125 338 125 325 129 313 142 300 154 292 171 292 187 292 204 296 221 308 233L563 492 304 771C292 783 288 800 288 817 288 833 296 850 308 863 321 871 338 875 354 875 371 875 388 867 400 854L696 533Z\"><\/path><\/svg>\t\t\t\t\t<\/div>\n\t\t\t\t\n\t\t\t\t\t\t\t\t\t<div class=\"swiper-pagination\"><\/div>\n\t\t\t\t\t\t\t\t\t<\/div>\n\t\t\t\t\t\t<\/div>\n\t\t\t\t<\/div>\n\t\t\t\t<\/div>\n\t\t\t\t<\/div>\n\t\t","protected":false},"excerpt":{"rendered":"<p>Nuestra cl\u00ednica Dermaklinic est\u00e1 dise\u00f1ada para ofrecer una nivel de atenci\u00f3n extraordinario a nuestros pacientes. En nuestros espacios buscamos acoger, entregar seguridad y confianza en el proceso de atenci\u00f3n. Contamos con instalaciones con tecnolog\u00eda de punta y nos enfocamos en entregar un servicio amable, eficiente y de la mayor excelencia t\u00e9cnica.<\/p>\n","protected":false},"author":3,"featured_media":0,"parent":0,"menu_order":0,"comment_status":"closed","ping_status":"closed","template":"","meta":{"footnotes":""},"class_list":["post-76","page","type-page","status-publish","hentry"],"yoast_head":"<!-- This site is optimized with the Yoast SEO plugin v25.6 - https:\/\/yoast.com\/wordpress\/plugins\/seo\/ -->\n<title>Cl\u00ednica - Dermaklinic<\/title>\n<meta name=\"robots\" content=\"index, follow, max-snippet:-1, max-image-preview:large, max-video-preview:-1\" \/>\n<link rel=\"canonical\" href=\"https:\/\/dermaklinic.cl\/shop\/clinica\/\" \/>\n<meta property=\"og:locale\" content=\"es_ES\" \/>\n<meta property=\"og:type\" content=\"article\" \/>\n<meta property=\"og:title\" content=\"Cl\u00ednica - Dermaklinic\" \/>\n<meta property=\"og:description\" content=\"Nuestra cl\u00ednica Dermaklinic est\u00e1 dise\u00f1ada para ofrecer una nivel de atenci\u00f3n extraordinario a nuestros pacientes. En nuestros espacios buscamos acoger, entregar seguridad y confianza en el proceso de atenci\u00f3n. Contamos con instalaciones con tecnolog\u00eda de punta y nos enfocamos en entregar un servicio amable, eficiente y de la mayor excelencia t\u00e9cnica.\" \/>\n<meta property=\"og:url\" content=\"https:\/\/dermaklinic.cl\/shop\/clinica\/\" \/>\n<meta property=\"og:site_name\" content=\"Dermaklinic\" \/>\n<meta property=\"article:modified_time\" content=\"2024-06-16T17:45:20+00:00\" \/>\n<meta property=\"og:image\" content=\"https:\/\/darkseagreen-mongoose-229039.hostingersite.com\/shop\/wp-content\/uploads\/2024\/06\/Untitled-Project-1-scaled.jpg\" \/>\n<meta name=\"twitter:card\" content=\"summary_large_image\" \/>\n<script type=\"application\/ld+json\" class=\"yoast-schema-graph\">{\"@context\":\"https:\/\/schema.org\",\"@graph\":[{\"@type\":\"WebPage\",\"@id\":\"https:\/\/dermaklinic.cl\/shop\/clinica\/\",\"url\":\"https:\/\/dermaklinic.cl\/shop\/clinica\/\",\"name\":\"Cl\u00ednica - Dermaklinic\",\"isPartOf\":{\"@id\":\"https:\/\/dermaklinic.cl\/shop\/#website\"},\"primaryImageOfPage\":{\"@id\":\"https:\/\/dermaklinic.cl\/shop\/clinica\/#primaryimage\"},\"image\":{\"@id\":\"https:\/\/dermaklinic.cl\/shop\/clinica\/#primaryimage\"},\"thumbnailUrl\":\"https:\/\/darkseagreen-mongoose-229039.hostingersite.com\/shop\/wp-content\/uploads\/2024\/06\/Untitled-Project-1-scaled.jpg\",\"datePublished\":\"2024-03-21T20:54:04+00:00\",\"dateModified\":\"2024-06-16T17:45:20+00:00\",\"breadcrumb\":{\"@id\":\"https:\/\/dermaklinic.cl\/shop\/clinica\/#breadcrumb\"},\"inLanguage\":\"es\",\"potentialAction\":[{\"@type\":\"ReadAction\",\"target\":[\"https:\/\/dermaklinic.cl\/shop\/clinica\/\"]}]},{\"@type\":\"ImageObject\",\"inLanguage\":\"es\",\"@id\":\"https:\/\/dermaklinic.cl\/shop\/clinica\/#primaryimage\",\"url\":\"https:\/\/darkseagreen-mongoose-229039.hostingersite.com\/shop\/wp-content\/uploads\/2024\/06\/Untitled-Project-1-scaled.jpg\",\"contentUrl\":\"https:\/\/darkseagreen-mongoose-229039.hostingersite.com\/shop\/wp-content\/uploads\/2024\/06\/Untitled-Project-1-scaled.jpg\"},{\"@type\":\"BreadcrumbList\",\"@id\":\"https:\/\/dermaklinic.cl\/shop\/clinica\/#breadcrumb\",\"itemListElement\":[{\"@type\":\"ListItem\",\"position\":1,\"name\":\"Inicio\",\"item\":\"https:\/\/dermaklinic.cl\/shop\/\"},{\"@type\":\"ListItem\",\"position\":2,\"name\":\"Cl\u00ednica\"}]},{\"@type\":\"WebSite\",\"@id\":\"https:\/\/dermaklinic.cl\/shop\/#website\",\"url\":\"https:\/\/dermaklinic.cl\/shop\/\",\"name\":\"Dermaklinic\",\"description\":\"\",\"potentialAction\":[{\"@type\":\"SearchAction\",\"target\":{\"@type\":\"EntryPoint\",\"urlTemplate\":\"https:\/\/dermaklinic.cl\/shop\/?s={search_term_string}\"},\"query-input\":{\"@type\":\"PropertyValueSpecification\",\"valueRequired\":true,\"valueName\":\"search_term_string\"}}],\"inLanguage\":\"es\"}]}<\/script>\n<!-- \/ Yoast SEO plugin. -->","yoast_head_json":{"title":"Cl\u00ednica - Dermaklinic","robots":{"index":"index","follow":"follow","max-snippet":"max-snippet:-1","max-image-preview":"max-image-preview:large","max-video-preview":"max-video-preview:-1"},"canonical":"https:\/\/dermaklinic.cl\/shop\/clinica\/","og_locale":"es_ES","og_type":"article","og_title":"Cl\u00ednica - Dermaklinic","og_description":"Nuestra cl\u00ednica Dermaklinic est\u00e1 dise\u00f1ada para ofrecer una nivel de atenci\u00f3n extraordinario a nuestros pacientes. En nuestros espacios buscamos acoger, entregar seguridad y confianza en el proceso de atenci\u00f3n. Contamos con instalaciones con tecnolog\u00eda de punta y nos enfocamos en entregar un servicio amable, eficiente y de la mayor excelencia t\u00e9cnica.","og_url":"https:\/\/dermaklinic.cl\/shop\/clinica\/","og_site_name":"Dermaklinic","article_modified_time":"2024-06-16T17:45:20+00:00","og_image":[{"url":"https:\/\/darkseagreen-mongoose-229039.hostingersite.com\/shop\/wp-content\/uploads\/2024\/06\/Untitled-Project-1-scaled.jpg","type":"","width":"","height":""}],"twitter_card":"summary_large_image","schema":{"@context":"https:\/\/schema.org","@graph":[{"@type":"WebPage","@id":"https:\/\/dermaklinic.cl\/shop\/clinica\/","url":"https:\/\/dermaklinic.cl\/shop\/clinica\/","name":"Cl\u00ednica - Dermaklinic","isPartOf":{"@id":"https:\/\/dermaklinic.cl\/shop\/#website"},"primaryImageOfPage":{"@id":"https:\/\/dermaklinic.cl\/shop\/clinica\/#primaryimage"},"image":{"@id":"https:\/\/dermaklinic.cl\/shop\/clinica\/#primaryimage"},"thumbnailUrl":"https:\/\/darkseagreen-mongoose-229039.hostingersite.com\/shop\/wp-content\/uploads\/2024\/06\/Untitled-Project-1-scaled.jpg","datePublished":"2024-03-21T20:54:04+00:00","dateModified":"2024-06-16T17:45:20+00:00","breadcrumb":{"@id":"https:\/\/dermaklinic.cl\/shop\/clinica\/#breadcrumb"},"inLanguage":"es","potentialAction":[{"@type":"ReadAction","target":["https:\/\/dermaklinic.cl\/shop\/clinica\/"]}]},{"@type":"ImageObject","inLanguage":"es","@id":"https:\/\/dermaklinic.cl\/shop\/clinica\/#primaryimage","url":"https:\/\/darkseagreen-mongoose-229039.hostingersite.com\/shop\/wp-content\/uploads\/2024\/06\/Untitled-Project-1-scaled.jpg","contentUrl":"https:\/\/darkseagreen-mongoose-229039.hostingersite.com\/shop\/wp-content\/uploads\/2024\/06\/Untitled-Project-1-scaled.jpg"},{"@type":"BreadcrumbList","@id":"https:\/\/dermaklinic.cl\/shop\/clinica\/#breadcrumb","itemListElement":[{"@type":"ListItem","position":1,"name":"Inicio","item":"https:\/\/dermaklinic.cl\/shop\/"},{"@type":"ListItem","position":2,"name":"Cl\u00ednica"}]},{"@type":"WebSite","@id":"https:\/\/dermaklinic.cl\/shop\/#website","url":"https:\/\/dermaklinic.cl\/shop\/","name":"Dermaklinic","description":"","potentialAction":[{"@type":"SearchAction","target":{"@type":"EntryPoint","urlTemplate":"https:\/\/dermaklinic.cl\/shop\/?s={search_term_string}"},"query-input":{"@type":"PropertyValueSpecification","valueRequired":true,"valueName":"search_term_string"}}],"inLanguage":"es"}]}},"_links":{"self":[{"href":"https:\/\/dermaklinic.cl\/shop\/wp-json\/wp\/v2\/pages\/76","targetHints":{"allow":["GET"]}}],"collection":[{"href":"https:\/\/dermaklinic.cl\/shop\/wp-json\/wp\/v2\/pages"}],"about":[{"href":"https:\/\/dermaklinic.cl\/shop\/wp-json\/wp\/v2\/types\/page"}],"author":[{"embeddable":true,"href":"https:\/\/dermaklinic.cl\/shop\/wp-json\/wp\/v2\/users\/3"}],"replies":[{"embeddable":true,"href":"https:\/\/dermaklinic.cl\/shop\/wp-json\/wp\/v2\/comments?post=76"}],"version-history":[{"count":16,"href":"https:\/\/dermaklinic.cl\/shop\/wp-json\/wp\/v2\/pages\/76\/revisions"}],"predecessor-version":[{"id":682,"href":"https:\/\/dermaklinic.cl\/shop\/wp-json\/wp\/v2\/pages\/76\/revisions\/682"}],"wp:attachment":[{"href":"https:\/\/dermaklinic.cl\/shop\/wp-json\/wp\/v2\/media?parent=76"}],"curies":[{"name":"wp","href":"https:\/\/api.w.org\/{rel}","templated":true}]}}