{"id":3,"date":"2024-03-21T15:31:15","date_gmt":"2024-03-21T18:31:15","guid":{"rendered":"https:\/\/dermaklinic.cl\/?page_id=3"},"modified":"2024-06-20T08:52:25","modified_gmt":"2024-06-20T11:52:25","slug":"politica-privacidad","status":"publish","type":"page","link":"https:\/\/dermaklinic.cl\/shop\/politica-privacidad\/","title":{"rendered":"Pol\u00edtica de privacidad"},"content":{"rendered":"\t\t<div data-elementor-type=\"wp-page\" data-elementor-id=\"3\" class=\"elementor elementor-3\" data-elementor-post-type=\"page\">\n\t\t\t\t<div class=\"elementor-element elementor-element-4c8de3bd e-flex e-con-boxed e-con e-parent\" data-id=\"4c8de3bd\" data-element_type=\"container\" data-e-type=\"container\">\n\t\t\t\t\t<div class=\"e-con-inner\">\n\t\t\t\t<div class=\"elementor-element elementor-element-129c865 elementor-widget elementor-widget-text-editor\" data-id=\"129c865\" data-element_type=\"widget\" data-e-type=\"widget\" data-widget_type=\"text-editor.default\">\n\t\t\t\t<div class=\"elementor-widget-container\">\n\t\t\t\t\t\t\t\t\t\n<h2 class=\"wp-block-heading\">POL\u00cdTICA DE PRIVACIDAD DEL SITIO WEB<\/h2>\n\n<h4 class=\"wp-block-heading\">https:\/\/darkseagreen-mongoose-229039.hostingersite.com\/shop<\/h4>\n\n<h3 class=\"wp-block-heading\">I. POL\u00cdTICA DE PRIVACIDAD Y PROTECCI\u00d3N DE DATOS<\/h3>\n\n<p>Respetando lo establecido en la legislaci\u00f3n vigente, Dermaklinic (en adelante, tambi\u00e9n Sitio Web) se compromete a adoptar las medidas t\u00e9cnicas y organizativas necesarias, seg\u00fan el nivel de seguridad adecuado al riesgo de los datos recogidos.<\/p>\n\n<h4 class=\"wp-block-heading\">Identidad del responsable del tratamiento de los datos personales<\/h4>\n\n<p>El responsable del tratamiento de los datos personales recogidos en Dermaklinic es: Servicios Medicos Proden, RUT 76009629-6\u00a0<\/p>\n<p>Sus datos de contacto son los siguientes:<\/p>\n\n<p>Direcci\u00f3n: Avenida La Dehesa 222, Of. 620, Lo Barnechea, Stgo, Chile<\/p>\n\n<p>Tel\u00e9fono de contacto:\u00a056933705284<\/p>\n\n<p>Email de contacto:\u00a0contacto@dermaklinic.cl<\/p>\n\n<p>\u00a0<\/p>\n\t\t\t\t\t\t\t\t<\/div>\n\t\t\t\t<\/div>\n\t\t\t\t\t<\/div>\n\t\t\t\t<\/div>\n\t\t\t\t<\/div>\n\t\t","protected":false},"excerpt":{"rendered":"<p>POL\u00cdTICA DE PRIVACIDAD DEL SITIO WEB https:\/\/darkseagreen-mongoose-229039.hostingersite.com\/shop I. POL\u00cdTICA DE PRIVACIDAD Y PROTECCI\u00d3N DE DATOS Respetando lo establecido en la legislaci\u00f3n vigente, Dermaklinic (en adelante, tambi\u00e9n Sitio Web) se compromete a adoptar las medidas t\u00e9cnicas y organizativas necesarias, seg\u00fan el nivel de seguridad adecuado al riesgo de los datos recogidos. Identidad del responsable del tratamiento [&hellip;]<\/p>\n","protected":false},"author":3,"featured_media":0,"parent":0,"menu_order":0,"comment_status":"closed","ping_status":"closed","template":"","meta":{"footnotes":""},"class_list":["post-3","page","type-page","status-publish","hentry"],"yoast_head":"<!-- This site is optimized with the Yoast SEO plugin v25.6 - https:\/\/yoast.com\/wordpress\/plugins\/seo\/ -->\n<title>Pol\u00edtica de privacidad - Dermaklinic<\/title>\n<meta name=\"robots\" content=\"index, follow, max-snippet:-1, max-image-preview:large, max-video-preview:-1\" \/>\n<link rel=\"canonical\" href=\"https:\/\/dermaklinic.cl\/shop\/politica-privacidad\/\" \/>\n<meta property=\"og:locale\" content=\"es_ES\" \/>\n<meta property=\"og:type\" content=\"article\" \/>\n<meta property=\"og:title\" content=\"Pol\u00edtica de privacidad - Dermaklinic\" \/>\n<meta property=\"og:description\" content=\"POL\u00cdTICA DE PRIVACIDAD DEL SITIO WEB https:\/\/darkseagreen-mongoose-229039.hostingersite.com\/shop I. POL\u00cdTICA DE PRIVACIDAD Y PROTECCI\u00d3N DE DATOS Respetando lo establecido en la legislaci\u00f3n vigente, Dermaklinic (en adelante, tambi\u00e9n Sitio Web) se compromete a adoptar las medidas t\u00e9cnicas y organizativas necesarias, seg\u00fan el nivel de seguridad adecuado al riesgo de los datos recogidos. Identidad del responsable del tratamiento [&hellip;]\" \/>\n<meta property=\"og:url\" content=\"https:\/\/dermaklinic.cl\/shop\/politica-privacidad\/\" \/>\n<meta property=\"og:site_name\" content=\"Dermaklinic\" \/>\n<meta property=\"article:modified_time\" content=\"2024-06-20T11:52:25+00:00\" \/>\n<meta name=\"twitter:card\" content=\"summary_large_image\" \/>\n<meta name=\"twitter:label1\" content=\"Tiempo de lectura\" \/>\n\t<meta name=\"twitter:data1\" content=\"1 minuto\" \/>\n<script type=\"application\/ld+json\" class=\"yoast-schema-graph\">{\"@context\":\"https:\/\/schema.org\",\"@graph\":[{\"@type\":\"WebPage\",\"@id\":\"https:\/\/dermaklinic.cl\/shop\/politica-privacidad\/\",\"url\":\"https:\/\/dermaklinic.cl\/shop\/politica-privacidad\/\",\"name\":\"Pol\u00edtica de privacidad - Dermaklinic\",\"isPartOf\":{\"@id\":\"https:\/\/dermaklinic.cl\/shop\/#website\"},\"datePublished\":\"2024-03-21T18:31:15+00:00\",\"dateModified\":\"2024-06-20T11:52:25+00:00\",\"breadcrumb\":{\"@id\":\"https:\/\/dermaklinic.cl\/shop\/politica-privacidad\/#breadcrumb\"},\"inLanguage\":\"es\",\"potentialAction\":[{\"@type\":\"ReadAction\",\"target\":[\"https:\/\/dermaklinic.cl\/shop\/politica-privacidad\/\"]}]},{\"@type\":\"BreadcrumbList\",\"@id\":\"https:\/\/dermaklinic.cl\/shop\/politica-privacidad\/#breadcrumb\",\"itemListElement\":[{\"@type\":\"ListItem\",\"position\":1,\"name\":\"Inicio\",\"item\":\"https:\/\/dermaklinic.cl\/shop\/\"},{\"@type\":\"ListItem\",\"position\":2,\"name\":\"Pol\u00edtica de privacidad\"}]},{\"@type\":\"WebSite\",\"@id\":\"https:\/\/dermaklinic.cl\/shop\/#website\",\"url\":\"https:\/\/dermaklinic.cl\/shop\/\",\"name\":\"Dermaklinic\",\"description\":\"\",\"potentialAction\":[{\"@type\":\"SearchAction\",\"target\":{\"@type\":\"EntryPoint\",\"urlTemplate\":\"https:\/\/dermaklinic.cl\/shop\/?s={search_term_string}\"},\"query-input\":{\"@type\":\"PropertyValueSpecification\",\"valueRequired\":true,\"valueName\":\"search_term_string\"}}],\"inLanguage\":\"es\"}]}<\/script>\n<!-- \/ Yoast SEO plugin. -->","yoast_head_json":{"title":"Pol\u00edtica de privacidad - Dermaklinic","robots":{"index":"index","follow":"follow","max-snippet":"max-snippet:-1","max-image-preview":"max-image-preview:large","max-video-preview":"max-video-preview:-1"},"canonical":"https:\/\/dermaklinic.cl\/shop\/politica-privacidad\/","og_locale":"es_ES","og_type":"article","og_title":"Pol\u00edtica de privacidad - Dermaklinic","og_description":"POL\u00cdTICA DE PRIVACIDAD DEL SITIO WEB https:\/\/darkseagreen-mongoose-229039.hostingersite.com\/shop I. POL\u00cdTICA DE PRIVACIDAD Y PROTECCI\u00d3N DE DATOS Respetando lo establecido en la legislaci\u00f3n vigente, Dermaklinic (en adelante, tambi\u00e9n Sitio Web) se compromete a adoptar las medidas t\u00e9cnicas y organizativas necesarias, seg\u00fan el nivel de seguridad adecuado al riesgo de los datos recogidos. Identidad del responsable del tratamiento [&hellip;]","og_url":"https:\/\/dermaklinic.cl\/shop\/politica-privacidad\/","og_site_name":"Dermaklinic","article_modified_time":"2024-06-20T11:52:25+00:00","twitter_card":"summary_large_image","twitter_misc":{"Tiempo de lectura":"1 minuto"},"schema":{"@context":"https:\/\/schema.org","@graph":[{"@type":"WebPage","@id":"https:\/\/dermaklinic.cl\/shop\/politica-privacidad\/","url":"https:\/\/dermaklinic.cl\/shop\/politica-privacidad\/","name":"Pol\u00edtica de privacidad - Dermaklinic","isPartOf":{"@id":"https:\/\/dermaklinic.cl\/shop\/#website"},"datePublished":"2024-03-21T18:31:15+00:00","dateModified":"2024-06-20T11:52:25+00:00","breadcrumb":{"@id":"https:\/\/dermaklinic.cl\/shop\/politica-privacidad\/#breadcrumb"},"inLanguage":"es","potentialAction":[{"@type":"ReadAction","target":["https:\/\/dermaklinic.cl\/shop\/politica-privacidad\/"]}]},{"@type":"BreadcrumbList","@id":"https:\/\/dermaklinic.cl\/shop\/politica-privacidad\/#breadcrumb","itemListElement":[{"@type":"ListItem","position":1,"name":"Inicio","item":"https:\/\/dermaklinic.cl\/shop\/"},{"@type":"ListItem","position":2,"name":"Pol\u00edtica de privacidad"}]},{"@type":"WebSite","@id":"https:\/\/dermaklinic.cl\/shop\/#website","url":"https:\/\/dermaklinic.cl\/shop\/","name":"Dermaklinic","description":"","potentialAction":[{"@type":"SearchAction","target":{"@type":"EntryPoint","urlTemplate":"https:\/\/dermaklinic.cl\/shop\/?s={search_term_string}"},"query-input":{"@type":"PropertyValueSpecification","valueRequired":true,"valueName":"search_term_string"}}],"inLanguage":"es"}]}},"_links":{"self":[{"href":"https:\/\/dermaklinic.cl\/shop\/wp-json\/wp\/v2\/pages\/3","targetHints":{"allow":["GET"]}}],"collection":[{"href":"https:\/\/dermaklinic.cl\/shop\/wp-json\/wp\/v2\/pages"}],"about":[{"href":"https:\/\/dermaklinic.cl\/shop\/wp-json\/wp\/v2\/types\/page"}],"author":[{"embeddable":true,"href":"https:\/\/dermaklinic.cl\/shop\/wp-json\/wp\/v2\/users\/3"}],"replies":[{"embeddable":true,"href":"https:\/\/dermaklinic.cl\/shop\/wp-json\/wp\/v2\/comments?post=3"}],"version-history":[{"count":8,"href":"https:\/\/dermaklinic.cl\/shop\/wp-json\/wp\/v2\/pages\/3\/revisions"}],"predecessor-version":[{"id":690,"href":"https:\/\/dermaklinic.cl\/shop\/wp-json\/wp\/v2\/pages\/3\/revisions\/690"}],"wp:attachment":[{"href":"https:\/\/dermaklinic.cl\/shop\/wp-json\/wp\/v2\/media?parent=3"}],"curies":[{"name":"wp","href":"https:\/\/api.w.org\/{rel}","templated":true}]}}